{"id":17617,"date":"2022-02-01T20:02:31","date_gmt":"2022-02-01T20:02:31","guid":{"rendered":"https:\/\/amedis.es\/tienda\/?post_type=product&#038;p=17617"},"modified":"2024-10-02T15:09:26","modified_gmt":"2024-10-02T15:09:26","slug":"plancha-base-mica-free-rosa-superior","status":"publish","type":"product","link":"https:\/\/amedis.es\/tienda\/producto\/plancha-base-mica-free-rosa-superior\/","title":{"rendered":"PLANCHA BASE MICA-FREE ROSA SUPERIOR"},"content":{"rendered":"<p>Plancha base Mica-Free rosa superior. Material termopl\u00e1stico para la confecci\u00f3n de planchas base (rosas). f\u00e1cil moldeado, grosor uniforme. una vez se enfr\u00eda mantiene la forma estable.<\/p>\n<p>ENVASE: 100 unidades.<\/p>\n<p>REFERENCIA 300049<\/p>\n","protected":false},"excerpt":{"rendered":"<p>CAVEX &#8211; PLANCHA BASE MICA-FREE ROSA SUPERIOR<\/p>\n","protected":false},"featured_media":17618,"template":"","meta":[],"pwb-brand":[2412],"product_brand":[],"product_cat":[1324,34,1325],"product_tag":[],"class_list":{"0":"post-17617","1":"product","2":"type-product","3":"status-publish","4":"has-post-thumbnail","6":"pwb-brand-cavex","7":"product_cat-consumibles-de-modelado","8":"product_cat-laboratorio","9":"product_cat-planchas-consumibles-de-elaboracion-de-modelos","11":"first","12":"instock","13":"sale","14":"taxable","15":"shipping-taxable","16":"purchasable","17":"product-type-simple"},"yoast_head":"<!-- This site is optimized with the Yoast SEO plugin v27.3 - https:\/\/yoast.com\/product\/yoast-seo-wordpress\/ -->\n<title>PLANCHA BASE MICA-FREE ROSA SUPERIOR | Amedis<\/title>\n<meta name=\"description\" content=\"Plancha base Mica-Free rosa superior. Material termopl\u00e1stico para la confecci\u00f3n de planchas base (rosas). f\u00e1cil moldeado\" \/>\n<meta name=\"robots\" content=\"index, follow, max-snippet:-1, max-image-preview:large, max-video-preview:-1\" \/>\n<link rel=\"canonical\" href=\"https:\/\/amedis.es\/tienda\/?product=plancha-base-mica-free-rosa-superior\" \/>\n<meta property=\"og:locale\" content=\"es_ES\" \/>\n<meta property=\"og:type\" content=\"article\" \/>\n<meta property=\"og:title\" content=\"PLANCHA BASE MICA-FREE ROSA SUPERIOR | Amedis\" \/>\n<meta property=\"og:description\" content=\"Plancha base Mica-Free rosa superior. Material termopl\u00e1stico para la confecci\u00f3n de planchas base (rosas). f\u00e1cil moldeado\" \/>\n<meta property=\"og:url\" content=\"https:\/\/amedis.es\/tienda\/?product=plancha-base-mica-free-rosa-superior\" \/>\n<meta property=\"og:site_name\" content=\"Amedis\" \/>\n<meta property=\"article:modified_time\" content=\"2024-10-02T15:09:26+00:00\" \/>\n<meta property=\"og:image\" content=\"https:\/\/amedis.es\/tienda\/wp-content\/uploads\/2022\/02\/PLANCHA-BASE-MICA-FREE-ROSA-SUPERIOR.jpg\" \/>\n\t<meta property=\"og:image:width\" content=\"600\" \/>\n\t<meta property=\"og:image:height\" content=\"600\" \/>\n\t<meta property=\"og:image:type\" content=\"image\/jpeg\" \/>\n<meta name=\"twitter:card\" content=\"summary_large_image\" \/>\n<script type=\"application\/ld+json\" class=\"yoast-schema-graph\">{\"@context\":\"https:\\\/\\\/schema.org\",\"@graph\":[{\"@type\":\"WebPage\",\"@id\":\"https:\\\/\\\/amedis.es\\\/tienda\\\/?product=plancha-base-mica-free-rosa-superior\",\"url\":\"https:\\\/\\\/amedis.es\\\/tienda\\\/?product=plancha-base-mica-free-rosa-superior\",\"name\":\"PLANCHA BASE MICA-FREE ROSA SUPERIOR | Amedis\",\"isPartOf\":{\"@id\":\"https:\\\/\\\/amedis.es\\\/tienda\\\/#website\"},\"primaryImageOfPage\":{\"@id\":\"https:\\\/\\\/amedis.es\\\/tienda\\\/?product=plancha-base-mica-free-rosa-superior#primaryimage\"},\"image\":{\"@id\":\"https:\\\/\\\/amedis.es\\\/tienda\\\/?product=plancha-base-mica-free-rosa-superior#primaryimage\"},\"thumbnailUrl\":\"https:\\\/\\\/amedis.es\\\/tienda\\\/wp-content\\\/uploads\\\/2022\\\/02\\\/PLANCHA-BASE-MICA-FREE-ROSA-SUPERIOR.jpg\",\"datePublished\":\"2022-02-01T20:02:31+00:00\",\"dateModified\":\"2024-10-02T15:09:26+00:00\",\"description\":\"Plancha base Mica-Free rosa superior. Material termopl\u00e1stico para la confecci\u00f3n de planchas base (rosas). f\u00e1cil moldeado\",\"breadcrumb\":{\"@id\":\"https:\\\/\\\/amedis.es\\\/tienda\\\/?product=plancha-base-mica-free-rosa-superior#breadcrumb\"},\"inLanguage\":\"es\",\"potentialAction\":[{\"@type\":\"ReadAction\",\"target\":[\"https:\\\/\\\/amedis.es\\\/tienda\\\/?product=plancha-base-mica-free-rosa-superior\"]}]},{\"@type\":\"ImageObject\",\"inLanguage\":\"es\",\"@id\":\"https:\\\/\\\/amedis.es\\\/tienda\\\/?product=plancha-base-mica-free-rosa-superior#primaryimage\",\"url\":\"https:\\\/\\\/amedis.es\\\/tienda\\\/wp-content\\\/uploads\\\/2022\\\/02\\\/PLANCHA-BASE-MICA-FREE-ROSA-SUPERIOR.jpg\",\"contentUrl\":\"https:\\\/\\\/amedis.es\\\/tienda\\\/wp-content\\\/uploads\\\/2022\\\/02\\\/PLANCHA-BASE-MICA-FREE-ROSA-SUPERIOR.jpg\",\"width\":600,\"height\":600,\"caption\":\"Amedis PLANCHA BASE MICA-FREE ROSA SUPERIOR\"},{\"@type\":\"BreadcrumbList\",\"@id\":\"https:\\\/\\\/amedis.es\\\/tienda\\\/?product=plancha-base-mica-free-rosa-superior#breadcrumb\",\"itemListElement\":[{\"@type\":\"ListItem\",\"position\":1,\"name\":\"Portada\",\"item\":\"https:\\\/\\\/amedis.es\\\/tienda\\\/\"},{\"@type\":\"ListItem\",\"position\":2,\"name\":\"Amedis | Suministros M\u00e9dicos y Dentales | Tienda\",\"item\":\"https:\\\/\\\/amedis.es\\\/tienda\\\/suministros-medicos-y-dentales\\\/\"},{\"@type\":\"ListItem\",\"position\":3,\"name\":\"PLANCHA BASE MICA-FREE ROSA SUPERIOR\"}]},{\"@type\":\"WebSite\",\"@id\":\"https:\\\/\\\/amedis.es\\\/tienda\\\/#website\",\"url\":\"https:\\\/\\\/amedis.es\\\/tienda\\\/\",\"name\":\"Amedis\",\"description\":\"Suministros M\u00e9dicos y Dentales\",\"publisher\":{\"@id\":\"https:\\\/\\\/amedis.es\\\/tienda\\\/#organization\"},\"potentialAction\":[{\"@type\":\"SearchAction\",\"target\":{\"@type\":\"EntryPoint\",\"urlTemplate\":\"https:\\\/\\\/amedis.es\\\/tienda\\\/?s={search_term_string}\"},\"query-input\":{\"@type\":\"PropertyValueSpecification\",\"valueRequired\":true,\"valueName\":\"search_term_string\"}}],\"inLanguage\":\"es\"},{\"@type\":\"Organization\",\"@id\":\"https:\\\/\\\/amedis.es\\\/tienda\\\/#organization\",\"name\":\"Amedis | Suministros M\u00e9dicos y Dentales\",\"url\":\"https:\\\/\\\/amedis.es\\\/tienda\\\/\",\"logo\":{\"@type\":\"ImageObject\",\"inLanguage\":\"es\",\"@id\":\"https:\\\/\\\/amedis.es\\\/tienda\\\/#\\\/schema\\\/logo\\\/image\\\/\",\"url\":\"https:\\\/\\\/amedis.es\\\/tienda\\\/wp-content\\\/uploads\\\/2020\\\/05\\\/logo-1.png\",\"contentUrl\":\"https:\\\/\\\/amedis.es\\\/tienda\\\/wp-content\\\/uploads\\\/2020\\\/05\\\/logo-1.png\",\"width\":191,\"height\":80,\"caption\":\"Amedis | Suministros M\u00e9dicos y Dentales\"},\"image\":{\"@id\":\"https:\\\/\\\/amedis.es\\\/tienda\\\/#\\\/schema\\\/logo\\\/image\\\/\"}}]}<\/script>\n<!-- \/ Yoast SEO plugin. -->","yoast_head_json":{"title":"PLANCHA BASE MICA-FREE ROSA SUPERIOR | Amedis","description":"Plancha base Mica-Free rosa superior. Material termopl\u00e1stico para la confecci\u00f3n de planchas base (rosas). f\u00e1cil moldeado","robots":{"index":"index","follow":"follow","max-snippet":"max-snippet:-1","max-image-preview":"max-image-preview:large","max-video-preview":"max-video-preview:-1"},"canonical":"https:\/\/amedis.es\/tienda\/?product=plancha-base-mica-free-rosa-superior","og_locale":"es_ES","og_type":"article","og_title":"PLANCHA BASE MICA-FREE ROSA SUPERIOR | Amedis","og_description":"Plancha base Mica-Free rosa superior. Material termopl\u00e1stico para la confecci\u00f3n de planchas base (rosas). f\u00e1cil moldeado","og_url":"https:\/\/amedis.es\/tienda\/?product=plancha-base-mica-free-rosa-superior","og_site_name":"Amedis","article_modified_time":"2024-10-02T15:09:26+00:00","og_image":[{"width":600,"height":600,"url":"https:\/\/amedis.es\/tienda\/wp-content\/uploads\/2022\/02\/PLANCHA-BASE-MICA-FREE-ROSA-SUPERIOR.jpg","type":"image\/jpeg"}],"twitter_card":"summary_large_image","schema":{"@context":"https:\/\/schema.org","@graph":[{"@type":"WebPage","@id":"https:\/\/amedis.es\/tienda\/?product=plancha-base-mica-free-rosa-superior","url":"https:\/\/amedis.es\/tienda\/?product=plancha-base-mica-free-rosa-superior","name":"PLANCHA BASE MICA-FREE ROSA SUPERIOR | Amedis","isPartOf":{"@id":"https:\/\/amedis.es\/tienda\/#website"},"primaryImageOfPage":{"@id":"https:\/\/amedis.es\/tienda\/?product=plancha-base-mica-free-rosa-superior#primaryimage"},"image":{"@id":"https:\/\/amedis.es\/tienda\/?product=plancha-base-mica-free-rosa-superior#primaryimage"},"thumbnailUrl":"https:\/\/amedis.es\/tienda\/wp-content\/uploads\/2022\/02\/PLANCHA-BASE-MICA-FREE-ROSA-SUPERIOR.jpg","datePublished":"2022-02-01T20:02:31+00:00","dateModified":"2024-10-02T15:09:26+00:00","description":"Plancha base Mica-Free rosa superior. Material termopl\u00e1stico para la confecci\u00f3n de planchas base (rosas). f\u00e1cil moldeado","breadcrumb":{"@id":"https:\/\/amedis.es\/tienda\/?product=plancha-base-mica-free-rosa-superior#breadcrumb"},"inLanguage":"es","potentialAction":[{"@type":"ReadAction","target":["https:\/\/amedis.es\/tienda\/?product=plancha-base-mica-free-rosa-superior"]}]},{"@type":"ImageObject","inLanguage":"es","@id":"https:\/\/amedis.es\/tienda\/?product=plancha-base-mica-free-rosa-superior#primaryimage","url":"https:\/\/amedis.es\/tienda\/wp-content\/uploads\/2022\/02\/PLANCHA-BASE-MICA-FREE-ROSA-SUPERIOR.jpg","contentUrl":"https:\/\/amedis.es\/tienda\/wp-content\/uploads\/2022\/02\/PLANCHA-BASE-MICA-FREE-ROSA-SUPERIOR.jpg","width":600,"height":600,"caption":"Amedis PLANCHA BASE MICA-FREE ROSA SUPERIOR"},{"@type":"BreadcrumbList","@id":"https:\/\/amedis.es\/tienda\/?product=plancha-base-mica-free-rosa-superior#breadcrumb","itemListElement":[{"@type":"ListItem","position":1,"name":"Portada","item":"https:\/\/amedis.es\/tienda\/"},{"@type":"ListItem","position":2,"name":"Amedis | Suministros M\u00e9dicos y Dentales | Tienda","item":"https:\/\/amedis.es\/tienda\/suministros-medicos-y-dentales\/"},{"@type":"ListItem","position":3,"name":"PLANCHA BASE MICA-FREE ROSA SUPERIOR"}]},{"@type":"WebSite","@id":"https:\/\/amedis.es\/tienda\/#website","url":"https:\/\/amedis.es\/tienda\/","name":"Amedis","description":"Suministros M\u00e9dicos y Dentales","publisher":{"@id":"https:\/\/amedis.es\/tienda\/#organization"},"potentialAction":[{"@type":"SearchAction","target":{"@type":"EntryPoint","urlTemplate":"https:\/\/amedis.es\/tienda\/?s={search_term_string}"},"query-input":{"@type":"PropertyValueSpecification","valueRequired":true,"valueName":"search_term_string"}}],"inLanguage":"es"},{"@type":"Organization","@id":"https:\/\/amedis.es\/tienda\/#organization","name":"Amedis | Suministros M\u00e9dicos y Dentales","url":"https:\/\/amedis.es\/tienda\/","logo":{"@type":"ImageObject","inLanguage":"es","@id":"https:\/\/amedis.es\/tienda\/#\/schema\/logo\/image\/","url":"https:\/\/amedis.es\/tienda\/wp-content\/uploads\/2020\/05\/logo-1.png","contentUrl":"https:\/\/amedis.es\/tienda\/wp-content\/uploads\/2020\/05\/logo-1.png","width":191,"height":80,"caption":"Amedis | Suministros M\u00e9dicos y Dentales"},"image":{"@id":"https:\/\/amedis.es\/tienda\/#\/schema\/logo\/image\/"}}]}},"brands":[{"id":2412,"name":"CAVEX","slug":"cavex"}],"_links":{"self":[{"href":"https:\/\/amedis.es\/tienda\/wp-json\/wp\/v2\/product\/17617","targetHints":{"allow":["GET"]}}],"collection":[{"href":"https:\/\/amedis.es\/tienda\/wp-json\/wp\/v2\/product"}],"about":[{"href":"https:\/\/amedis.es\/tienda\/wp-json\/wp\/v2\/types\/product"}],"wp:featuredmedia":[{"embeddable":true,"href":"https:\/\/amedis.es\/tienda\/wp-json\/wp\/v2\/media\/17618"}],"wp:attachment":[{"href":"https:\/\/amedis.es\/tienda\/wp-json\/wp\/v2\/media?parent=17617"}],"wp:term":[{"taxonomy":"pwb-brand","embeddable":true,"href":"https:\/\/amedis.es\/tienda\/wp-json\/wp\/v2\/pwb-brand?post=17617"},{"taxonomy":"product_brand","embeddable":true,"href":"https:\/\/amedis.es\/tienda\/wp-json\/wp\/v2\/product_brand?post=17617"},{"taxonomy":"product_cat","embeddable":true,"href":"https:\/\/amedis.es\/tienda\/wp-json\/wp\/v2\/product_cat?post=17617"},{"taxonomy":"product_tag","embeddable":true,"href":"https:\/\/amedis.es\/tienda\/wp-json\/wp\/v2\/product_tag?post=17617"}],"curies":[{"name":"wp","href":"https:\/\/api.w.org\/{rel}","templated":true}]}}