{"id":17256,"date":"2021-12-19T19:49:30","date_gmt":"2021-12-19T19:49:30","guid":{"rendered":"https:\/\/amedis.es\/tienda\/?post_type=product&#038;p=17256"},"modified":"2025-01-19T20:26:46","modified_gmt":"2025-01-19T20:26:46","slug":"alginato-neocolloid","status":"publish","type":"product","link":"https:\/\/amedis.es\/tienda\/producto\/alginato-neocolloid\/","title":{"rendered":"ALGINATO NEOCOLLOID"},"content":{"rendered":"<p>Alginato Neocolloid, es un alginato con un tiempo largo en boca recomendado para pr\u00f3tesis removible. Sus espec\u00edficas caracter\u00edsticas hacen del Neocolloid la elecci\u00f3n ideal para dentistas especializados en pr\u00f3tesis removible. Su largo tiempo en boca permite a los dentistas reproducir los tejidos blandos con una absoluta tranquilidad. Recomendado para pr\u00f3tesis removible por 97% de los usuarios.<\/p>\n<p>CARACTERISTICAS:<\/p>\n<p>&#8211; 1 minuto 30 segundos de tiempo en boca.<br \/>\n&#8211; Baja viscosidad.<\/p>\n<p>VENTAJAS:<\/p>\n<p>&#8211; Largo tiempo en boca: el tiempo en boca de 1 minuto y 30 segundos es ideal para reproducir los tejidos blandos, y hace que este producto sea el m\u00e1s adecuado para pr\u00f3tesis removible.<br \/>\n&#8211; Baja viscosidad: para satisfacer las necesidades de los profesionales que prefieren un producto de baja viscosidad.<br \/>\n&#8211; Alta elasticidad: permite al material volver de manera \u00f3ptima a su forma original tras la deformaci\u00f3n que se produce cuando se retira la impresi\u00f3n de la boca del paciente.<\/p>\n","protected":false},"excerpt":{"rendered":"<p>CONTENIDO: 500 gr.<\/p>\n","protected":false},"featured_media":6297,"template":"","meta":[],"pwb-brand":[2426],"product_brand":[],"product_cat":[198,176],"product_tag":[],"class_list":{"0":"post-17256","1":"product","2":"type-product","3":"status-publish","4":"has-post-thumbnail","6":"pwb-brand-zhermack","7":"product_cat-alginatos","8":"product_cat-impresion","10":"first","11":"instock","12":"sale","13":"taxable","14":"shipping-taxable","15":"purchasable","16":"product-type-simple"},"yoast_head":"<!-- This site is optimized with the Yoast SEO plugin v27.4 - https:\/\/yoast.com\/product\/yoast-seo-wordpress\/ -->\n<title>ALGINATO NEOCOLLOID | Amedis | ZHERMACK<\/title>\n<meta name=\"description\" content=\"Alginato Neocolloid, es un alginato con un tiempo largo en boca recomendado para pr\u00f3tesis removible. Ideal para pr\u00f3tesis removible.\" \/>\n<meta name=\"robots\" content=\"index, follow, max-snippet:-1, max-image-preview:large, max-video-preview:-1\" \/>\n<link rel=\"canonical\" href=\"https:\/\/amedis.es\/tienda\/producto\/alginato-neocolloid\/\" \/>\n<meta property=\"og:locale\" content=\"es_ES\" \/>\n<meta property=\"og:type\" content=\"article\" \/>\n<meta property=\"og:title\" content=\"ALGINATO NEOCOLLOID | Amedis | ZHERMACK\" \/>\n<meta property=\"og:description\" content=\"Alginato Neocolloid, es un alginato con un tiempo largo en boca recomendado para pr\u00f3tesis removible. Ideal para pr\u00f3tesis removible.\" \/>\n<meta property=\"og:url\" content=\"https:\/\/amedis.es\/tienda\/producto\/alginato-neocolloid\/\" \/>\n<meta property=\"og:site_name\" content=\"Amedis\" \/>\n<meta property=\"article:modified_time\" content=\"2025-01-19T20:26:46+00:00\" \/>\n<meta property=\"og:image\" content=\"https:\/\/amedis.es\/tienda\/wp-content\/uploads\/2021\/03\/ALGINATO-NEOCOLLOID.jpg\" \/>\n\t<meta property=\"og:image:width\" content=\"600\" \/>\n\t<meta property=\"og:image:height\" content=\"600\" \/>\n\t<meta property=\"og:image:type\" content=\"image\/jpeg\" \/>\n<meta name=\"twitter:card\" content=\"summary_large_image\" \/>\n<meta name=\"twitter:label1\" content=\"Tiempo de lectura\" \/>\n\t<meta name=\"twitter:data1\" content=\"1 minuto\" \/>\n<script type=\"application\/ld+json\" class=\"yoast-schema-graph\">{\"@context\":\"https:\\\/\\\/schema.org\",\"@graph\":[{\"@type\":\"WebPage\",\"@id\":\"https:\\\/\\\/amedis.es\\\/tienda\\\/producto\\\/alginato-neocolloid\\\/\",\"url\":\"https:\\\/\\\/amedis.es\\\/tienda\\\/producto\\\/alginato-neocolloid\\\/\",\"name\":\"ALGINATO NEOCOLLOID | Amedis | ZHERMACK\",\"isPartOf\":{\"@id\":\"https:\\\/\\\/amedis.es\\\/tienda\\\/#website\"},\"primaryImageOfPage\":{\"@id\":\"https:\\\/\\\/amedis.es\\\/tienda\\\/producto\\\/alginato-neocolloid\\\/#primaryimage\"},\"image\":{\"@id\":\"https:\\\/\\\/amedis.es\\\/tienda\\\/producto\\\/alginato-neocolloid\\\/#primaryimage\"},\"thumbnailUrl\":\"https:\\\/\\\/amedis.es\\\/tienda\\\/wp-content\\\/uploads\\\/2021\\\/03\\\/ALGINATO-NEOCOLLOID.jpg\",\"datePublished\":\"2021-12-19T19:49:30+00:00\",\"dateModified\":\"2025-01-19T20:26:46+00:00\",\"description\":\"Alginato Neocolloid, es un alginato con un tiempo largo en boca recomendado para pr\u00f3tesis removible. Ideal para pr\u00f3tesis removible.\",\"breadcrumb\":{\"@id\":\"https:\\\/\\\/amedis.es\\\/tienda\\\/producto\\\/alginato-neocolloid\\\/#breadcrumb\"},\"inLanguage\":\"es\",\"potentialAction\":[{\"@type\":\"ReadAction\",\"target\":[\"https:\\\/\\\/amedis.es\\\/tienda\\\/producto\\\/alginato-neocolloid\\\/\"]}]},{\"@type\":\"ImageObject\",\"inLanguage\":\"es\",\"@id\":\"https:\\\/\\\/amedis.es\\\/tienda\\\/producto\\\/alginato-neocolloid\\\/#primaryimage\",\"url\":\"https:\\\/\\\/amedis.es\\\/tienda\\\/wp-content\\\/uploads\\\/2021\\\/03\\\/ALGINATO-NEOCOLLOID.jpg\",\"contentUrl\":\"https:\\\/\\\/amedis.es\\\/tienda\\\/wp-content\\\/uploads\\\/2021\\\/03\\\/ALGINATO-NEOCOLLOID.jpg\",\"width\":600,\"height\":600,\"caption\":\"Amedis ALGINATO NEOCOLLOID\"},{\"@type\":\"BreadcrumbList\",\"@id\":\"https:\\\/\\\/amedis.es\\\/tienda\\\/producto\\\/alginato-neocolloid\\\/#breadcrumb\",\"itemListElement\":[{\"@type\":\"ListItem\",\"position\":1,\"name\":\"Portada\",\"item\":\"https:\\\/\\\/amedis.es\\\/tienda\\\/\"},{\"@type\":\"ListItem\",\"position\":2,\"name\":\"Amedis | Suministros M\u00e9dicos y Dentales | Tienda\",\"item\":\"https:\\\/\\\/amedis.es\\\/tienda\\\/suministros-medicos-y-dentales\\\/\"},{\"@type\":\"ListItem\",\"position\":3,\"name\":\"ALGINATO NEOCOLLOID\"}]},{\"@type\":\"WebSite\",\"@id\":\"https:\\\/\\\/amedis.es\\\/tienda\\\/#website\",\"url\":\"https:\\\/\\\/amedis.es\\\/tienda\\\/\",\"name\":\"Amedis\",\"description\":\"Suministros M\u00e9dicos y Dentales\",\"publisher\":{\"@id\":\"https:\\\/\\\/amedis.es\\\/tienda\\\/#organization\"},\"potentialAction\":[{\"@type\":\"SearchAction\",\"target\":{\"@type\":\"EntryPoint\",\"urlTemplate\":\"https:\\\/\\\/amedis.es\\\/tienda\\\/?s={search_term_string}\"},\"query-input\":{\"@type\":\"PropertyValueSpecification\",\"valueRequired\":true,\"valueName\":\"search_term_string\"}}],\"inLanguage\":\"es\"},{\"@type\":\"Organization\",\"@id\":\"https:\\\/\\\/amedis.es\\\/tienda\\\/#organization\",\"name\":\"Amedis | Suministros M\u00e9dicos y Dentales\",\"url\":\"https:\\\/\\\/amedis.es\\\/tienda\\\/\",\"logo\":{\"@type\":\"ImageObject\",\"inLanguage\":\"es\",\"@id\":\"https:\\\/\\\/amedis.es\\\/tienda\\\/#\\\/schema\\\/logo\\\/image\\\/\",\"url\":\"https:\\\/\\\/amedis.es\\\/tienda\\\/wp-content\\\/uploads\\\/2020\\\/05\\\/logo-1.png\",\"contentUrl\":\"https:\\\/\\\/amedis.es\\\/tienda\\\/wp-content\\\/uploads\\\/2020\\\/05\\\/logo-1.png\",\"width\":191,\"height\":80,\"caption\":\"Amedis | Suministros M\u00e9dicos y Dentales\"},\"image\":{\"@id\":\"https:\\\/\\\/amedis.es\\\/tienda\\\/#\\\/schema\\\/logo\\\/image\\\/\"}}]}<\/script>\n<!-- \/ Yoast SEO plugin. -->","yoast_head_json":{"title":"ALGINATO NEOCOLLOID | Amedis | ZHERMACK","description":"Alginato Neocolloid, es un alginato con un tiempo largo en boca recomendado para pr\u00f3tesis removible. Ideal para pr\u00f3tesis removible.","robots":{"index":"index","follow":"follow","max-snippet":"max-snippet:-1","max-image-preview":"max-image-preview:large","max-video-preview":"max-video-preview:-1"},"canonical":"https:\/\/amedis.es\/tienda\/producto\/alginato-neocolloid\/","og_locale":"es_ES","og_type":"article","og_title":"ALGINATO NEOCOLLOID | Amedis | ZHERMACK","og_description":"Alginato Neocolloid, es un alginato con un tiempo largo en boca recomendado para pr\u00f3tesis removible. Ideal para pr\u00f3tesis removible.","og_url":"https:\/\/amedis.es\/tienda\/producto\/alginato-neocolloid\/","og_site_name":"Amedis","article_modified_time":"2025-01-19T20:26:46+00:00","og_image":[{"width":600,"height":600,"url":"https:\/\/amedis.es\/tienda\/wp-content\/uploads\/2021\/03\/ALGINATO-NEOCOLLOID.jpg","type":"image\/jpeg"}],"twitter_card":"summary_large_image","twitter_misc":{"Tiempo de lectura":"1 minuto"},"schema":{"@context":"https:\/\/schema.org","@graph":[{"@type":"WebPage","@id":"https:\/\/amedis.es\/tienda\/producto\/alginato-neocolloid\/","url":"https:\/\/amedis.es\/tienda\/producto\/alginato-neocolloid\/","name":"ALGINATO NEOCOLLOID | Amedis | ZHERMACK","isPartOf":{"@id":"https:\/\/amedis.es\/tienda\/#website"},"primaryImageOfPage":{"@id":"https:\/\/amedis.es\/tienda\/producto\/alginato-neocolloid\/#primaryimage"},"image":{"@id":"https:\/\/amedis.es\/tienda\/producto\/alginato-neocolloid\/#primaryimage"},"thumbnailUrl":"https:\/\/amedis.es\/tienda\/wp-content\/uploads\/2021\/03\/ALGINATO-NEOCOLLOID.jpg","datePublished":"2021-12-19T19:49:30+00:00","dateModified":"2025-01-19T20:26:46+00:00","description":"Alginato Neocolloid, es un alginato con un tiempo largo en boca recomendado para pr\u00f3tesis removible. Ideal para pr\u00f3tesis removible.","breadcrumb":{"@id":"https:\/\/amedis.es\/tienda\/producto\/alginato-neocolloid\/#breadcrumb"},"inLanguage":"es","potentialAction":[{"@type":"ReadAction","target":["https:\/\/amedis.es\/tienda\/producto\/alginato-neocolloid\/"]}]},{"@type":"ImageObject","inLanguage":"es","@id":"https:\/\/amedis.es\/tienda\/producto\/alginato-neocolloid\/#primaryimage","url":"https:\/\/amedis.es\/tienda\/wp-content\/uploads\/2021\/03\/ALGINATO-NEOCOLLOID.jpg","contentUrl":"https:\/\/amedis.es\/tienda\/wp-content\/uploads\/2021\/03\/ALGINATO-NEOCOLLOID.jpg","width":600,"height":600,"caption":"Amedis ALGINATO NEOCOLLOID"},{"@type":"BreadcrumbList","@id":"https:\/\/amedis.es\/tienda\/producto\/alginato-neocolloid\/#breadcrumb","itemListElement":[{"@type":"ListItem","position":1,"name":"Portada","item":"https:\/\/amedis.es\/tienda\/"},{"@type":"ListItem","position":2,"name":"Amedis | Suministros M\u00e9dicos y Dentales | Tienda","item":"https:\/\/amedis.es\/tienda\/suministros-medicos-y-dentales\/"},{"@type":"ListItem","position":3,"name":"ALGINATO NEOCOLLOID"}]},{"@type":"WebSite","@id":"https:\/\/amedis.es\/tienda\/#website","url":"https:\/\/amedis.es\/tienda\/","name":"Amedis","description":"Suministros M\u00e9dicos y Dentales","publisher":{"@id":"https:\/\/amedis.es\/tienda\/#organization"},"potentialAction":[{"@type":"SearchAction","target":{"@type":"EntryPoint","urlTemplate":"https:\/\/amedis.es\/tienda\/?s={search_term_string}"},"query-input":{"@type":"PropertyValueSpecification","valueRequired":true,"valueName":"search_term_string"}}],"inLanguage":"es"},{"@type":"Organization","@id":"https:\/\/amedis.es\/tienda\/#organization","name":"Amedis | Suministros M\u00e9dicos y Dentales","url":"https:\/\/amedis.es\/tienda\/","logo":{"@type":"ImageObject","inLanguage":"es","@id":"https:\/\/amedis.es\/tienda\/#\/schema\/logo\/image\/","url":"https:\/\/amedis.es\/tienda\/wp-content\/uploads\/2020\/05\/logo-1.png","contentUrl":"https:\/\/amedis.es\/tienda\/wp-content\/uploads\/2020\/05\/logo-1.png","width":191,"height":80,"caption":"Amedis | Suministros M\u00e9dicos y Dentales"},"image":{"@id":"https:\/\/amedis.es\/tienda\/#\/schema\/logo\/image\/"}}]}},"brands":[{"id":2426,"name":"ZHERMACK","slug":"zhermack"}],"_links":{"self":[{"href":"https:\/\/amedis.es\/tienda\/wp-json\/wp\/v2\/product\/17256","targetHints":{"allow":["GET"]}}],"collection":[{"href":"https:\/\/amedis.es\/tienda\/wp-json\/wp\/v2\/product"}],"about":[{"href":"https:\/\/amedis.es\/tienda\/wp-json\/wp\/v2\/types\/product"}],"wp:featuredmedia":[{"embeddable":true,"href":"https:\/\/amedis.es\/tienda\/wp-json\/wp\/v2\/media\/6297"}],"wp:attachment":[{"href":"https:\/\/amedis.es\/tienda\/wp-json\/wp\/v2\/media?parent=17256"}],"wp:term":[{"taxonomy":"pwb-brand","embeddable":true,"href":"https:\/\/amedis.es\/tienda\/wp-json\/wp\/v2\/pwb-brand?post=17256"},{"taxonomy":"product_brand","embeddable":true,"href":"https:\/\/amedis.es\/tienda\/wp-json\/wp\/v2\/product_brand?post=17256"},{"taxonomy":"product_cat","embeddable":true,"href":"https:\/\/amedis.es\/tienda\/wp-json\/wp\/v2\/product_cat?post=17256"},{"taxonomy":"product_tag","embeddable":true,"href":"https:\/\/amedis.es\/tienda\/wp-json\/wp\/v2\/product_tag?post=17256"}],"curies":[{"name":"wp","href":"https:\/\/api.w.org\/{rel}","templated":true}]}}