{"id":16932,"date":"2021-12-04T18:20:35","date_gmt":"2021-12-04T18:20:35","guid":{"rendered":"https:\/\/amedis.es\/tienda\/?post_type=product&#038;p=16932"},"modified":"2025-07-23T10:22:54","modified_gmt":"2025-07-23T10:22:54","slug":"affinis-precious","status":"publish","type":"product","link":"https:\/\/amedis.es\/tienda\/producto\/affinis-precious\/","title":{"rendered":"AFFINIS PRECIOUS"},"content":{"rendered":"<p>Affinis precious. Los materiales de impresi\u00f3n de polivinilsiloxano (PVS) AFFINIS\u00aePRECIOUS tienen un \u00e1ngulo de contacto de s\u00f3lo 10\u00b0. Las extraordinarias propiedades de fluidez del material de impresi\u00f3n permite captar todos los detalles cr\u00edticos de la superficie de las preparaciones en un entorno h\u00famedo.<\/p>\n","protected":false},"excerpt":{"rendered":"<p>CONTENIDO: 2 x 50 ml. + 12 puntas de mezcla.<\/p>\n","protected":false},"featured_media":16933,"template":"","meta":[],"pwb-brand":[2350],"product_brand":[],"product_cat":[27,176,183],"product_tag":[],"class_list":{"0":"post-16932","1":"product","2":"type-product","3":"status-publish","4":"has-post-thumbnail","6":"pwb-brand-coltene","7":"product_cat-clinica","8":"product_cat-impresion","9":"product_cat-silicona-de-adiccion","11":"first","12":"instock","13":"sale","14":"taxable","15":"shipping-taxable","16":"purchasable","17":"product-type-variable"},"yoast_head":"<!-- This site is optimized with the Yoast SEO plugin v27.4 - https:\/\/yoast.com\/product\/yoast-seo-wordpress\/ -->\n<title>AFFINIS PRECIOUS | Amedis | COLTENE-WHALEDENT<\/title>\n<meta name=\"description\" content=\"Affinis precious. Los materiales de impresi\u00f3n de polivinilsiloxano (PVS) AFFINIS\u00aePRECIOUS tienen un \u00e1ngulo de contacto de s\u00f3lo 10\u00b0\" \/>\n<meta name=\"robots\" content=\"index, follow, max-snippet:-1, max-image-preview:large, max-video-preview:-1\" \/>\n<link rel=\"canonical\" href=\"https:\/\/amedis.es\/tienda\/producto\/affinis-precious\/\" \/>\n<meta property=\"og:locale\" content=\"es_ES\" \/>\n<meta property=\"og:type\" content=\"article\" \/>\n<meta property=\"og:title\" content=\"AFFINIS PRECIOUS | Amedis | COLTENE-WHALEDENT\" \/>\n<meta property=\"og:description\" content=\"Affinis precious. Los materiales de impresi\u00f3n de polivinilsiloxano (PVS) AFFINIS\u00aePRECIOUS tienen un \u00e1ngulo de contacto de s\u00f3lo 10\u00b0\" \/>\n<meta property=\"og:url\" content=\"https:\/\/amedis.es\/tienda\/producto\/affinis-precious\/\" \/>\n<meta property=\"og:site_name\" content=\"Amedis\" \/>\n<meta property=\"article:modified_time\" content=\"2025-07-23T10:22:54+00:00\" \/>\n<meta property=\"og:image\" content=\"https:\/\/amedis.es\/tienda\/wp-content\/uploads\/2021\/12\/AFFINIS-PRECIOUS.jpg\" \/>\n\t<meta property=\"og:image:width\" content=\"600\" \/>\n\t<meta property=\"og:image:height\" content=\"600\" \/>\n\t<meta property=\"og:image:type\" content=\"image\/jpeg\" \/>\n<meta name=\"twitter:card\" content=\"summary_large_image\" \/>\n<meta name=\"twitter:label1\" content=\"Tiempo de lectura\" \/>\n\t<meta name=\"twitter:data1\" content=\"1 minuto\" \/>\n<script type=\"application\/ld+json\" class=\"yoast-schema-graph\">{\"@context\":\"https:\\\/\\\/schema.org\",\"@graph\":[{\"@type\":\"WebPage\",\"@id\":\"https:\\\/\\\/amedis.es\\\/tienda\\\/producto\\\/affinis-precious\\\/\",\"url\":\"https:\\\/\\\/amedis.es\\\/tienda\\\/producto\\\/affinis-precious\\\/\",\"name\":\"AFFINIS PRECIOUS | Amedis | COLTENE-WHALEDENT\",\"isPartOf\":{\"@id\":\"https:\\\/\\\/amedis.es\\\/tienda\\\/#website\"},\"primaryImageOfPage\":{\"@id\":\"https:\\\/\\\/amedis.es\\\/tienda\\\/producto\\\/affinis-precious\\\/#primaryimage\"},\"image\":{\"@id\":\"https:\\\/\\\/amedis.es\\\/tienda\\\/producto\\\/affinis-precious\\\/#primaryimage\"},\"thumbnailUrl\":\"https:\\\/\\\/amedis.es\\\/tienda\\\/wp-content\\\/uploads\\\/2021\\\/12\\\/AFFINIS-PRECIOUS.jpg\",\"datePublished\":\"2021-12-04T18:20:35+00:00\",\"dateModified\":\"2025-07-23T10:22:54+00:00\",\"description\":\"Affinis precious. Los materiales de impresi\u00f3n de polivinilsiloxano (PVS) AFFINIS\u00aePRECIOUS tienen un \u00e1ngulo de contacto de s\u00f3lo 10\u00b0\",\"breadcrumb\":{\"@id\":\"https:\\\/\\\/amedis.es\\\/tienda\\\/producto\\\/affinis-precious\\\/#breadcrumb\"},\"inLanguage\":\"es\",\"potentialAction\":[{\"@type\":\"ReadAction\",\"target\":[\"https:\\\/\\\/amedis.es\\\/tienda\\\/producto\\\/affinis-precious\\\/\"]}]},{\"@type\":\"ImageObject\",\"inLanguage\":\"es\",\"@id\":\"https:\\\/\\\/amedis.es\\\/tienda\\\/producto\\\/affinis-precious\\\/#primaryimage\",\"url\":\"https:\\\/\\\/amedis.es\\\/tienda\\\/wp-content\\\/uploads\\\/2021\\\/12\\\/AFFINIS-PRECIOUS.jpg\",\"contentUrl\":\"https:\\\/\\\/amedis.es\\\/tienda\\\/wp-content\\\/uploads\\\/2021\\\/12\\\/AFFINIS-PRECIOUS.jpg\",\"width\":600,\"height\":600,\"caption\":\"Amedis AFFINIS PRECIOUS\"},{\"@type\":\"BreadcrumbList\",\"@id\":\"https:\\\/\\\/amedis.es\\\/tienda\\\/producto\\\/affinis-precious\\\/#breadcrumb\",\"itemListElement\":[{\"@type\":\"ListItem\",\"position\":1,\"name\":\"Portada\",\"item\":\"https:\\\/\\\/amedis.es\\\/tienda\\\/\"},{\"@type\":\"ListItem\",\"position\":2,\"name\":\"Amedis | Suministros M\u00e9dicos y Dentales | Tienda\",\"item\":\"https:\\\/\\\/amedis.es\\\/tienda\\\/suministros-medicos-y-dentales\\\/\"},{\"@type\":\"ListItem\",\"position\":3,\"name\":\"AFFINIS PRECIOUS\"}]},{\"@type\":\"WebSite\",\"@id\":\"https:\\\/\\\/amedis.es\\\/tienda\\\/#website\",\"url\":\"https:\\\/\\\/amedis.es\\\/tienda\\\/\",\"name\":\"Amedis\",\"description\":\"Suministros M\u00e9dicos y Dentales\",\"publisher\":{\"@id\":\"https:\\\/\\\/amedis.es\\\/tienda\\\/#organization\"},\"potentialAction\":[{\"@type\":\"SearchAction\",\"target\":{\"@type\":\"EntryPoint\",\"urlTemplate\":\"https:\\\/\\\/amedis.es\\\/tienda\\\/?s={search_term_string}\"},\"query-input\":{\"@type\":\"PropertyValueSpecification\",\"valueRequired\":true,\"valueName\":\"search_term_string\"}}],\"inLanguage\":\"es\"},{\"@type\":\"Organization\",\"@id\":\"https:\\\/\\\/amedis.es\\\/tienda\\\/#organization\",\"name\":\"Amedis | Suministros M\u00e9dicos y Dentales\",\"url\":\"https:\\\/\\\/amedis.es\\\/tienda\\\/\",\"logo\":{\"@type\":\"ImageObject\",\"inLanguage\":\"es\",\"@id\":\"https:\\\/\\\/amedis.es\\\/tienda\\\/#\\\/schema\\\/logo\\\/image\\\/\",\"url\":\"https:\\\/\\\/amedis.es\\\/tienda\\\/wp-content\\\/uploads\\\/2020\\\/05\\\/logo-1.png\",\"contentUrl\":\"https:\\\/\\\/amedis.es\\\/tienda\\\/wp-content\\\/uploads\\\/2020\\\/05\\\/logo-1.png\",\"width\":191,\"height\":80,\"caption\":\"Amedis | Suministros M\u00e9dicos y Dentales\"},\"image\":{\"@id\":\"https:\\\/\\\/amedis.es\\\/tienda\\\/#\\\/schema\\\/logo\\\/image\\\/\"}}]}<\/script>\n<!-- \/ Yoast SEO plugin. -->","yoast_head_json":{"title":"AFFINIS PRECIOUS | Amedis | COLTENE-WHALEDENT","description":"Affinis precious. Los materiales de impresi\u00f3n de polivinilsiloxano (PVS) AFFINIS\u00aePRECIOUS tienen un \u00e1ngulo de contacto de s\u00f3lo 10\u00b0","robots":{"index":"index","follow":"follow","max-snippet":"max-snippet:-1","max-image-preview":"max-image-preview:large","max-video-preview":"max-video-preview:-1"},"canonical":"https:\/\/amedis.es\/tienda\/producto\/affinis-precious\/","og_locale":"es_ES","og_type":"article","og_title":"AFFINIS PRECIOUS | Amedis | COLTENE-WHALEDENT","og_description":"Affinis precious. Los materiales de impresi\u00f3n de polivinilsiloxano (PVS) AFFINIS\u00aePRECIOUS tienen un \u00e1ngulo de contacto de s\u00f3lo 10\u00b0","og_url":"https:\/\/amedis.es\/tienda\/producto\/affinis-precious\/","og_site_name":"Amedis","article_modified_time":"2025-07-23T10:22:54+00:00","og_image":[{"width":600,"height":600,"url":"https:\/\/amedis.es\/tienda\/wp-content\/uploads\/2021\/12\/AFFINIS-PRECIOUS.jpg","type":"image\/jpeg"}],"twitter_card":"summary_large_image","twitter_misc":{"Tiempo de lectura":"1 minuto"},"schema":{"@context":"https:\/\/schema.org","@graph":[{"@type":"WebPage","@id":"https:\/\/amedis.es\/tienda\/producto\/affinis-precious\/","url":"https:\/\/amedis.es\/tienda\/producto\/affinis-precious\/","name":"AFFINIS PRECIOUS | Amedis | COLTENE-WHALEDENT","isPartOf":{"@id":"https:\/\/amedis.es\/tienda\/#website"},"primaryImageOfPage":{"@id":"https:\/\/amedis.es\/tienda\/producto\/affinis-precious\/#primaryimage"},"image":{"@id":"https:\/\/amedis.es\/tienda\/producto\/affinis-precious\/#primaryimage"},"thumbnailUrl":"https:\/\/amedis.es\/tienda\/wp-content\/uploads\/2021\/12\/AFFINIS-PRECIOUS.jpg","datePublished":"2021-12-04T18:20:35+00:00","dateModified":"2025-07-23T10:22:54+00:00","description":"Affinis precious. Los materiales de impresi\u00f3n de polivinilsiloxano (PVS) AFFINIS\u00aePRECIOUS tienen un \u00e1ngulo de contacto de s\u00f3lo 10\u00b0","breadcrumb":{"@id":"https:\/\/amedis.es\/tienda\/producto\/affinis-precious\/#breadcrumb"},"inLanguage":"es","potentialAction":[{"@type":"ReadAction","target":["https:\/\/amedis.es\/tienda\/producto\/affinis-precious\/"]}]},{"@type":"ImageObject","inLanguage":"es","@id":"https:\/\/amedis.es\/tienda\/producto\/affinis-precious\/#primaryimage","url":"https:\/\/amedis.es\/tienda\/wp-content\/uploads\/2021\/12\/AFFINIS-PRECIOUS.jpg","contentUrl":"https:\/\/amedis.es\/tienda\/wp-content\/uploads\/2021\/12\/AFFINIS-PRECIOUS.jpg","width":600,"height":600,"caption":"Amedis AFFINIS PRECIOUS"},{"@type":"BreadcrumbList","@id":"https:\/\/amedis.es\/tienda\/producto\/affinis-precious\/#breadcrumb","itemListElement":[{"@type":"ListItem","position":1,"name":"Portada","item":"https:\/\/amedis.es\/tienda\/"},{"@type":"ListItem","position":2,"name":"Amedis | Suministros M\u00e9dicos y Dentales | Tienda","item":"https:\/\/amedis.es\/tienda\/suministros-medicos-y-dentales\/"},{"@type":"ListItem","position":3,"name":"AFFINIS PRECIOUS"}]},{"@type":"WebSite","@id":"https:\/\/amedis.es\/tienda\/#website","url":"https:\/\/amedis.es\/tienda\/","name":"Amedis","description":"Suministros M\u00e9dicos y Dentales","publisher":{"@id":"https:\/\/amedis.es\/tienda\/#organization"},"potentialAction":[{"@type":"SearchAction","target":{"@type":"EntryPoint","urlTemplate":"https:\/\/amedis.es\/tienda\/?s={search_term_string}"},"query-input":{"@type":"PropertyValueSpecification","valueRequired":true,"valueName":"search_term_string"}}],"inLanguage":"es"},{"@type":"Organization","@id":"https:\/\/amedis.es\/tienda\/#organization","name":"Amedis | Suministros M\u00e9dicos y Dentales","url":"https:\/\/amedis.es\/tienda\/","logo":{"@type":"ImageObject","inLanguage":"es","@id":"https:\/\/amedis.es\/tienda\/#\/schema\/logo\/image\/","url":"https:\/\/amedis.es\/tienda\/wp-content\/uploads\/2020\/05\/logo-1.png","contentUrl":"https:\/\/amedis.es\/tienda\/wp-content\/uploads\/2020\/05\/logo-1.png","width":191,"height":80,"caption":"Amedis | Suministros M\u00e9dicos y Dentales"},"image":{"@id":"https:\/\/amedis.es\/tienda\/#\/schema\/logo\/image\/"}}]}},"brands":[{"id":2350,"name":"COLTENE","slug":"coltene"}],"_links":{"self":[{"href":"https:\/\/amedis.es\/tienda\/wp-json\/wp\/v2\/product\/16932","targetHints":{"allow":["GET"]}}],"collection":[{"href":"https:\/\/amedis.es\/tienda\/wp-json\/wp\/v2\/product"}],"about":[{"href":"https:\/\/amedis.es\/tienda\/wp-json\/wp\/v2\/types\/product"}],"wp:featuredmedia":[{"embeddable":true,"href":"https:\/\/amedis.es\/tienda\/wp-json\/wp\/v2\/media\/16933"}],"wp:attachment":[{"href":"https:\/\/amedis.es\/tienda\/wp-json\/wp\/v2\/media?parent=16932"}],"wp:term":[{"taxonomy":"pwb-brand","embeddable":true,"href":"https:\/\/amedis.es\/tienda\/wp-json\/wp\/v2\/pwb-brand?post=16932"},{"taxonomy":"product_brand","embeddable":true,"href":"https:\/\/amedis.es\/tienda\/wp-json\/wp\/v2\/product_brand?post=16932"},{"taxonomy":"product_cat","embeddable":true,"href":"https:\/\/amedis.es\/tienda\/wp-json\/wp\/v2\/product_cat?post=16932"},{"taxonomy":"product_tag","embeddable":true,"href":"https:\/\/amedis.es\/tienda\/wp-json\/wp\/v2\/product_tag?post=16932"}],"curies":[{"name":"wp","href":"https:\/\/api.w.org\/{rel}","templated":true}]}}