{"id":16580,"date":"2021-11-29T18:54:42","date_gmt":"2021-11-29T18:54:42","guid":{"rendered":"https:\/\/amedis.es\/tienda\/?post_type=product&#038;p=16580"},"modified":"2024-10-02T16:17:34","modified_gmt":"2024-10-02T16:17:34","slug":"limas-c-pilot-vdw-21-mm-surtido","status":"publish","type":"product","link":"https:\/\/amedis.es\/tienda\/producto\/limas-c-pilot-vdw-21-mm-surtido\/","title":{"rendered":"LIMAS C PILOT VDW 21 mm. SURTIDO"},"content":{"rendered":"<p>Limas C pilot. Las limas C-pilot est\u00e1n dise\u00f1ada para el acceso a canales severamente sinuosos y calcificados. Material: Acero inoxidable. Resistentes a la flexi\u00f3n gracias a su endurecimiento t\u00e9rmico. \u2022Para crear una v\u00eda de permeabilidad antes de cualquier preparaci\u00f3n rotatoria. Marcas de profundidad radiopacas. La punta inactiva Pilot conduce el instrumento con seguridad en el conducto. Con topes premontados de silicona.<\/p>\n<p>ENVASE: 6 unidades.<\/p>\n<p>REFERENCIA 113283<\/p>\n","protected":false},"excerpt":{"rendered":"<p>VDW<\/p>\n","protected":false},"featured_media":16581,"template":"","meta":[],"pwb-brand":[2379],"product_brand":[],"product_cat":[27,132,147],"product_tag":[],"class_list":{"0":"post-16580","1":"product","2":"type-product","3":"status-publish","4":"has-post-thumbnail","6":"pwb-brand-vdw","7":"product_cat-clinica","8":"product_cat-endodoncia","9":"product_cat-limas-k","11":"first","12":"instock","13":"sale","14":"taxable","15":"shipping-taxable","16":"purchasable","17":"product-type-simple"},"yoast_head":"<!-- This site is optimized with the Yoast SEO plugin v27.3 - https:\/\/yoast.com\/product\/yoast-seo-wordpress\/ -->\n<title>LIMAS C PILOT VDW 21 mm. SURTIDO | Amedis<\/title>\n<meta name=\"description\" content=\"Limas C pilot. Las limas C-pilot est\u00e1n dise\u00f1ada para el acceso a canales severamente sinuosos y calcificados.\" \/>\n<meta name=\"robots\" content=\"index, follow, max-snippet:-1, max-image-preview:large, max-video-preview:-1\" \/>\n<link rel=\"canonical\" href=\"https:\/\/amedis.es\/tienda\/?product=limas-c-pilot-vdw-21-mm-surtido\" \/>\n<meta property=\"og:locale\" content=\"es_ES\" \/>\n<meta property=\"og:type\" content=\"article\" \/>\n<meta property=\"og:title\" content=\"LIMAS C PILOT VDW 21 mm. SURTIDO | Amedis\" \/>\n<meta property=\"og:description\" content=\"Limas C pilot. Las limas C-pilot est\u00e1n dise\u00f1ada para el acceso a canales severamente sinuosos y calcificados.\" \/>\n<meta property=\"og:url\" content=\"https:\/\/amedis.es\/tienda\/?product=limas-c-pilot-vdw-21-mm-surtido\" \/>\n<meta property=\"og:site_name\" content=\"Amedis\" \/>\n<meta property=\"article:modified_time\" content=\"2024-10-02T16:17:34+00:00\" \/>\n<meta property=\"og:image\" content=\"https:\/\/amedis.es\/tienda\/wp-content\/uploads\/2021\/11\/LIMAS-C-PILOT-SURTIDO-21-mm..jpg\" \/>\n\t<meta property=\"og:image:width\" content=\"600\" \/>\n\t<meta property=\"og:image:height\" content=\"600\" \/>\n\t<meta property=\"og:image:type\" content=\"image\/jpeg\" \/>\n<meta name=\"twitter:card\" content=\"summary_large_image\" \/>\n<script type=\"application\/ld+json\" class=\"yoast-schema-graph\">{\"@context\":\"https:\\\/\\\/schema.org\",\"@graph\":[{\"@type\":\"WebPage\",\"@id\":\"https:\\\/\\\/amedis.es\\\/tienda\\\/?product=limas-c-pilot-vdw-21-mm-surtido\",\"url\":\"https:\\\/\\\/amedis.es\\\/tienda\\\/?product=limas-c-pilot-vdw-21-mm-surtido\",\"name\":\"LIMAS C PILOT VDW 21 mm. SURTIDO | Amedis\",\"isPartOf\":{\"@id\":\"https:\\\/\\\/amedis.es\\\/tienda\\\/#website\"},\"primaryImageOfPage\":{\"@id\":\"https:\\\/\\\/amedis.es\\\/tienda\\\/?product=limas-c-pilot-vdw-21-mm-surtido#primaryimage\"},\"image\":{\"@id\":\"https:\\\/\\\/amedis.es\\\/tienda\\\/?product=limas-c-pilot-vdw-21-mm-surtido#primaryimage\"},\"thumbnailUrl\":\"https:\\\/\\\/amedis.es\\\/tienda\\\/wp-content\\\/uploads\\\/2021\\\/11\\\/LIMAS-C-PILOT-SURTIDO-21-mm..jpg\",\"datePublished\":\"2021-11-29T18:54:42+00:00\",\"dateModified\":\"2024-10-02T16:17:34+00:00\",\"description\":\"Limas C pilot. Las limas C-pilot est\u00e1n dise\u00f1ada para el acceso a canales severamente sinuosos y calcificados.\",\"breadcrumb\":{\"@id\":\"https:\\\/\\\/amedis.es\\\/tienda\\\/?product=limas-c-pilot-vdw-21-mm-surtido#breadcrumb\"},\"inLanguage\":\"es\",\"potentialAction\":[{\"@type\":\"ReadAction\",\"target\":[\"https:\\\/\\\/amedis.es\\\/tienda\\\/?product=limas-c-pilot-vdw-21-mm-surtido\"]}]},{\"@type\":\"ImageObject\",\"inLanguage\":\"es\",\"@id\":\"https:\\\/\\\/amedis.es\\\/tienda\\\/?product=limas-c-pilot-vdw-21-mm-surtido#primaryimage\",\"url\":\"https:\\\/\\\/amedis.es\\\/tienda\\\/wp-content\\\/uploads\\\/2021\\\/11\\\/LIMAS-C-PILOT-SURTIDO-21-mm..jpg\",\"contentUrl\":\"https:\\\/\\\/amedis.es\\\/tienda\\\/wp-content\\\/uploads\\\/2021\\\/11\\\/LIMAS-C-PILOT-SURTIDO-21-mm..jpg\",\"width\":600,\"height\":600,\"caption\":\"Amedis LIMAS C-PILOT\"},{\"@type\":\"BreadcrumbList\",\"@id\":\"https:\\\/\\\/amedis.es\\\/tienda\\\/?product=limas-c-pilot-vdw-21-mm-surtido#breadcrumb\",\"itemListElement\":[{\"@type\":\"ListItem\",\"position\":1,\"name\":\"Portada\",\"item\":\"https:\\\/\\\/amedis.es\\\/tienda\\\/\"},{\"@type\":\"ListItem\",\"position\":2,\"name\":\"Amedis | Suministros M\u00e9dicos y Dentales | Tienda\",\"item\":\"https:\\\/\\\/amedis.es\\\/tienda\\\/suministros-medicos-y-dentales\\\/\"},{\"@type\":\"ListItem\",\"position\":3,\"name\":\"LIMAS C PILOT VDW 21 mm. SURTIDO\"}]},{\"@type\":\"WebSite\",\"@id\":\"https:\\\/\\\/amedis.es\\\/tienda\\\/#website\",\"url\":\"https:\\\/\\\/amedis.es\\\/tienda\\\/\",\"name\":\"Amedis\",\"description\":\"Suministros M\u00e9dicos y Dentales\",\"publisher\":{\"@id\":\"https:\\\/\\\/amedis.es\\\/tienda\\\/#organization\"},\"potentialAction\":[{\"@type\":\"SearchAction\",\"target\":{\"@type\":\"EntryPoint\",\"urlTemplate\":\"https:\\\/\\\/amedis.es\\\/tienda\\\/?s={search_term_string}\"},\"query-input\":{\"@type\":\"PropertyValueSpecification\",\"valueRequired\":true,\"valueName\":\"search_term_string\"}}],\"inLanguage\":\"es\"},{\"@type\":\"Organization\",\"@id\":\"https:\\\/\\\/amedis.es\\\/tienda\\\/#organization\",\"name\":\"Amedis | Suministros M\u00e9dicos y Dentales\",\"url\":\"https:\\\/\\\/amedis.es\\\/tienda\\\/\",\"logo\":{\"@type\":\"ImageObject\",\"inLanguage\":\"es\",\"@id\":\"https:\\\/\\\/amedis.es\\\/tienda\\\/#\\\/schema\\\/logo\\\/image\\\/\",\"url\":\"https:\\\/\\\/amedis.es\\\/tienda\\\/wp-content\\\/uploads\\\/2020\\\/05\\\/logo-1.png\",\"contentUrl\":\"https:\\\/\\\/amedis.es\\\/tienda\\\/wp-content\\\/uploads\\\/2020\\\/05\\\/logo-1.png\",\"width\":191,\"height\":80,\"caption\":\"Amedis | Suministros M\u00e9dicos y Dentales\"},\"image\":{\"@id\":\"https:\\\/\\\/amedis.es\\\/tienda\\\/#\\\/schema\\\/logo\\\/image\\\/\"}}]}<\/script>\n<!-- \/ Yoast SEO plugin. -->","yoast_head_json":{"title":"LIMAS C PILOT VDW 21 mm. SURTIDO | Amedis","description":"Limas C pilot. Las limas C-pilot est\u00e1n dise\u00f1ada para el acceso a canales severamente sinuosos y calcificados.","robots":{"index":"index","follow":"follow","max-snippet":"max-snippet:-1","max-image-preview":"max-image-preview:large","max-video-preview":"max-video-preview:-1"},"canonical":"https:\/\/amedis.es\/tienda\/?product=limas-c-pilot-vdw-21-mm-surtido","og_locale":"es_ES","og_type":"article","og_title":"LIMAS C PILOT VDW 21 mm. SURTIDO | Amedis","og_description":"Limas C pilot. Las limas C-pilot est\u00e1n dise\u00f1ada para el acceso a canales severamente sinuosos y calcificados.","og_url":"https:\/\/amedis.es\/tienda\/?product=limas-c-pilot-vdw-21-mm-surtido","og_site_name":"Amedis","article_modified_time":"2024-10-02T16:17:34+00:00","og_image":[{"width":600,"height":600,"url":"https:\/\/amedis.es\/tienda\/wp-content\/uploads\/2021\/11\/LIMAS-C-PILOT-SURTIDO-21-mm..jpg","type":"image\/jpeg"}],"twitter_card":"summary_large_image","schema":{"@context":"https:\/\/schema.org","@graph":[{"@type":"WebPage","@id":"https:\/\/amedis.es\/tienda\/?product=limas-c-pilot-vdw-21-mm-surtido","url":"https:\/\/amedis.es\/tienda\/?product=limas-c-pilot-vdw-21-mm-surtido","name":"LIMAS C PILOT VDW 21 mm. SURTIDO | Amedis","isPartOf":{"@id":"https:\/\/amedis.es\/tienda\/#website"},"primaryImageOfPage":{"@id":"https:\/\/amedis.es\/tienda\/?product=limas-c-pilot-vdw-21-mm-surtido#primaryimage"},"image":{"@id":"https:\/\/amedis.es\/tienda\/?product=limas-c-pilot-vdw-21-mm-surtido#primaryimage"},"thumbnailUrl":"https:\/\/amedis.es\/tienda\/wp-content\/uploads\/2021\/11\/LIMAS-C-PILOT-SURTIDO-21-mm..jpg","datePublished":"2021-11-29T18:54:42+00:00","dateModified":"2024-10-02T16:17:34+00:00","description":"Limas C pilot. Las limas C-pilot est\u00e1n dise\u00f1ada para el acceso a canales severamente sinuosos y calcificados.","breadcrumb":{"@id":"https:\/\/amedis.es\/tienda\/?product=limas-c-pilot-vdw-21-mm-surtido#breadcrumb"},"inLanguage":"es","potentialAction":[{"@type":"ReadAction","target":["https:\/\/amedis.es\/tienda\/?product=limas-c-pilot-vdw-21-mm-surtido"]}]},{"@type":"ImageObject","inLanguage":"es","@id":"https:\/\/amedis.es\/tienda\/?product=limas-c-pilot-vdw-21-mm-surtido#primaryimage","url":"https:\/\/amedis.es\/tienda\/wp-content\/uploads\/2021\/11\/LIMAS-C-PILOT-SURTIDO-21-mm..jpg","contentUrl":"https:\/\/amedis.es\/tienda\/wp-content\/uploads\/2021\/11\/LIMAS-C-PILOT-SURTIDO-21-mm..jpg","width":600,"height":600,"caption":"Amedis LIMAS C-PILOT"},{"@type":"BreadcrumbList","@id":"https:\/\/amedis.es\/tienda\/?product=limas-c-pilot-vdw-21-mm-surtido#breadcrumb","itemListElement":[{"@type":"ListItem","position":1,"name":"Portada","item":"https:\/\/amedis.es\/tienda\/"},{"@type":"ListItem","position":2,"name":"Amedis | Suministros M\u00e9dicos y Dentales | Tienda","item":"https:\/\/amedis.es\/tienda\/suministros-medicos-y-dentales\/"},{"@type":"ListItem","position":3,"name":"LIMAS C PILOT VDW 21 mm. SURTIDO"}]},{"@type":"WebSite","@id":"https:\/\/amedis.es\/tienda\/#website","url":"https:\/\/amedis.es\/tienda\/","name":"Amedis","description":"Suministros M\u00e9dicos y Dentales","publisher":{"@id":"https:\/\/amedis.es\/tienda\/#organization"},"potentialAction":[{"@type":"SearchAction","target":{"@type":"EntryPoint","urlTemplate":"https:\/\/amedis.es\/tienda\/?s={search_term_string}"},"query-input":{"@type":"PropertyValueSpecification","valueRequired":true,"valueName":"search_term_string"}}],"inLanguage":"es"},{"@type":"Organization","@id":"https:\/\/amedis.es\/tienda\/#organization","name":"Amedis | Suministros M\u00e9dicos y Dentales","url":"https:\/\/amedis.es\/tienda\/","logo":{"@type":"ImageObject","inLanguage":"es","@id":"https:\/\/amedis.es\/tienda\/#\/schema\/logo\/image\/","url":"https:\/\/amedis.es\/tienda\/wp-content\/uploads\/2020\/05\/logo-1.png","contentUrl":"https:\/\/amedis.es\/tienda\/wp-content\/uploads\/2020\/05\/logo-1.png","width":191,"height":80,"caption":"Amedis | Suministros M\u00e9dicos y Dentales"},"image":{"@id":"https:\/\/amedis.es\/tienda\/#\/schema\/logo\/image\/"}}]}},"brands":[{"id":2379,"name":"VDW","slug":"vdw"}],"_links":{"self":[{"href":"https:\/\/amedis.es\/tienda\/wp-json\/wp\/v2\/product\/16580","targetHints":{"allow":["GET"]}}],"collection":[{"href":"https:\/\/amedis.es\/tienda\/wp-json\/wp\/v2\/product"}],"about":[{"href":"https:\/\/amedis.es\/tienda\/wp-json\/wp\/v2\/types\/product"}],"wp:featuredmedia":[{"embeddable":true,"href":"https:\/\/amedis.es\/tienda\/wp-json\/wp\/v2\/media\/16581"}],"wp:attachment":[{"href":"https:\/\/amedis.es\/tienda\/wp-json\/wp\/v2\/media?parent=16580"}],"wp:term":[{"taxonomy":"pwb-brand","embeddable":true,"href":"https:\/\/amedis.es\/tienda\/wp-json\/wp\/v2\/pwb-brand?post=16580"},{"taxonomy":"product_brand","embeddable":true,"href":"https:\/\/amedis.es\/tienda\/wp-json\/wp\/v2\/product_brand?post=16580"},{"taxonomy":"product_cat","embeddable":true,"href":"https:\/\/amedis.es\/tienda\/wp-json\/wp\/v2\/product_cat?post=16580"},{"taxonomy":"product_tag","embeddable":true,"href":"https:\/\/amedis.es\/tienda\/wp-json\/wp\/v2\/product_tag?post=16580"}],"curies":[{"name":"wp","href":"https:\/\/api.w.org\/{rel}","templated":true}]}}