{"id":12714,"date":"2021-09-03T16:46:20","date_gmt":"2021-09-03T16:46:20","guid":{"rendered":"https:\/\/amedis.es\/tienda\/?post_type=product&#038;p=12714"},"modified":"2025-01-20T20:10:01","modified_gmt":"2025-01-20T20:10:01","slug":"zeta-2-sporex","status":"publish","type":"product","link":"https:\/\/amedis.es\/tienda\/producto\/zeta-2-sporex\/","title":{"rendered":"ZETA 2 SPOREX"},"content":{"rendered":"<p>Zeta 2 sporex. Desinfectante y esterilizador en polvo con un campo de acci\u00f3n completo. Es apto para la detersi\u00f3n la desinfecci\u00f3n de alto nivel y la esterilizaci\u00f3n qu\u00edmica en fr\u00edo de los instrumentos odontol\u00f3gicos (bistur\u00eds alicates pinzas fresas espejos sondas etc.) y en particular de todos los dispositivos que no pueden esterilizarse en autoclave (endoscopios fibras \u00f3pticas instrumentos de goma pl\u00e1stico etc.).<\/p>\n","protected":false},"excerpt":{"rendered":"<p>CONTENIDO: 1 bote de 900 gr con medidor.<\/p>\n","protected":false},"featured_media":12715,"template":"","meta":[],"pwb-brand":[2426],"product_brand":[],"product_cat":[27,116,123],"product_tag":[],"class_list":{"0":"post-12714","1":"product","2":"type-product","3":"status-publish","4":"has-post-thumbnail","6":"pwb-brand-zhermack","7":"product_cat-clinica","8":"product_cat-desinfeccion","9":"product_cat-desinfeccion-de-instrumental","11":"first","12":"instock","13":"sale","14":"taxable","15":"shipping-taxable","16":"purchasable","17":"product-type-simple"},"yoast_head":"<!-- This site is optimized with the Yoast SEO plugin v27.3 - https:\/\/yoast.com\/product\/yoast-seo-wordpress\/ -->\n<title>ZETA 2 SPOREX | Amedis | ZHERMACK DESINFECCION<\/title>\n<meta name=\"description\" content=\"Zeta 2 sporex. Desinfectante y esterilizador en polvo con un campo de acci\u00f3n completo. Es apto para la detersi\u00f3n la desinfecci\u00f3n de alto nivel\" \/>\n<meta name=\"robots\" content=\"index, follow, max-snippet:-1, max-image-preview:large, max-video-preview:-1\" \/>\n<link rel=\"canonical\" href=\"https:\/\/amedis.es\/tienda\/producto\/zeta-2-sporex\/\" \/>\n<meta property=\"og:locale\" content=\"es_ES\" \/>\n<meta property=\"og:type\" content=\"article\" \/>\n<meta property=\"og:title\" content=\"ZETA 2 SPOREX | Amedis | ZHERMACK DESINFECCION\" \/>\n<meta property=\"og:description\" content=\"Zeta 2 sporex. Desinfectante y esterilizador en polvo con un campo de acci\u00f3n completo. Es apto para la detersi\u00f3n la desinfecci\u00f3n de alto nivel\" \/>\n<meta property=\"og:url\" content=\"https:\/\/amedis.es\/tienda\/producto\/zeta-2-sporex\/\" \/>\n<meta property=\"og:site_name\" content=\"Amedis\" \/>\n<meta property=\"article:modified_time\" content=\"2025-01-20T20:10:01+00:00\" \/>\n<meta property=\"og:image\" content=\"https:\/\/amedis.es\/tienda\/wp-content\/uploads\/2021\/09\/ZETA-2-SPOREX.jpg\" \/>\n\t<meta property=\"og:image:width\" content=\"600\" \/>\n\t<meta property=\"og:image:height\" content=\"600\" \/>\n\t<meta property=\"og:image:type\" content=\"image\/jpeg\" \/>\n<meta name=\"twitter:card\" content=\"summary_large_image\" \/>\n<meta name=\"twitter:label1\" content=\"Tiempo de lectura\" \/>\n\t<meta name=\"twitter:data1\" content=\"1 minuto\" \/>\n<script type=\"application\/ld+json\" class=\"yoast-schema-graph\">{\"@context\":\"https:\\\/\\\/schema.org\",\"@graph\":[{\"@type\":\"WebPage\",\"@id\":\"https:\\\/\\\/amedis.es\\\/tienda\\\/producto\\\/zeta-2-sporex\\\/\",\"url\":\"https:\\\/\\\/amedis.es\\\/tienda\\\/producto\\\/zeta-2-sporex\\\/\",\"name\":\"ZETA 2 SPOREX | Amedis | ZHERMACK DESINFECCION\",\"isPartOf\":{\"@id\":\"https:\\\/\\\/amedis.es\\\/tienda\\\/#website\"},\"primaryImageOfPage\":{\"@id\":\"https:\\\/\\\/amedis.es\\\/tienda\\\/producto\\\/zeta-2-sporex\\\/#primaryimage\"},\"image\":{\"@id\":\"https:\\\/\\\/amedis.es\\\/tienda\\\/producto\\\/zeta-2-sporex\\\/#primaryimage\"},\"thumbnailUrl\":\"https:\\\/\\\/amedis.es\\\/tienda\\\/wp-content\\\/uploads\\\/2021\\\/09\\\/ZETA-2-SPOREX.jpg\",\"datePublished\":\"2021-09-03T16:46:20+00:00\",\"dateModified\":\"2025-01-20T20:10:01+00:00\",\"description\":\"Zeta 2 sporex. Desinfectante y esterilizador en polvo con un campo de acci\u00f3n completo. Es apto para la detersi\u00f3n la desinfecci\u00f3n de alto nivel\",\"breadcrumb\":{\"@id\":\"https:\\\/\\\/amedis.es\\\/tienda\\\/producto\\\/zeta-2-sporex\\\/#breadcrumb\"},\"inLanguage\":\"es\",\"potentialAction\":[{\"@type\":\"ReadAction\",\"target\":[\"https:\\\/\\\/amedis.es\\\/tienda\\\/producto\\\/zeta-2-sporex\\\/\"]}]},{\"@type\":\"ImageObject\",\"inLanguage\":\"es\",\"@id\":\"https:\\\/\\\/amedis.es\\\/tienda\\\/producto\\\/zeta-2-sporex\\\/#primaryimage\",\"url\":\"https:\\\/\\\/amedis.es\\\/tienda\\\/wp-content\\\/uploads\\\/2021\\\/09\\\/ZETA-2-SPOREX.jpg\",\"contentUrl\":\"https:\\\/\\\/amedis.es\\\/tienda\\\/wp-content\\\/uploads\\\/2021\\\/09\\\/ZETA-2-SPOREX.jpg\",\"width\":600,\"height\":600,\"caption\":\"Amedis ZETA 2 SPOREX\"},{\"@type\":\"BreadcrumbList\",\"@id\":\"https:\\\/\\\/amedis.es\\\/tienda\\\/producto\\\/zeta-2-sporex\\\/#breadcrumb\",\"itemListElement\":[{\"@type\":\"ListItem\",\"position\":1,\"name\":\"Portada\",\"item\":\"https:\\\/\\\/amedis.es\\\/tienda\\\/\"},{\"@type\":\"ListItem\",\"position\":2,\"name\":\"Amedis | Suministros M\u00e9dicos y Dentales | Tienda\",\"item\":\"https:\\\/\\\/amedis.es\\\/tienda\\\/suministros-medicos-y-dentales\\\/\"},{\"@type\":\"ListItem\",\"position\":3,\"name\":\"ZETA 2 SPOREX\"}]},{\"@type\":\"WebSite\",\"@id\":\"https:\\\/\\\/amedis.es\\\/tienda\\\/#website\",\"url\":\"https:\\\/\\\/amedis.es\\\/tienda\\\/\",\"name\":\"Amedis\",\"description\":\"Suministros M\u00e9dicos y Dentales\",\"publisher\":{\"@id\":\"https:\\\/\\\/amedis.es\\\/tienda\\\/#organization\"},\"potentialAction\":[{\"@type\":\"SearchAction\",\"target\":{\"@type\":\"EntryPoint\",\"urlTemplate\":\"https:\\\/\\\/amedis.es\\\/tienda\\\/?s={search_term_string}\"},\"query-input\":{\"@type\":\"PropertyValueSpecification\",\"valueRequired\":true,\"valueName\":\"search_term_string\"}}],\"inLanguage\":\"es\"},{\"@type\":\"Organization\",\"@id\":\"https:\\\/\\\/amedis.es\\\/tienda\\\/#organization\",\"name\":\"Amedis | Suministros M\u00e9dicos y Dentales\",\"url\":\"https:\\\/\\\/amedis.es\\\/tienda\\\/\",\"logo\":{\"@type\":\"ImageObject\",\"inLanguage\":\"es\",\"@id\":\"https:\\\/\\\/amedis.es\\\/tienda\\\/#\\\/schema\\\/logo\\\/image\\\/\",\"url\":\"https:\\\/\\\/amedis.es\\\/tienda\\\/wp-content\\\/uploads\\\/2020\\\/05\\\/logo-1.png\",\"contentUrl\":\"https:\\\/\\\/amedis.es\\\/tienda\\\/wp-content\\\/uploads\\\/2020\\\/05\\\/logo-1.png\",\"width\":191,\"height\":80,\"caption\":\"Amedis | Suministros M\u00e9dicos y Dentales\"},\"image\":{\"@id\":\"https:\\\/\\\/amedis.es\\\/tienda\\\/#\\\/schema\\\/logo\\\/image\\\/\"}}]}<\/script>\n<!-- \/ Yoast SEO plugin. -->","yoast_head_json":{"title":"ZETA 2 SPOREX | Amedis | ZHERMACK DESINFECCION","description":"Zeta 2 sporex. Desinfectante y esterilizador en polvo con un campo de acci\u00f3n completo. Es apto para la detersi\u00f3n la desinfecci\u00f3n de alto nivel","robots":{"index":"index","follow":"follow","max-snippet":"max-snippet:-1","max-image-preview":"max-image-preview:large","max-video-preview":"max-video-preview:-1"},"canonical":"https:\/\/amedis.es\/tienda\/producto\/zeta-2-sporex\/","og_locale":"es_ES","og_type":"article","og_title":"ZETA 2 SPOREX | Amedis | ZHERMACK DESINFECCION","og_description":"Zeta 2 sporex. Desinfectante y esterilizador en polvo con un campo de acci\u00f3n completo. Es apto para la detersi\u00f3n la desinfecci\u00f3n de alto nivel","og_url":"https:\/\/amedis.es\/tienda\/producto\/zeta-2-sporex\/","og_site_name":"Amedis","article_modified_time":"2025-01-20T20:10:01+00:00","og_image":[{"width":600,"height":600,"url":"https:\/\/amedis.es\/tienda\/wp-content\/uploads\/2021\/09\/ZETA-2-SPOREX.jpg","type":"image\/jpeg"}],"twitter_card":"summary_large_image","twitter_misc":{"Tiempo de lectura":"1 minuto"},"schema":{"@context":"https:\/\/schema.org","@graph":[{"@type":"WebPage","@id":"https:\/\/amedis.es\/tienda\/producto\/zeta-2-sporex\/","url":"https:\/\/amedis.es\/tienda\/producto\/zeta-2-sporex\/","name":"ZETA 2 SPOREX | Amedis | ZHERMACK DESINFECCION","isPartOf":{"@id":"https:\/\/amedis.es\/tienda\/#website"},"primaryImageOfPage":{"@id":"https:\/\/amedis.es\/tienda\/producto\/zeta-2-sporex\/#primaryimage"},"image":{"@id":"https:\/\/amedis.es\/tienda\/producto\/zeta-2-sporex\/#primaryimage"},"thumbnailUrl":"https:\/\/amedis.es\/tienda\/wp-content\/uploads\/2021\/09\/ZETA-2-SPOREX.jpg","datePublished":"2021-09-03T16:46:20+00:00","dateModified":"2025-01-20T20:10:01+00:00","description":"Zeta 2 sporex. Desinfectante y esterilizador en polvo con un campo de acci\u00f3n completo. Es apto para la detersi\u00f3n la desinfecci\u00f3n de alto nivel","breadcrumb":{"@id":"https:\/\/amedis.es\/tienda\/producto\/zeta-2-sporex\/#breadcrumb"},"inLanguage":"es","potentialAction":[{"@type":"ReadAction","target":["https:\/\/amedis.es\/tienda\/producto\/zeta-2-sporex\/"]}]},{"@type":"ImageObject","inLanguage":"es","@id":"https:\/\/amedis.es\/tienda\/producto\/zeta-2-sporex\/#primaryimage","url":"https:\/\/amedis.es\/tienda\/wp-content\/uploads\/2021\/09\/ZETA-2-SPOREX.jpg","contentUrl":"https:\/\/amedis.es\/tienda\/wp-content\/uploads\/2021\/09\/ZETA-2-SPOREX.jpg","width":600,"height":600,"caption":"Amedis ZETA 2 SPOREX"},{"@type":"BreadcrumbList","@id":"https:\/\/amedis.es\/tienda\/producto\/zeta-2-sporex\/#breadcrumb","itemListElement":[{"@type":"ListItem","position":1,"name":"Portada","item":"https:\/\/amedis.es\/tienda\/"},{"@type":"ListItem","position":2,"name":"Amedis | Suministros M\u00e9dicos y Dentales | Tienda","item":"https:\/\/amedis.es\/tienda\/suministros-medicos-y-dentales\/"},{"@type":"ListItem","position":3,"name":"ZETA 2 SPOREX"}]},{"@type":"WebSite","@id":"https:\/\/amedis.es\/tienda\/#website","url":"https:\/\/amedis.es\/tienda\/","name":"Amedis","description":"Suministros M\u00e9dicos y Dentales","publisher":{"@id":"https:\/\/amedis.es\/tienda\/#organization"},"potentialAction":[{"@type":"SearchAction","target":{"@type":"EntryPoint","urlTemplate":"https:\/\/amedis.es\/tienda\/?s={search_term_string}"},"query-input":{"@type":"PropertyValueSpecification","valueRequired":true,"valueName":"search_term_string"}}],"inLanguage":"es"},{"@type":"Organization","@id":"https:\/\/amedis.es\/tienda\/#organization","name":"Amedis | Suministros M\u00e9dicos y Dentales","url":"https:\/\/amedis.es\/tienda\/","logo":{"@type":"ImageObject","inLanguage":"es","@id":"https:\/\/amedis.es\/tienda\/#\/schema\/logo\/image\/","url":"https:\/\/amedis.es\/tienda\/wp-content\/uploads\/2020\/05\/logo-1.png","contentUrl":"https:\/\/amedis.es\/tienda\/wp-content\/uploads\/2020\/05\/logo-1.png","width":191,"height":80,"caption":"Amedis | Suministros M\u00e9dicos y Dentales"},"image":{"@id":"https:\/\/amedis.es\/tienda\/#\/schema\/logo\/image\/"}}]}},"brands":[{"id":2426,"name":"ZHERMACK","slug":"zhermack"}],"_links":{"self":[{"href":"https:\/\/amedis.es\/tienda\/wp-json\/wp\/v2\/product\/12714","targetHints":{"allow":["GET"]}}],"collection":[{"href":"https:\/\/amedis.es\/tienda\/wp-json\/wp\/v2\/product"}],"about":[{"href":"https:\/\/amedis.es\/tienda\/wp-json\/wp\/v2\/types\/product"}],"wp:featuredmedia":[{"embeddable":true,"href":"https:\/\/amedis.es\/tienda\/wp-json\/wp\/v2\/media\/12715"}],"wp:attachment":[{"href":"https:\/\/amedis.es\/tienda\/wp-json\/wp\/v2\/media?parent=12714"}],"wp:term":[{"taxonomy":"pwb-brand","embeddable":true,"href":"https:\/\/amedis.es\/tienda\/wp-json\/wp\/v2\/pwb-brand?post=12714"},{"taxonomy":"product_brand","embeddable":true,"href":"https:\/\/amedis.es\/tienda\/wp-json\/wp\/v2\/product_brand?post=12714"},{"taxonomy":"product_cat","embeddable":true,"href":"https:\/\/amedis.es\/tienda\/wp-json\/wp\/v2\/product_cat?post=12714"},{"taxonomy":"product_tag","embeddable":true,"href":"https:\/\/amedis.es\/tienda\/wp-json\/wp\/v2\/product_tag?post=12714"}],"curies":[{"name":"wp","href":"https:\/\/api.w.org\/{rel}","templated":true}]}}