{"id":12671,"date":"2021-09-02T18:05:08","date_gmt":"2021-09-02T18:05:08","guid":{"rendered":"https:\/\/amedis.es\/tienda\/?post_type=product&#038;p=12671"},"modified":"2026-01-03T21:39:19","modified_gmt":"2026-01-03T21:39:19","slug":"orotol-plus","status":"publish","type":"product","link":"https:\/\/amedis.es\/tienda\/producto\/orotol-plus\/","title":{"rendered":"OROTOL PLUS 2.5 LITROS"},"content":{"rendered":"<p>Orotol plus. Desinfecci\u00f3n de sistemas de aspiraci\u00f3n Orotol plus. Concentrado l\u00edquido sin espuma para la desinfecci\u00f3n, desodorizaci\u00f3n, limpieza y mantenimiento simult\u00e1neos de todos los sistemas de aspiraci\u00f3n y separadores de amalgama.<\/p>\n<p>&#8211; Bactericida (TB incluida), fungicida, virucida limitado y virus sin envoltura: Adeno, Noro<br \/>\n&#8211; Elimina, desinfecta el biofilm y previene la obstrucci\u00f3n por sangre y prote\u00ednas<br \/>\n&#8211; Efecto prolongado, los g\u00e9rmenes no desarrollan resistencias al producto.<\/p>\n<p>Diluci\u00f3n al 2%. Tiempo de actuaci\u00f3n seg\u00fan VAH en min.: 5\/60&#8242;. Sustancia activa: QAV.<\/p>\n","protected":false},"excerpt":{"rendered":"<p>CONTENIDO: 1 garrafa de 2,5 litros.<\/p>\n","protected":false},"featured_media":36044,"template":"","meta":[],"pwb-brand":[2410],"product_brand":[],"product_cat":[116,126],"product_tag":[],"class_list":{"0":"post-12671","1":"product","2":"type-product","3":"status-publish","4":"has-post-thumbnail","6":"pwb-brand-durr","7":"product_cat-desinfeccion","8":"product_cat-desinfeccion-de-aspiracion","10":"first","11":"instock","12":"sale","13":"taxable","14":"shipping-taxable","15":"purchasable","16":"product-type-simple"},"yoast_head":"<!-- This site is optimized with the Yoast SEO plugin v27.3 - https:\/\/yoast.com\/product\/yoast-seo-wordpress\/ -->\n<title>Amedis | OROTOL PLUS 2.5 LITROS | DURR DESINFECCION<\/title>\n<meta name=\"description\" content=\"Orotol plus. Desinfecci\u00f3n de sistemas de aspiraci\u00f3n Orotol plus. Concentrado l\u00edquido sin espuma para la desinfecci\u00f3n, desodorizaci\u00f3n, limpieza\" \/>\n<meta name=\"robots\" content=\"index, follow, max-snippet:-1, max-image-preview:large, max-video-preview:-1\" \/>\n<link rel=\"canonical\" href=\"https:\/\/amedis.es\/tienda\/producto\/orotol-plus\/\" \/>\n<meta property=\"og:locale\" content=\"es_ES\" \/>\n<meta property=\"og:type\" content=\"article\" \/>\n<meta property=\"og:title\" content=\"Amedis | OROTOL PLUS 2.5 LITROS | DURR DESINFECCION\" \/>\n<meta property=\"og:description\" content=\"Orotol plus. Desinfecci\u00f3n de sistemas de aspiraci\u00f3n Orotol plus. Concentrado l\u00edquido sin espuma para la desinfecci\u00f3n, desodorizaci\u00f3n, limpieza\" \/>\n<meta property=\"og:url\" content=\"https:\/\/amedis.es\/tienda\/producto\/orotol-plus\/\" \/>\n<meta property=\"og:site_name\" content=\"Amedis\" \/>\n<meta property=\"article:modified_time\" content=\"2026-01-03T21:39:19+00:00\" \/>\n<meta property=\"og:image\" content=\"https:\/\/amedis.es\/tienda\/wp-content\/uploads\/2021\/09\/OROTOL.jpg\" \/>\n\t<meta property=\"og:image:width\" content=\"600\" \/>\n\t<meta property=\"og:image:height\" content=\"600\" \/>\n\t<meta property=\"og:image:type\" content=\"image\/jpeg\" \/>\n<meta name=\"twitter:card\" content=\"summary_large_image\" \/>\n<meta name=\"twitter:label1\" content=\"Tiempo de lectura\" \/>\n\t<meta name=\"twitter:data1\" content=\"1 minuto\" \/>\n<script type=\"application\/ld+json\" class=\"yoast-schema-graph\">{\"@context\":\"https:\\\/\\\/schema.org\",\"@graph\":[{\"@type\":\"WebPage\",\"@id\":\"https:\\\/\\\/amedis.es\\\/tienda\\\/producto\\\/orotol-plus\\\/\",\"url\":\"https:\\\/\\\/amedis.es\\\/tienda\\\/producto\\\/orotol-plus\\\/\",\"name\":\"Amedis | OROTOL PLUS 2.5 LITROS | DURR DESINFECCION\",\"isPartOf\":{\"@id\":\"https:\\\/\\\/amedis.es\\\/tienda\\\/#website\"},\"primaryImageOfPage\":{\"@id\":\"https:\\\/\\\/amedis.es\\\/tienda\\\/producto\\\/orotol-plus\\\/#primaryimage\"},\"image\":{\"@id\":\"https:\\\/\\\/amedis.es\\\/tienda\\\/producto\\\/orotol-plus\\\/#primaryimage\"},\"thumbnailUrl\":\"https:\\\/\\\/amedis.es\\\/tienda\\\/wp-content\\\/uploads\\\/2021\\\/09\\\/OROTOL.jpg\",\"datePublished\":\"2021-09-02T18:05:08+00:00\",\"dateModified\":\"2026-01-03T21:39:19+00:00\",\"description\":\"Orotol plus. Desinfecci\u00f3n de sistemas de aspiraci\u00f3n Orotol plus. Concentrado l\u00edquido sin espuma para la desinfecci\u00f3n, desodorizaci\u00f3n, limpieza\",\"breadcrumb\":{\"@id\":\"https:\\\/\\\/amedis.es\\\/tienda\\\/producto\\\/orotol-plus\\\/#breadcrumb\"},\"inLanguage\":\"es\",\"potentialAction\":[{\"@type\":\"ReadAction\",\"target\":[\"https:\\\/\\\/amedis.es\\\/tienda\\\/producto\\\/orotol-plus\\\/\"]}]},{\"@type\":\"ImageObject\",\"inLanguage\":\"es\",\"@id\":\"https:\\\/\\\/amedis.es\\\/tienda\\\/producto\\\/orotol-plus\\\/#primaryimage\",\"url\":\"https:\\\/\\\/amedis.es\\\/tienda\\\/wp-content\\\/uploads\\\/2021\\\/09\\\/OROTOL.jpg\",\"contentUrl\":\"https:\\\/\\\/amedis.es\\\/tienda\\\/wp-content\\\/uploads\\\/2021\\\/09\\\/OROTOL.jpg\",\"width\":600,\"height\":600,\"caption\":\"Amedis OROTOL\"},{\"@type\":\"BreadcrumbList\",\"@id\":\"https:\\\/\\\/amedis.es\\\/tienda\\\/producto\\\/orotol-plus\\\/#breadcrumb\",\"itemListElement\":[{\"@type\":\"ListItem\",\"position\":1,\"name\":\"Portada\",\"item\":\"https:\\\/\\\/amedis.es\\\/tienda\\\/\"},{\"@type\":\"ListItem\",\"position\":2,\"name\":\"Amedis | Suministros M\u00e9dicos y Dentales | Tienda\",\"item\":\"https:\\\/\\\/amedis.es\\\/tienda\\\/suministros-medicos-y-dentales\\\/\"},{\"@type\":\"ListItem\",\"position\":3,\"name\":\"OROTOL PLUS 2.5 LITROS\"}]},{\"@type\":\"WebSite\",\"@id\":\"https:\\\/\\\/amedis.es\\\/tienda\\\/#website\",\"url\":\"https:\\\/\\\/amedis.es\\\/tienda\\\/\",\"name\":\"Amedis\",\"description\":\"Suministros M\u00e9dicos y Dentales\",\"publisher\":{\"@id\":\"https:\\\/\\\/amedis.es\\\/tienda\\\/#organization\"},\"potentialAction\":[{\"@type\":\"SearchAction\",\"target\":{\"@type\":\"EntryPoint\",\"urlTemplate\":\"https:\\\/\\\/amedis.es\\\/tienda\\\/?s={search_term_string}\"},\"query-input\":{\"@type\":\"PropertyValueSpecification\",\"valueRequired\":true,\"valueName\":\"search_term_string\"}}],\"inLanguage\":\"es\"},{\"@type\":\"Organization\",\"@id\":\"https:\\\/\\\/amedis.es\\\/tienda\\\/#organization\",\"name\":\"Amedis | Suministros M\u00e9dicos y Dentales\",\"url\":\"https:\\\/\\\/amedis.es\\\/tienda\\\/\",\"logo\":{\"@type\":\"ImageObject\",\"inLanguage\":\"es\",\"@id\":\"https:\\\/\\\/amedis.es\\\/tienda\\\/#\\\/schema\\\/logo\\\/image\\\/\",\"url\":\"https:\\\/\\\/amedis.es\\\/tienda\\\/wp-content\\\/uploads\\\/2020\\\/05\\\/logo-1.png\",\"contentUrl\":\"https:\\\/\\\/amedis.es\\\/tienda\\\/wp-content\\\/uploads\\\/2020\\\/05\\\/logo-1.png\",\"width\":191,\"height\":80,\"caption\":\"Amedis | Suministros M\u00e9dicos y Dentales\"},\"image\":{\"@id\":\"https:\\\/\\\/amedis.es\\\/tienda\\\/#\\\/schema\\\/logo\\\/image\\\/\"}}]}<\/script>\n<!-- \/ Yoast SEO plugin. -->","yoast_head_json":{"title":"Amedis | OROTOL PLUS 2.5 LITROS | DURR DESINFECCION","description":"Orotol plus. Desinfecci\u00f3n de sistemas de aspiraci\u00f3n Orotol plus. Concentrado l\u00edquido sin espuma para la desinfecci\u00f3n, desodorizaci\u00f3n, limpieza","robots":{"index":"index","follow":"follow","max-snippet":"max-snippet:-1","max-image-preview":"max-image-preview:large","max-video-preview":"max-video-preview:-1"},"canonical":"https:\/\/amedis.es\/tienda\/producto\/orotol-plus\/","og_locale":"es_ES","og_type":"article","og_title":"Amedis | OROTOL PLUS 2.5 LITROS | DURR DESINFECCION","og_description":"Orotol plus. Desinfecci\u00f3n de sistemas de aspiraci\u00f3n Orotol plus. Concentrado l\u00edquido sin espuma para la desinfecci\u00f3n, desodorizaci\u00f3n, limpieza","og_url":"https:\/\/amedis.es\/tienda\/producto\/orotol-plus\/","og_site_name":"Amedis","article_modified_time":"2026-01-03T21:39:19+00:00","og_image":[{"width":600,"height":600,"url":"https:\/\/amedis.es\/tienda\/wp-content\/uploads\/2021\/09\/OROTOL.jpg","type":"image\/jpeg"}],"twitter_card":"summary_large_image","twitter_misc":{"Tiempo de lectura":"1 minuto"},"schema":{"@context":"https:\/\/schema.org","@graph":[{"@type":"WebPage","@id":"https:\/\/amedis.es\/tienda\/producto\/orotol-plus\/","url":"https:\/\/amedis.es\/tienda\/producto\/orotol-plus\/","name":"Amedis | OROTOL PLUS 2.5 LITROS | DURR DESINFECCION","isPartOf":{"@id":"https:\/\/amedis.es\/tienda\/#website"},"primaryImageOfPage":{"@id":"https:\/\/amedis.es\/tienda\/producto\/orotol-plus\/#primaryimage"},"image":{"@id":"https:\/\/amedis.es\/tienda\/producto\/orotol-plus\/#primaryimage"},"thumbnailUrl":"https:\/\/amedis.es\/tienda\/wp-content\/uploads\/2021\/09\/OROTOL.jpg","datePublished":"2021-09-02T18:05:08+00:00","dateModified":"2026-01-03T21:39:19+00:00","description":"Orotol plus. Desinfecci\u00f3n de sistemas de aspiraci\u00f3n Orotol plus. Concentrado l\u00edquido sin espuma para la desinfecci\u00f3n, desodorizaci\u00f3n, limpieza","breadcrumb":{"@id":"https:\/\/amedis.es\/tienda\/producto\/orotol-plus\/#breadcrumb"},"inLanguage":"es","potentialAction":[{"@type":"ReadAction","target":["https:\/\/amedis.es\/tienda\/producto\/orotol-plus\/"]}]},{"@type":"ImageObject","inLanguage":"es","@id":"https:\/\/amedis.es\/tienda\/producto\/orotol-plus\/#primaryimage","url":"https:\/\/amedis.es\/tienda\/wp-content\/uploads\/2021\/09\/OROTOL.jpg","contentUrl":"https:\/\/amedis.es\/tienda\/wp-content\/uploads\/2021\/09\/OROTOL.jpg","width":600,"height":600,"caption":"Amedis OROTOL"},{"@type":"BreadcrumbList","@id":"https:\/\/amedis.es\/tienda\/producto\/orotol-plus\/#breadcrumb","itemListElement":[{"@type":"ListItem","position":1,"name":"Portada","item":"https:\/\/amedis.es\/tienda\/"},{"@type":"ListItem","position":2,"name":"Amedis | Suministros M\u00e9dicos y Dentales | Tienda","item":"https:\/\/amedis.es\/tienda\/suministros-medicos-y-dentales\/"},{"@type":"ListItem","position":3,"name":"OROTOL PLUS 2.5 LITROS"}]},{"@type":"WebSite","@id":"https:\/\/amedis.es\/tienda\/#website","url":"https:\/\/amedis.es\/tienda\/","name":"Amedis","description":"Suministros M\u00e9dicos y Dentales","publisher":{"@id":"https:\/\/amedis.es\/tienda\/#organization"},"potentialAction":[{"@type":"SearchAction","target":{"@type":"EntryPoint","urlTemplate":"https:\/\/amedis.es\/tienda\/?s={search_term_string}"},"query-input":{"@type":"PropertyValueSpecification","valueRequired":true,"valueName":"search_term_string"}}],"inLanguage":"es"},{"@type":"Organization","@id":"https:\/\/amedis.es\/tienda\/#organization","name":"Amedis | Suministros M\u00e9dicos y Dentales","url":"https:\/\/amedis.es\/tienda\/","logo":{"@type":"ImageObject","inLanguage":"es","@id":"https:\/\/amedis.es\/tienda\/#\/schema\/logo\/image\/","url":"https:\/\/amedis.es\/tienda\/wp-content\/uploads\/2020\/05\/logo-1.png","contentUrl":"https:\/\/amedis.es\/tienda\/wp-content\/uploads\/2020\/05\/logo-1.png","width":191,"height":80,"caption":"Amedis | Suministros M\u00e9dicos y Dentales"},"image":{"@id":"https:\/\/amedis.es\/tienda\/#\/schema\/logo\/image\/"}}]}},"brands":[{"id":2410,"name":"DURR","slug":"durr"}],"_links":{"self":[{"href":"https:\/\/amedis.es\/tienda\/wp-json\/wp\/v2\/product\/12671","targetHints":{"allow":["GET"]}}],"collection":[{"href":"https:\/\/amedis.es\/tienda\/wp-json\/wp\/v2\/product"}],"about":[{"href":"https:\/\/amedis.es\/tienda\/wp-json\/wp\/v2\/types\/product"}],"wp:featuredmedia":[{"embeddable":true,"href":"https:\/\/amedis.es\/tienda\/wp-json\/wp\/v2\/media\/36044"}],"wp:attachment":[{"href":"https:\/\/amedis.es\/tienda\/wp-json\/wp\/v2\/media?parent=12671"}],"wp:term":[{"taxonomy":"pwb-brand","embeddable":true,"href":"https:\/\/amedis.es\/tienda\/wp-json\/wp\/v2\/pwb-brand?post=12671"},{"taxonomy":"product_brand","embeddable":true,"href":"https:\/\/amedis.es\/tienda\/wp-json\/wp\/v2\/product_brand?post=12671"},{"taxonomy":"product_cat","embeddable":true,"href":"https:\/\/amedis.es\/tienda\/wp-json\/wp\/v2\/product_cat?post=12671"},{"taxonomy":"product_tag","embeddable":true,"href":"https:\/\/amedis.es\/tienda\/wp-json\/wp\/v2\/product_tag?post=12671"}],"curies":[{"name":"wp","href":"https:\/\/api.w.org\/{rel}","templated":true}]}}