{"id":12648,"date":"2021-09-02T17:28:32","date_gmt":"2021-09-02T17:28:32","guid":{"rendered":"https:\/\/amedis.es\/tienda\/?post_type=product&#038;p=12648"},"modified":"2026-01-03T21:13:14","modified_gmt":"2026-01-03T21:13:14","slug":"zeta-5-power-act-frasco","status":"publish","type":"product","link":"https:\/\/amedis.es\/tienda\/producto\/zeta-5-power-act-frasco\/","title":{"rendered":"ZETA 5 POWER ACT FRASCO"},"content":{"rendered":"<p>Zeta 5 Power Act es un desinfectante y detergente concentrado con un amplio espectro de acci\u00f3n que permite elegir entre dos tiempos de acci\u00f3n:<\/p>\n<p>&#8211; Desinfecci\u00f3n nocturna est\u00e1ndar.<br \/>\n&#8211; R\u00e1pida desinfecci\u00f3n simplemente en 15 minutos.<\/p>\n<p>CARACTERISTICAS:<\/p>\n<p>&#8211; Amplio espectro de acci\u00f3n conforme a las \u00faltimas normas europeas sobre desinfecci\u00f3n.<br \/>\n&#8211; F\u00f3rmula no espumosa y no agresiva en los tubos de aspiraci\u00f3n.<br \/>\n&#8211; Activa en presencia de material org\u00e1nico.<br \/>\n&#8211; Compatibilidad probada con los componentes de los circuitos de aspiraci\u00f3n.<\/p>\n<p>VENTAJAS:<\/p>\n<p>&#8211; Eficacia: alta protecci\u00f3n para operadores y pacientes.<br \/>\n&#8211; Protecci\u00f3n: permite el mantenimiento del regular funcionamiento de los tubos de aspiraci\u00f3n.<br \/>\n&#8211; C\u00f3modo de usar: tiempos de acci\u00f3n breves y dosificaci\u00f3n m\u00e1s sencilla gracias al envase con dispensador.<\/p>\n","protected":false},"excerpt":{"rendered":"<p>CONTENIDO: 1 botella de 1 litro.<\/p>\n","protected":false},"featured_media":12649,"template":"","meta":[],"pwb-brand":[2426],"product_brand":[],"product_cat":[27,116,126],"product_tag":[],"class_list":{"0":"post-12648","1":"product","2":"type-product","3":"status-publish","4":"has-post-thumbnail","6":"pwb-brand-zhermack","7":"product_cat-clinica","8":"product_cat-desinfeccion","9":"product_cat-desinfeccion-de-aspiracion","11":"first","12":"instock","13":"sale","14":"taxable","15":"shipping-taxable","16":"purchasable","17":"product-type-simple"},"yoast_head":"<!-- This site is optimized with the Yoast SEO plugin v27.4 - https:\/\/yoast.com\/product\/yoast-seo-wordpress\/ -->\n<title>ZETA 5 POWER ACT FRASCO | Amedis | ZHERMACK<\/title>\n<meta name=\"description\" content=\"Zeta 5 Power Act es un desinfectante y detergente concentrado con un amplio espectro de acci\u00f3n que permite elegir entre dos tiempos de acci\u00f3n.\" \/>\n<meta name=\"robots\" content=\"index, follow, max-snippet:-1, max-image-preview:large, max-video-preview:-1\" \/>\n<link rel=\"canonical\" href=\"https:\/\/amedis.es\/tienda\/producto\/zeta-5-power-act-frasco\/\" \/>\n<meta property=\"og:locale\" content=\"es_ES\" \/>\n<meta property=\"og:type\" content=\"article\" \/>\n<meta property=\"og:title\" content=\"ZETA 5 POWER ACT FRASCO | Amedis | ZHERMACK\" \/>\n<meta property=\"og:description\" content=\"Zeta 5 Power Act es un desinfectante y detergente concentrado con un amplio espectro de acci\u00f3n que permite elegir entre dos tiempos de acci\u00f3n.\" \/>\n<meta property=\"og:url\" content=\"https:\/\/amedis.es\/tienda\/producto\/zeta-5-power-act-frasco\/\" \/>\n<meta property=\"og:site_name\" content=\"Amedis\" \/>\n<meta property=\"article:modified_time\" content=\"2026-01-03T21:13:14+00:00\" \/>\n<meta property=\"og:image\" content=\"https:\/\/amedis.es\/tienda\/wp-content\/uploads\/2021\/09\/ZETA-5-POWER-ACT-1-LITRO.jpg\" \/>\n\t<meta property=\"og:image:width\" content=\"600\" \/>\n\t<meta property=\"og:image:height\" content=\"600\" \/>\n\t<meta property=\"og:image:type\" content=\"image\/jpeg\" \/>\n<meta name=\"twitter:card\" content=\"summary_large_image\" \/>\n<meta name=\"twitter:label1\" content=\"Tiempo de lectura\" \/>\n\t<meta name=\"twitter:data1\" content=\"1 minuto\" \/>\n<script type=\"application\/ld+json\" class=\"yoast-schema-graph\">{\"@context\":\"https:\\\/\\\/schema.org\",\"@graph\":[{\"@type\":\"WebPage\",\"@id\":\"https:\\\/\\\/amedis.es\\\/tienda\\\/producto\\\/zeta-5-power-act-frasco\\\/\",\"url\":\"https:\\\/\\\/amedis.es\\\/tienda\\\/producto\\\/zeta-5-power-act-frasco\\\/\",\"name\":\"ZETA 5 POWER ACT FRASCO | Amedis | ZHERMACK\",\"isPartOf\":{\"@id\":\"https:\\\/\\\/amedis.es\\\/tienda\\\/#website\"},\"primaryImageOfPage\":{\"@id\":\"https:\\\/\\\/amedis.es\\\/tienda\\\/producto\\\/zeta-5-power-act-frasco\\\/#primaryimage\"},\"image\":{\"@id\":\"https:\\\/\\\/amedis.es\\\/tienda\\\/producto\\\/zeta-5-power-act-frasco\\\/#primaryimage\"},\"thumbnailUrl\":\"https:\\\/\\\/amedis.es\\\/tienda\\\/wp-content\\\/uploads\\\/2021\\\/09\\\/ZETA-5-POWER-ACT-1-LITRO.jpg\",\"datePublished\":\"2021-09-02T17:28:32+00:00\",\"dateModified\":\"2026-01-03T21:13:14+00:00\",\"description\":\"Zeta 5 Power Act es un desinfectante y detergente concentrado con un amplio espectro de acci\u00f3n que permite elegir entre dos tiempos de acci\u00f3n.\",\"breadcrumb\":{\"@id\":\"https:\\\/\\\/amedis.es\\\/tienda\\\/producto\\\/zeta-5-power-act-frasco\\\/#breadcrumb\"},\"inLanguage\":\"es\",\"potentialAction\":[{\"@type\":\"ReadAction\",\"target\":[\"https:\\\/\\\/amedis.es\\\/tienda\\\/producto\\\/zeta-5-power-act-frasco\\\/\"]}]},{\"@type\":\"ImageObject\",\"inLanguage\":\"es\",\"@id\":\"https:\\\/\\\/amedis.es\\\/tienda\\\/producto\\\/zeta-5-power-act-frasco\\\/#primaryimage\",\"url\":\"https:\\\/\\\/amedis.es\\\/tienda\\\/wp-content\\\/uploads\\\/2021\\\/09\\\/ZETA-5-POWER-ACT-1-LITRO.jpg\",\"contentUrl\":\"https:\\\/\\\/amedis.es\\\/tienda\\\/wp-content\\\/uploads\\\/2021\\\/09\\\/ZETA-5-POWER-ACT-1-LITRO.jpg\",\"width\":600,\"height\":600,\"caption\":\"Amedis ZETA 5 POWER ACT 1 LITRO\"},{\"@type\":\"BreadcrumbList\",\"@id\":\"https:\\\/\\\/amedis.es\\\/tienda\\\/producto\\\/zeta-5-power-act-frasco\\\/#breadcrumb\",\"itemListElement\":[{\"@type\":\"ListItem\",\"position\":1,\"name\":\"Portada\",\"item\":\"https:\\\/\\\/amedis.es\\\/tienda\\\/\"},{\"@type\":\"ListItem\",\"position\":2,\"name\":\"Amedis | Suministros M\u00e9dicos y Dentales | Tienda\",\"item\":\"https:\\\/\\\/amedis.es\\\/tienda\\\/suministros-medicos-y-dentales\\\/\"},{\"@type\":\"ListItem\",\"position\":3,\"name\":\"ZETA 5 POWER ACT FRASCO\"}]},{\"@type\":\"WebSite\",\"@id\":\"https:\\\/\\\/amedis.es\\\/tienda\\\/#website\",\"url\":\"https:\\\/\\\/amedis.es\\\/tienda\\\/\",\"name\":\"Amedis\",\"description\":\"Suministros M\u00e9dicos y Dentales\",\"publisher\":{\"@id\":\"https:\\\/\\\/amedis.es\\\/tienda\\\/#organization\"},\"potentialAction\":[{\"@type\":\"SearchAction\",\"target\":{\"@type\":\"EntryPoint\",\"urlTemplate\":\"https:\\\/\\\/amedis.es\\\/tienda\\\/?s={search_term_string}\"},\"query-input\":{\"@type\":\"PropertyValueSpecification\",\"valueRequired\":true,\"valueName\":\"search_term_string\"}}],\"inLanguage\":\"es\"},{\"@type\":\"Organization\",\"@id\":\"https:\\\/\\\/amedis.es\\\/tienda\\\/#organization\",\"name\":\"Amedis | Suministros M\u00e9dicos y Dentales\",\"url\":\"https:\\\/\\\/amedis.es\\\/tienda\\\/\",\"logo\":{\"@type\":\"ImageObject\",\"inLanguage\":\"es\",\"@id\":\"https:\\\/\\\/amedis.es\\\/tienda\\\/#\\\/schema\\\/logo\\\/image\\\/\",\"url\":\"https:\\\/\\\/amedis.es\\\/tienda\\\/wp-content\\\/uploads\\\/2020\\\/05\\\/logo-1.png\",\"contentUrl\":\"https:\\\/\\\/amedis.es\\\/tienda\\\/wp-content\\\/uploads\\\/2020\\\/05\\\/logo-1.png\",\"width\":191,\"height\":80,\"caption\":\"Amedis | Suministros M\u00e9dicos y Dentales\"},\"image\":{\"@id\":\"https:\\\/\\\/amedis.es\\\/tienda\\\/#\\\/schema\\\/logo\\\/image\\\/\"}}]}<\/script>\n<!-- \/ Yoast SEO plugin. -->","yoast_head_json":{"title":"ZETA 5 POWER ACT FRASCO | Amedis | ZHERMACK","description":"Zeta 5 Power Act es un desinfectante y detergente concentrado con un amplio espectro de acci\u00f3n que permite elegir entre dos tiempos de acci\u00f3n.","robots":{"index":"index","follow":"follow","max-snippet":"max-snippet:-1","max-image-preview":"max-image-preview:large","max-video-preview":"max-video-preview:-1"},"canonical":"https:\/\/amedis.es\/tienda\/producto\/zeta-5-power-act-frasco\/","og_locale":"es_ES","og_type":"article","og_title":"ZETA 5 POWER ACT FRASCO | Amedis | ZHERMACK","og_description":"Zeta 5 Power Act es un desinfectante y detergente concentrado con un amplio espectro de acci\u00f3n que permite elegir entre dos tiempos de acci\u00f3n.","og_url":"https:\/\/amedis.es\/tienda\/producto\/zeta-5-power-act-frasco\/","og_site_name":"Amedis","article_modified_time":"2026-01-03T21:13:14+00:00","og_image":[{"width":600,"height":600,"url":"https:\/\/amedis.es\/tienda\/wp-content\/uploads\/2021\/09\/ZETA-5-POWER-ACT-1-LITRO.jpg","type":"image\/jpeg"}],"twitter_card":"summary_large_image","twitter_misc":{"Tiempo de lectura":"1 minuto"},"schema":{"@context":"https:\/\/schema.org","@graph":[{"@type":"WebPage","@id":"https:\/\/amedis.es\/tienda\/producto\/zeta-5-power-act-frasco\/","url":"https:\/\/amedis.es\/tienda\/producto\/zeta-5-power-act-frasco\/","name":"ZETA 5 POWER ACT FRASCO | Amedis | ZHERMACK","isPartOf":{"@id":"https:\/\/amedis.es\/tienda\/#website"},"primaryImageOfPage":{"@id":"https:\/\/amedis.es\/tienda\/producto\/zeta-5-power-act-frasco\/#primaryimage"},"image":{"@id":"https:\/\/amedis.es\/tienda\/producto\/zeta-5-power-act-frasco\/#primaryimage"},"thumbnailUrl":"https:\/\/amedis.es\/tienda\/wp-content\/uploads\/2021\/09\/ZETA-5-POWER-ACT-1-LITRO.jpg","datePublished":"2021-09-02T17:28:32+00:00","dateModified":"2026-01-03T21:13:14+00:00","description":"Zeta 5 Power Act es un desinfectante y detergente concentrado con un amplio espectro de acci\u00f3n que permite elegir entre dos tiempos de acci\u00f3n.","breadcrumb":{"@id":"https:\/\/amedis.es\/tienda\/producto\/zeta-5-power-act-frasco\/#breadcrumb"},"inLanguage":"es","potentialAction":[{"@type":"ReadAction","target":["https:\/\/amedis.es\/tienda\/producto\/zeta-5-power-act-frasco\/"]}]},{"@type":"ImageObject","inLanguage":"es","@id":"https:\/\/amedis.es\/tienda\/producto\/zeta-5-power-act-frasco\/#primaryimage","url":"https:\/\/amedis.es\/tienda\/wp-content\/uploads\/2021\/09\/ZETA-5-POWER-ACT-1-LITRO.jpg","contentUrl":"https:\/\/amedis.es\/tienda\/wp-content\/uploads\/2021\/09\/ZETA-5-POWER-ACT-1-LITRO.jpg","width":600,"height":600,"caption":"Amedis ZETA 5 POWER ACT 1 LITRO"},{"@type":"BreadcrumbList","@id":"https:\/\/amedis.es\/tienda\/producto\/zeta-5-power-act-frasco\/#breadcrumb","itemListElement":[{"@type":"ListItem","position":1,"name":"Portada","item":"https:\/\/amedis.es\/tienda\/"},{"@type":"ListItem","position":2,"name":"Amedis | Suministros M\u00e9dicos y Dentales | Tienda","item":"https:\/\/amedis.es\/tienda\/suministros-medicos-y-dentales\/"},{"@type":"ListItem","position":3,"name":"ZETA 5 POWER ACT FRASCO"}]},{"@type":"WebSite","@id":"https:\/\/amedis.es\/tienda\/#website","url":"https:\/\/amedis.es\/tienda\/","name":"Amedis","description":"Suministros M\u00e9dicos y Dentales","publisher":{"@id":"https:\/\/amedis.es\/tienda\/#organization"},"potentialAction":[{"@type":"SearchAction","target":{"@type":"EntryPoint","urlTemplate":"https:\/\/amedis.es\/tienda\/?s={search_term_string}"},"query-input":{"@type":"PropertyValueSpecification","valueRequired":true,"valueName":"search_term_string"}}],"inLanguage":"es"},{"@type":"Organization","@id":"https:\/\/amedis.es\/tienda\/#organization","name":"Amedis | Suministros M\u00e9dicos y Dentales","url":"https:\/\/amedis.es\/tienda\/","logo":{"@type":"ImageObject","inLanguage":"es","@id":"https:\/\/amedis.es\/tienda\/#\/schema\/logo\/image\/","url":"https:\/\/amedis.es\/tienda\/wp-content\/uploads\/2020\/05\/logo-1.png","contentUrl":"https:\/\/amedis.es\/tienda\/wp-content\/uploads\/2020\/05\/logo-1.png","width":191,"height":80,"caption":"Amedis | Suministros M\u00e9dicos y Dentales"},"image":{"@id":"https:\/\/amedis.es\/tienda\/#\/schema\/logo\/image\/"}}]}},"brands":[{"id":2426,"name":"ZHERMACK","slug":"zhermack"}],"_links":{"self":[{"href":"https:\/\/amedis.es\/tienda\/wp-json\/wp\/v2\/product\/12648","targetHints":{"allow":["GET"]}}],"collection":[{"href":"https:\/\/amedis.es\/tienda\/wp-json\/wp\/v2\/product"}],"about":[{"href":"https:\/\/amedis.es\/tienda\/wp-json\/wp\/v2\/types\/product"}],"wp:featuredmedia":[{"embeddable":true,"href":"https:\/\/amedis.es\/tienda\/wp-json\/wp\/v2\/media\/12649"}],"wp:attachment":[{"href":"https:\/\/amedis.es\/tienda\/wp-json\/wp\/v2\/media?parent=12648"}],"wp:term":[{"taxonomy":"pwb-brand","embeddable":true,"href":"https:\/\/amedis.es\/tienda\/wp-json\/wp\/v2\/pwb-brand?post=12648"},{"taxonomy":"product_brand","embeddable":true,"href":"https:\/\/amedis.es\/tienda\/wp-json\/wp\/v2\/product_brand?post=12648"},{"taxonomy":"product_cat","embeddable":true,"href":"https:\/\/amedis.es\/tienda\/wp-json\/wp\/v2\/product_cat?post=12648"},{"taxonomy":"product_tag","embeddable":true,"href":"https:\/\/amedis.es\/tienda\/wp-json\/wp\/v2\/product_tag?post=12648"}],"curies":[{"name":"wp","href":"https:\/\/api.w.org\/{rel}","templated":true}]}}