{"id":12289,"date":"2021-08-23T17:12:24","date_gmt":"2021-08-23T17:12:24","guid":{"rendered":"https:\/\/amedis.es\/tienda\/?post_type=product&#038;p=12289"},"modified":"2025-08-14T09:54:30","modified_gmt":"2025-08-14T09:54:30","slug":"one-coat-7-universal-monodosis-kit","status":"publish","type":"product","link":"https:\/\/amedis.es\/tienda\/producto\/one-coat-7-universal-monodosis-kit\/","title":{"rendered":"ONE COAT 7 UNIVERSAL MONODOSIS KIT"},"content":{"rendered":"<p>One coat 7 universal es un adhesivo fotopolimerizable de un componente se utiliza con el auto-grabado grabado de forma selectiva o t\u00e9cnica de grabado total de t\u00e9cnicas de restauraci\u00f3n adhesiva. F\u00f3rmula de baja evaporaci\u00f3n sin disolventes a base de acetona vol\u00e1tiles que pueden evaporarse r\u00e1pidamente. Ofrece una capa de uni\u00f3n homog\u00e9nea y mejora las propiedades mec\u00e1nicas de cizalla excepcional resistencia de la uni\u00f3n. Integridad marginal superior con bajo riesgo de sensibilidad marginal. Antibacterial One Coat 7.0 Activador Compatibilidad con los materiales qu\u00edmicos curados. Dosis \u00fanica. M\u00e9todo de ensayo: ensayo de proliferaci\u00f3n para probar la actividad antimicrobiana con S. Epidermidis por QualityLabs Alemania. \u00c1reas de Aplicaci\u00f3n: accesorio adhesivo de Materiales composite y comp\u00f3meros en esmalte y dentina. Fijaci\u00f3n adhesiva de restauraciones de Cer\u00e1micas y compuesta de un esmalte y dentina. Accesorio adhesivo de material de Compuesto de cer\u00e1mica metal material de Compuesto y amalgama. Sellado de la dentina. T\u00e9cnicas de Aplicaci\u00f3n: Auto-Etch: se aplica una capa 7 UNIVERSAL en esmalte y dentina. Etch Selectiv: se Graba el esmalte capa Una 7 UNIVERSAL se aplica sobre el esmalte y la dentina. Total-Etch: Esmalte y la dentina se Graba se aplica una capa 7 UNIVERSAL en esmalte y dentina.<\/p>\n<p>*PRODUCTO BAJO PEDIDO. NO ADMITE DEVOLUCION*<\/p>\n","protected":false},"excerpt":{"rendered":"<p>CONTENIDO: 50 monodosis x 0,1 ml. + 50 microaplicadores negros.<\/p>\n","protected":false},"featured_media":12290,"template":"","meta":[],"pwb-brand":[2350],"product_brand":[],"product_cat":[696,27,262],"product_tag":[],"class_list":{"0":"post-12289","1":"product","2":"type-product","3":"status-publish","4":"has-post-thumbnail","6":"pwb-brand-coltene","7":"product_cat-adhesivos-universales","8":"product_cat-clinica","9":"product_cat-restauracion","11":"first","12":"instock","13":"sale","14":"taxable","15":"shipping-taxable","16":"purchasable","17":"product-type-simple"},"yoast_head":"<!-- This site is optimized with the Yoast SEO plugin v27.4 - https:\/\/yoast.com\/product\/yoast-seo-wordpress\/ -->\n<title>ONE COAT 7 UNIVERSAL MONODOSIS KIT | Amedis %<\/title>\n<meta name=\"description\" content=\"One coat 7 universal es un adhesivo fotopolimerizable de un componente se utiliza con el auto-grabado grabado\" \/>\n<meta name=\"robots\" content=\"index, follow, max-snippet:-1, max-image-preview:large, max-video-preview:-1\" \/>\n<link rel=\"canonical\" href=\"https:\/\/amedis.es\/tienda\/producto\/one-coat-7-universal-monodosis-kit\/\" \/>\n<meta property=\"og:locale\" content=\"es_ES\" \/>\n<meta property=\"og:type\" content=\"article\" \/>\n<meta property=\"og:title\" content=\"ONE COAT 7 UNIVERSAL MONODOSIS KIT | Amedis %\" \/>\n<meta property=\"og:description\" content=\"One coat 7 universal es un adhesivo fotopolimerizable de un componente se utiliza con el auto-grabado grabado\" \/>\n<meta property=\"og:url\" content=\"https:\/\/amedis.es\/tienda\/producto\/one-coat-7-universal-monodosis-kit\/\" \/>\n<meta property=\"og:site_name\" content=\"Amedis\" \/>\n<meta property=\"article:modified_time\" content=\"2025-08-14T09:54:30+00:00\" \/>\n<meta property=\"og:image\" content=\"https:\/\/amedis.es\/tienda\/wp-content\/uploads\/2021\/08\/ONE-COAT-7-UNIVERSAL-MONODOSIS-KIT.jpg\" \/>\n\t<meta property=\"og:image:width\" content=\"600\" \/>\n\t<meta property=\"og:image:height\" content=\"600\" \/>\n\t<meta property=\"og:image:type\" content=\"image\/jpeg\" \/>\n<meta name=\"twitter:card\" content=\"summary_large_image\" \/>\n<meta name=\"twitter:label1\" content=\"Tiempo de lectura\" \/>\n\t<meta name=\"twitter:data1\" content=\"1 minuto\" \/>\n<script type=\"application\/ld+json\" class=\"yoast-schema-graph\">{\"@context\":\"https:\\\/\\\/schema.org\",\"@graph\":[{\"@type\":\"WebPage\",\"@id\":\"https:\\\/\\\/amedis.es\\\/tienda\\\/producto\\\/one-coat-7-universal-monodosis-kit\\\/\",\"url\":\"https:\\\/\\\/amedis.es\\\/tienda\\\/producto\\\/one-coat-7-universal-monodosis-kit\\\/\",\"name\":\"ONE COAT 7 UNIVERSAL MONODOSIS KIT | Amedis %\",\"isPartOf\":{\"@id\":\"https:\\\/\\\/amedis.es\\\/tienda\\\/#website\"},\"primaryImageOfPage\":{\"@id\":\"https:\\\/\\\/amedis.es\\\/tienda\\\/producto\\\/one-coat-7-universal-monodosis-kit\\\/#primaryimage\"},\"image\":{\"@id\":\"https:\\\/\\\/amedis.es\\\/tienda\\\/producto\\\/one-coat-7-universal-monodosis-kit\\\/#primaryimage\"},\"thumbnailUrl\":\"https:\\\/\\\/amedis.es\\\/tienda\\\/wp-content\\\/uploads\\\/2021\\\/08\\\/ONE-COAT-7-UNIVERSAL-MONODOSIS-KIT.jpg\",\"datePublished\":\"2021-08-23T17:12:24+00:00\",\"dateModified\":\"2025-08-14T09:54:30+00:00\",\"description\":\"One coat 7 universal es un adhesivo fotopolimerizable de un componente se utiliza con el auto-grabado grabado\",\"breadcrumb\":{\"@id\":\"https:\\\/\\\/amedis.es\\\/tienda\\\/producto\\\/one-coat-7-universal-monodosis-kit\\\/#breadcrumb\"},\"inLanguage\":\"es\",\"potentialAction\":[{\"@type\":\"ReadAction\",\"target\":[\"https:\\\/\\\/amedis.es\\\/tienda\\\/producto\\\/one-coat-7-universal-monodosis-kit\\\/\"]}]},{\"@type\":\"ImageObject\",\"inLanguage\":\"es\",\"@id\":\"https:\\\/\\\/amedis.es\\\/tienda\\\/producto\\\/one-coat-7-universal-monodosis-kit\\\/#primaryimage\",\"url\":\"https:\\\/\\\/amedis.es\\\/tienda\\\/wp-content\\\/uploads\\\/2021\\\/08\\\/ONE-COAT-7-UNIVERSAL-MONODOSIS-KIT.jpg\",\"contentUrl\":\"https:\\\/\\\/amedis.es\\\/tienda\\\/wp-content\\\/uploads\\\/2021\\\/08\\\/ONE-COAT-7-UNIVERSAL-MONODOSIS-KIT.jpg\",\"width\":600,\"height\":600,\"caption\":\"Amedis ONE COAT 7 UNIVERSAL MONODOSIS KIT\"},{\"@type\":\"BreadcrumbList\",\"@id\":\"https:\\\/\\\/amedis.es\\\/tienda\\\/producto\\\/one-coat-7-universal-monodosis-kit\\\/#breadcrumb\",\"itemListElement\":[{\"@type\":\"ListItem\",\"position\":1,\"name\":\"Portada\",\"item\":\"https:\\\/\\\/amedis.es\\\/tienda\\\/\"},{\"@type\":\"ListItem\",\"position\":2,\"name\":\"Amedis | Suministros M\u00e9dicos y Dentales | Tienda\",\"item\":\"https:\\\/\\\/amedis.es\\\/tienda\\\/suministros-medicos-y-dentales\\\/\"},{\"@type\":\"ListItem\",\"position\":3,\"name\":\"ONE COAT 7 UNIVERSAL MONODOSIS KIT\"}]},{\"@type\":\"WebSite\",\"@id\":\"https:\\\/\\\/amedis.es\\\/tienda\\\/#website\",\"url\":\"https:\\\/\\\/amedis.es\\\/tienda\\\/\",\"name\":\"Amedis\",\"description\":\"Suministros M\u00e9dicos y Dentales\",\"publisher\":{\"@id\":\"https:\\\/\\\/amedis.es\\\/tienda\\\/#organization\"},\"potentialAction\":[{\"@type\":\"SearchAction\",\"target\":{\"@type\":\"EntryPoint\",\"urlTemplate\":\"https:\\\/\\\/amedis.es\\\/tienda\\\/?s={search_term_string}\"},\"query-input\":{\"@type\":\"PropertyValueSpecification\",\"valueRequired\":true,\"valueName\":\"search_term_string\"}}],\"inLanguage\":\"es\"},{\"@type\":\"Organization\",\"@id\":\"https:\\\/\\\/amedis.es\\\/tienda\\\/#organization\",\"name\":\"Amedis | Suministros M\u00e9dicos y Dentales\",\"url\":\"https:\\\/\\\/amedis.es\\\/tienda\\\/\",\"logo\":{\"@type\":\"ImageObject\",\"inLanguage\":\"es\",\"@id\":\"https:\\\/\\\/amedis.es\\\/tienda\\\/#\\\/schema\\\/logo\\\/image\\\/\",\"url\":\"https:\\\/\\\/amedis.es\\\/tienda\\\/wp-content\\\/uploads\\\/2020\\\/05\\\/logo-1.png\",\"contentUrl\":\"https:\\\/\\\/amedis.es\\\/tienda\\\/wp-content\\\/uploads\\\/2020\\\/05\\\/logo-1.png\",\"width\":191,\"height\":80,\"caption\":\"Amedis | Suministros M\u00e9dicos y Dentales\"},\"image\":{\"@id\":\"https:\\\/\\\/amedis.es\\\/tienda\\\/#\\\/schema\\\/logo\\\/image\\\/\"}}]}<\/script>\n<!-- \/ Yoast SEO plugin. -->","yoast_head_json":{"title":"ONE COAT 7 UNIVERSAL MONODOSIS KIT | Amedis %","description":"One coat 7 universal es un adhesivo fotopolimerizable de un componente se utiliza con el auto-grabado grabado","robots":{"index":"index","follow":"follow","max-snippet":"max-snippet:-1","max-image-preview":"max-image-preview:large","max-video-preview":"max-video-preview:-1"},"canonical":"https:\/\/amedis.es\/tienda\/producto\/one-coat-7-universal-monodosis-kit\/","og_locale":"es_ES","og_type":"article","og_title":"ONE COAT 7 UNIVERSAL MONODOSIS KIT | Amedis %","og_description":"One coat 7 universal es un adhesivo fotopolimerizable de un componente se utiliza con el auto-grabado grabado","og_url":"https:\/\/amedis.es\/tienda\/producto\/one-coat-7-universal-monodosis-kit\/","og_site_name":"Amedis","article_modified_time":"2025-08-14T09:54:30+00:00","og_image":[{"width":600,"height":600,"url":"https:\/\/amedis.es\/tienda\/wp-content\/uploads\/2021\/08\/ONE-COAT-7-UNIVERSAL-MONODOSIS-KIT.jpg","type":"image\/jpeg"}],"twitter_card":"summary_large_image","twitter_misc":{"Tiempo de lectura":"1 minuto"},"schema":{"@context":"https:\/\/schema.org","@graph":[{"@type":"WebPage","@id":"https:\/\/amedis.es\/tienda\/producto\/one-coat-7-universal-monodosis-kit\/","url":"https:\/\/amedis.es\/tienda\/producto\/one-coat-7-universal-monodosis-kit\/","name":"ONE COAT 7 UNIVERSAL MONODOSIS KIT | Amedis %","isPartOf":{"@id":"https:\/\/amedis.es\/tienda\/#website"},"primaryImageOfPage":{"@id":"https:\/\/amedis.es\/tienda\/producto\/one-coat-7-universal-monodosis-kit\/#primaryimage"},"image":{"@id":"https:\/\/amedis.es\/tienda\/producto\/one-coat-7-universal-monodosis-kit\/#primaryimage"},"thumbnailUrl":"https:\/\/amedis.es\/tienda\/wp-content\/uploads\/2021\/08\/ONE-COAT-7-UNIVERSAL-MONODOSIS-KIT.jpg","datePublished":"2021-08-23T17:12:24+00:00","dateModified":"2025-08-14T09:54:30+00:00","description":"One coat 7 universal es un adhesivo fotopolimerizable de un componente se utiliza con el auto-grabado grabado","breadcrumb":{"@id":"https:\/\/amedis.es\/tienda\/producto\/one-coat-7-universal-monodosis-kit\/#breadcrumb"},"inLanguage":"es","potentialAction":[{"@type":"ReadAction","target":["https:\/\/amedis.es\/tienda\/producto\/one-coat-7-universal-monodosis-kit\/"]}]},{"@type":"ImageObject","inLanguage":"es","@id":"https:\/\/amedis.es\/tienda\/producto\/one-coat-7-universal-monodosis-kit\/#primaryimage","url":"https:\/\/amedis.es\/tienda\/wp-content\/uploads\/2021\/08\/ONE-COAT-7-UNIVERSAL-MONODOSIS-KIT.jpg","contentUrl":"https:\/\/amedis.es\/tienda\/wp-content\/uploads\/2021\/08\/ONE-COAT-7-UNIVERSAL-MONODOSIS-KIT.jpg","width":600,"height":600,"caption":"Amedis ONE COAT 7 UNIVERSAL MONODOSIS KIT"},{"@type":"BreadcrumbList","@id":"https:\/\/amedis.es\/tienda\/producto\/one-coat-7-universal-monodosis-kit\/#breadcrumb","itemListElement":[{"@type":"ListItem","position":1,"name":"Portada","item":"https:\/\/amedis.es\/tienda\/"},{"@type":"ListItem","position":2,"name":"Amedis | Suministros M\u00e9dicos y Dentales | Tienda","item":"https:\/\/amedis.es\/tienda\/suministros-medicos-y-dentales\/"},{"@type":"ListItem","position":3,"name":"ONE COAT 7 UNIVERSAL MONODOSIS KIT"}]},{"@type":"WebSite","@id":"https:\/\/amedis.es\/tienda\/#website","url":"https:\/\/amedis.es\/tienda\/","name":"Amedis","description":"Suministros M\u00e9dicos y Dentales","publisher":{"@id":"https:\/\/amedis.es\/tienda\/#organization"},"potentialAction":[{"@type":"SearchAction","target":{"@type":"EntryPoint","urlTemplate":"https:\/\/amedis.es\/tienda\/?s={search_term_string}"},"query-input":{"@type":"PropertyValueSpecification","valueRequired":true,"valueName":"search_term_string"}}],"inLanguage":"es"},{"@type":"Organization","@id":"https:\/\/amedis.es\/tienda\/#organization","name":"Amedis | Suministros M\u00e9dicos y Dentales","url":"https:\/\/amedis.es\/tienda\/","logo":{"@type":"ImageObject","inLanguage":"es","@id":"https:\/\/amedis.es\/tienda\/#\/schema\/logo\/image\/","url":"https:\/\/amedis.es\/tienda\/wp-content\/uploads\/2020\/05\/logo-1.png","contentUrl":"https:\/\/amedis.es\/tienda\/wp-content\/uploads\/2020\/05\/logo-1.png","width":191,"height":80,"caption":"Amedis | Suministros M\u00e9dicos y Dentales"},"image":{"@id":"https:\/\/amedis.es\/tienda\/#\/schema\/logo\/image\/"}}]}},"brands":[{"id":2350,"name":"COLTENE","slug":"coltene"}],"_links":{"self":[{"href":"https:\/\/amedis.es\/tienda\/wp-json\/wp\/v2\/product\/12289","targetHints":{"allow":["GET"]}}],"collection":[{"href":"https:\/\/amedis.es\/tienda\/wp-json\/wp\/v2\/product"}],"about":[{"href":"https:\/\/amedis.es\/tienda\/wp-json\/wp\/v2\/types\/product"}],"wp:featuredmedia":[{"embeddable":true,"href":"https:\/\/amedis.es\/tienda\/wp-json\/wp\/v2\/media\/12290"}],"wp:attachment":[{"href":"https:\/\/amedis.es\/tienda\/wp-json\/wp\/v2\/media?parent=12289"}],"wp:term":[{"taxonomy":"pwb-brand","embeddable":true,"href":"https:\/\/amedis.es\/tienda\/wp-json\/wp\/v2\/pwb-brand?post=12289"},{"taxonomy":"product_brand","embeddable":true,"href":"https:\/\/amedis.es\/tienda\/wp-json\/wp\/v2\/product_brand?post=12289"},{"taxonomy":"product_cat","embeddable":true,"href":"https:\/\/amedis.es\/tienda\/wp-json\/wp\/v2\/product_cat?post=12289"},{"taxonomy":"product_tag","embeddable":true,"href":"https:\/\/amedis.es\/tienda\/wp-json\/wp\/v2\/product_tag?post=12289"}],"curies":[{"name":"wp","href":"https:\/\/api.w.org\/{rel}","templated":true}]}}