{"id":12273,"date":"2021-08-23T16:12:26","date_gmt":"2021-08-23T16:12:26","guid":{"rendered":"https:\/\/amedis.es\/tienda\/?post_type=product&#038;p=12273"},"modified":"2026-02-11T19:09:28","modified_gmt":"2026-02-11T19:09:28","slug":"optibond-universal-refill","status":"publish","type":"product","link":"https:\/\/amedis.es\/tienda\/producto\/optibond-universal-refill\/","title":{"rendered":"OPTIBOND UNIVERSAL REFILL"},"content":{"rendered":"<p>Optibond universal. Adhesivo universal de un solo componente. OptiBond\u2122 Universal ya est\u00e1 aqu\u00ed. Este agente adhesivo presentado en un \u00fanico envase combina la fiabilidad de la tecnolog\u00eda patentada OptiBond GPDM con la facilidad de uso de una soluci\u00f3n universal. Resistencia de adhesi\u00f3n fiable y eficaz en todos los substratos y superficies, con cualquier t\u00e9cnica de grabado. La eficacia y la flexibilidad por fin unen sus fuerzas.<\/p>\n<p>&#8211; Un frasco. Una capa.<br \/>\n&#8211; Resistencia demostrada.<br \/>\n&#8211; Completa versatilidad.<br \/>\n&#8211; Protecci\u00f3n contra sensibilidad posoperatoria.<\/p>\n","protected":false},"excerpt":{"rendered":"<p>CONTENIDO: 1 bote de 5 ml.<\/p>\n","protected":false},"featured_media":20574,"template":"","meta":[],"pwb-brand":[2356],"product_brand":[],"product_cat":[696,27,30,1923,262],"product_tag":[],"class_list":{"0":"post-12273","1":"product","2":"type-product","3":"status-publish","4":"has-post-thumbnail","6":"pwb-brand-kerr","7":"product_cat-adhesivos-universales","8":"product_cat-clinica","9":"product_cat-outlet","10":"product_cat-restauracion-outlet","11":"product_cat-restauracion","13":"first","14":"instock","15":"sale","16":"taxable","17":"shipping-taxable","18":"purchasable","19":"product-type-simple"},"yoast_head":"<!-- This site is optimized with the Yoast SEO plugin v27.3 - https:\/\/yoast.com\/product\/yoast-seo-wordpress\/ -->\n<title>OPTIBOND UNIVERSAL REFILL | Amedis | KERR<\/title>\n<meta name=\"description\" content=\"Optibond universal. Adhesivo universal de un solo componente. OptiBond\u2122 Universal ya est\u00e1 aqu\u00ed. Este agente adhesivo presentado.\" \/>\n<meta name=\"robots\" content=\"index, follow, max-snippet:-1, max-image-preview:large, max-video-preview:-1\" \/>\n<link rel=\"canonical\" href=\"https:\/\/amedis.es\/tienda\/producto\/optibond-universal-refill\/\" \/>\n<meta property=\"og:locale\" content=\"es_ES\" \/>\n<meta property=\"og:type\" content=\"article\" \/>\n<meta property=\"og:title\" content=\"OPTIBOND UNIVERSAL REFILL | Amedis | KERR\" \/>\n<meta property=\"og:description\" content=\"Optibond universal. Adhesivo universal de un solo componente. OptiBond\u2122 Universal ya est\u00e1 aqu\u00ed. Este agente adhesivo presentado.\" \/>\n<meta property=\"og:url\" content=\"https:\/\/amedis.es\/tienda\/producto\/optibond-universal-refill\/\" \/>\n<meta property=\"og:site_name\" content=\"Amedis\" \/>\n<meta property=\"article:modified_time\" content=\"2026-02-11T19:09:28+00:00\" \/>\n<meta property=\"og:image\" content=\"https:\/\/amedis.es\/tienda\/wp-content\/uploads\/2021\/08\/OPTIBOND-UNIVERSAL-REPOSICION.jpg\" \/>\n\t<meta property=\"og:image:width\" content=\"600\" \/>\n\t<meta property=\"og:image:height\" content=\"600\" \/>\n\t<meta property=\"og:image:type\" content=\"image\/jpeg\" \/>\n<meta name=\"twitter:card\" content=\"summary_large_image\" \/>\n<meta name=\"twitter:label1\" content=\"Tiempo de lectura\" \/>\n\t<meta name=\"twitter:data1\" content=\"1 minuto\" \/>\n<script type=\"application\/ld+json\" class=\"yoast-schema-graph\">{\"@context\":\"https:\\\/\\\/schema.org\",\"@graph\":[{\"@type\":\"WebPage\",\"@id\":\"https:\\\/\\\/amedis.es\\\/tienda\\\/producto\\\/optibond-universal-refill\\\/\",\"url\":\"https:\\\/\\\/amedis.es\\\/tienda\\\/producto\\\/optibond-universal-refill\\\/\",\"name\":\"OPTIBOND UNIVERSAL REFILL | Amedis | KERR\",\"isPartOf\":{\"@id\":\"https:\\\/\\\/amedis.es\\\/tienda\\\/#website\"},\"primaryImageOfPage\":{\"@id\":\"https:\\\/\\\/amedis.es\\\/tienda\\\/producto\\\/optibond-universal-refill\\\/#primaryimage\"},\"image\":{\"@id\":\"https:\\\/\\\/amedis.es\\\/tienda\\\/producto\\\/optibond-universal-refill\\\/#primaryimage\"},\"thumbnailUrl\":\"https:\\\/\\\/amedis.es\\\/tienda\\\/wp-content\\\/uploads\\\/2021\\\/08\\\/OPTIBOND-UNIVERSAL-REPOSICION.jpg\",\"datePublished\":\"2021-08-23T16:12:26+00:00\",\"dateModified\":\"2026-02-11T19:09:28+00:00\",\"description\":\"Optibond universal. Adhesivo universal de un solo componente. OptiBond\u2122 Universal ya est\u00e1 aqu\u00ed. Este agente adhesivo presentado.\",\"breadcrumb\":{\"@id\":\"https:\\\/\\\/amedis.es\\\/tienda\\\/producto\\\/optibond-universal-refill\\\/#breadcrumb\"},\"inLanguage\":\"es\",\"potentialAction\":[{\"@type\":\"ReadAction\",\"target\":[\"https:\\\/\\\/amedis.es\\\/tienda\\\/producto\\\/optibond-universal-refill\\\/\"]}]},{\"@type\":\"ImageObject\",\"inLanguage\":\"es\",\"@id\":\"https:\\\/\\\/amedis.es\\\/tienda\\\/producto\\\/optibond-universal-refill\\\/#primaryimage\",\"url\":\"https:\\\/\\\/amedis.es\\\/tienda\\\/wp-content\\\/uploads\\\/2021\\\/08\\\/OPTIBOND-UNIVERSAL-REPOSICION.jpg\",\"contentUrl\":\"https:\\\/\\\/amedis.es\\\/tienda\\\/wp-content\\\/uploads\\\/2021\\\/08\\\/OPTIBOND-UNIVERSAL-REPOSICION.jpg\",\"width\":600,\"height\":600,\"caption\":\"Amedis OPTIBOND UNIVERSAL REPOSICION\"},{\"@type\":\"BreadcrumbList\",\"@id\":\"https:\\\/\\\/amedis.es\\\/tienda\\\/producto\\\/optibond-universal-refill\\\/#breadcrumb\",\"itemListElement\":[{\"@type\":\"ListItem\",\"position\":1,\"name\":\"Portada\",\"item\":\"https:\\\/\\\/amedis.es\\\/tienda\\\/\"},{\"@type\":\"ListItem\",\"position\":2,\"name\":\"Amedis | Suministros M\u00e9dicos y Dentales | Tienda\",\"item\":\"https:\\\/\\\/amedis.es\\\/tienda\\\/suministros-medicos-y-dentales\\\/\"},{\"@type\":\"ListItem\",\"position\":3,\"name\":\"OPTIBOND UNIVERSAL REFILL\"}]},{\"@type\":\"WebSite\",\"@id\":\"https:\\\/\\\/amedis.es\\\/tienda\\\/#website\",\"url\":\"https:\\\/\\\/amedis.es\\\/tienda\\\/\",\"name\":\"Amedis\",\"description\":\"Suministros M\u00e9dicos y Dentales\",\"publisher\":{\"@id\":\"https:\\\/\\\/amedis.es\\\/tienda\\\/#organization\"},\"potentialAction\":[{\"@type\":\"SearchAction\",\"target\":{\"@type\":\"EntryPoint\",\"urlTemplate\":\"https:\\\/\\\/amedis.es\\\/tienda\\\/?s={search_term_string}\"},\"query-input\":{\"@type\":\"PropertyValueSpecification\",\"valueRequired\":true,\"valueName\":\"search_term_string\"}}],\"inLanguage\":\"es\"},{\"@type\":\"Organization\",\"@id\":\"https:\\\/\\\/amedis.es\\\/tienda\\\/#organization\",\"name\":\"Amedis | Suministros M\u00e9dicos y Dentales\",\"url\":\"https:\\\/\\\/amedis.es\\\/tienda\\\/\",\"logo\":{\"@type\":\"ImageObject\",\"inLanguage\":\"es\",\"@id\":\"https:\\\/\\\/amedis.es\\\/tienda\\\/#\\\/schema\\\/logo\\\/image\\\/\",\"url\":\"https:\\\/\\\/amedis.es\\\/tienda\\\/wp-content\\\/uploads\\\/2020\\\/05\\\/logo-1.png\",\"contentUrl\":\"https:\\\/\\\/amedis.es\\\/tienda\\\/wp-content\\\/uploads\\\/2020\\\/05\\\/logo-1.png\",\"width\":191,\"height\":80,\"caption\":\"Amedis | Suministros M\u00e9dicos y Dentales\"},\"image\":{\"@id\":\"https:\\\/\\\/amedis.es\\\/tienda\\\/#\\\/schema\\\/logo\\\/image\\\/\"}}]}<\/script>\n<!-- \/ Yoast SEO plugin. -->","yoast_head_json":{"title":"OPTIBOND UNIVERSAL REFILL | Amedis | KERR","description":"Optibond universal. Adhesivo universal de un solo componente. OptiBond\u2122 Universal ya est\u00e1 aqu\u00ed. Este agente adhesivo presentado.","robots":{"index":"index","follow":"follow","max-snippet":"max-snippet:-1","max-image-preview":"max-image-preview:large","max-video-preview":"max-video-preview:-1"},"canonical":"https:\/\/amedis.es\/tienda\/producto\/optibond-universal-refill\/","og_locale":"es_ES","og_type":"article","og_title":"OPTIBOND UNIVERSAL REFILL | Amedis | KERR","og_description":"Optibond universal. Adhesivo universal de un solo componente. OptiBond\u2122 Universal ya est\u00e1 aqu\u00ed. Este agente adhesivo presentado.","og_url":"https:\/\/amedis.es\/tienda\/producto\/optibond-universal-refill\/","og_site_name":"Amedis","article_modified_time":"2026-02-11T19:09:28+00:00","og_image":[{"width":600,"height":600,"url":"https:\/\/amedis.es\/tienda\/wp-content\/uploads\/2021\/08\/OPTIBOND-UNIVERSAL-REPOSICION.jpg","type":"image\/jpeg"}],"twitter_card":"summary_large_image","twitter_misc":{"Tiempo de lectura":"1 minuto"},"schema":{"@context":"https:\/\/schema.org","@graph":[{"@type":"WebPage","@id":"https:\/\/amedis.es\/tienda\/producto\/optibond-universal-refill\/","url":"https:\/\/amedis.es\/tienda\/producto\/optibond-universal-refill\/","name":"OPTIBOND UNIVERSAL REFILL | Amedis | KERR","isPartOf":{"@id":"https:\/\/amedis.es\/tienda\/#website"},"primaryImageOfPage":{"@id":"https:\/\/amedis.es\/tienda\/producto\/optibond-universal-refill\/#primaryimage"},"image":{"@id":"https:\/\/amedis.es\/tienda\/producto\/optibond-universal-refill\/#primaryimage"},"thumbnailUrl":"https:\/\/amedis.es\/tienda\/wp-content\/uploads\/2021\/08\/OPTIBOND-UNIVERSAL-REPOSICION.jpg","datePublished":"2021-08-23T16:12:26+00:00","dateModified":"2026-02-11T19:09:28+00:00","description":"Optibond universal. Adhesivo universal de un solo componente. OptiBond\u2122 Universal ya est\u00e1 aqu\u00ed. Este agente adhesivo presentado.","breadcrumb":{"@id":"https:\/\/amedis.es\/tienda\/producto\/optibond-universal-refill\/#breadcrumb"},"inLanguage":"es","potentialAction":[{"@type":"ReadAction","target":["https:\/\/amedis.es\/tienda\/producto\/optibond-universal-refill\/"]}]},{"@type":"ImageObject","inLanguage":"es","@id":"https:\/\/amedis.es\/tienda\/producto\/optibond-universal-refill\/#primaryimage","url":"https:\/\/amedis.es\/tienda\/wp-content\/uploads\/2021\/08\/OPTIBOND-UNIVERSAL-REPOSICION.jpg","contentUrl":"https:\/\/amedis.es\/tienda\/wp-content\/uploads\/2021\/08\/OPTIBOND-UNIVERSAL-REPOSICION.jpg","width":600,"height":600,"caption":"Amedis OPTIBOND UNIVERSAL REPOSICION"},{"@type":"BreadcrumbList","@id":"https:\/\/amedis.es\/tienda\/producto\/optibond-universal-refill\/#breadcrumb","itemListElement":[{"@type":"ListItem","position":1,"name":"Portada","item":"https:\/\/amedis.es\/tienda\/"},{"@type":"ListItem","position":2,"name":"Amedis | Suministros M\u00e9dicos y Dentales | Tienda","item":"https:\/\/amedis.es\/tienda\/suministros-medicos-y-dentales\/"},{"@type":"ListItem","position":3,"name":"OPTIBOND UNIVERSAL REFILL"}]},{"@type":"WebSite","@id":"https:\/\/amedis.es\/tienda\/#website","url":"https:\/\/amedis.es\/tienda\/","name":"Amedis","description":"Suministros M\u00e9dicos y Dentales","publisher":{"@id":"https:\/\/amedis.es\/tienda\/#organization"},"potentialAction":[{"@type":"SearchAction","target":{"@type":"EntryPoint","urlTemplate":"https:\/\/amedis.es\/tienda\/?s={search_term_string}"},"query-input":{"@type":"PropertyValueSpecification","valueRequired":true,"valueName":"search_term_string"}}],"inLanguage":"es"},{"@type":"Organization","@id":"https:\/\/amedis.es\/tienda\/#organization","name":"Amedis | Suministros M\u00e9dicos y Dentales","url":"https:\/\/amedis.es\/tienda\/","logo":{"@type":"ImageObject","inLanguage":"es","@id":"https:\/\/amedis.es\/tienda\/#\/schema\/logo\/image\/","url":"https:\/\/amedis.es\/tienda\/wp-content\/uploads\/2020\/05\/logo-1.png","contentUrl":"https:\/\/amedis.es\/tienda\/wp-content\/uploads\/2020\/05\/logo-1.png","width":191,"height":80,"caption":"Amedis | Suministros M\u00e9dicos y Dentales"},"image":{"@id":"https:\/\/amedis.es\/tienda\/#\/schema\/logo\/image\/"}}]}},"brands":[{"id":2356,"name":"KERR","slug":"kerr"}],"_links":{"self":[{"href":"https:\/\/amedis.es\/tienda\/wp-json\/wp\/v2\/product\/12273","targetHints":{"allow":["GET"]}}],"collection":[{"href":"https:\/\/amedis.es\/tienda\/wp-json\/wp\/v2\/product"}],"about":[{"href":"https:\/\/amedis.es\/tienda\/wp-json\/wp\/v2\/types\/product"}],"wp:featuredmedia":[{"embeddable":true,"href":"https:\/\/amedis.es\/tienda\/wp-json\/wp\/v2\/media\/20574"}],"wp:attachment":[{"href":"https:\/\/amedis.es\/tienda\/wp-json\/wp\/v2\/media?parent=12273"}],"wp:term":[{"taxonomy":"pwb-brand","embeddable":true,"href":"https:\/\/amedis.es\/tienda\/wp-json\/wp\/v2\/pwb-brand?post=12273"},{"taxonomy":"product_brand","embeddable":true,"href":"https:\/\/amedis.es\/tienda\/wp-json\/wp\/v2\/product_brand?post=12273"},{"taxonomy":"product_cat","embeddable":true,"href":"https:\/\/amedis.es\/tienda\/wp-json\/wp\/v2\/product_cat?post=12273"},{"taxonomy":"product_tag","embeddable":true,"href":"https:\/\/amedis.es\/tienda\/wp-json\/wp\/v2\/product_tag?post=12273"}],"curies":[{"name":"wp","href":"https:\/\/api.w.org\/{rel}","templated":true}]}}