{"id":11020,"date":"2021-08-10T12:09:01","date_gmt":"2021-08-10T12:09:01","guid":{"rendered":"https:\/\/amedis.es\/tienda\/?post_type=product&#038;p=11020"},"modified":"2024-07-30T09:57:54","modified_gmt":"2024-07-30T09:57:54","slug":"g-aenial-achord-bleach-kit-jeringas","status":"publish","type":"product","link":"https:\/\/amedis.es\/tienda\/producto\/g-aenial-achord-bleach-kit-jeringas\/","title":{"rendered":"G-AENIAL A&#8217;CHORD BLEACH KIT JERINGAS"},"content":{"rendered":"<p>G-\u00e6nial A&#8217;CHORD ofrece fluorescencia natural creada por su tecnolog\u00eda de relleno \u00fanica que imita el reflejo de la luz natural lo que da como resultado restauraciones invisibles tanto con luz natural como en condiciones de iluminaci\u00f3n especiales.<\/p>\n<p>ENVASE: 3 jeringas x 2,1 ml (BW, BOW, JE).<\/p>\n<p>REFERENCIA 104887<\/p>\n","protected":false},"excerpt":{"rendered":"<p>GC<\/p>\n","protected":false},"featured_media":11021,"template":"","meta":[],"pwb-brand":[2351],"product_brand":[],"product_cat":[27,272,262],"product_tag":[],"class_list":{"0":"post-11020","1":"product","2":"type-product","3":"status-publish","4":"has-post-thumbnail","6":"pwb-brand-gc","7":"product_cat-clinica","8":"product_cat-composites-universales","9":"product_cat-restauracion","11":"first","12":"instock","13":"sale","14":"taxable","15":"shipping-taxable","16":"purchasable","17":"product-type-simple"},"yoast_head":"<!-- This site is optimized with the Yoast SEO plugin v27.4 - https:\/\/yoast.com\/product\/yoast-seo-wordpress\/ -->\n<title>G-AENIAL A&#039;CHORD BLEACH KIT JERINGAS | Amedis | GC<\/title>\n<meta name=\"description\" content=\"G-\u00e6nial A&#039;CHORD ofrece fluorescencia natural creada por su tecnolog\u00eda de relleno \u00fanica que imita el reflejo de la luz natural\" \/>\n<meta name=\"robots\" content=\"index, follow, max-snippet:-1, max-image-preview:large, max-video-preview:-1\" \/>\n<link rel=\"canonical\" href=\"https:\/\/amedis.es\/tienda\/?product=g-aenial-achord-bleach-kit-jeringas\" \/>\n<meta property=\"og:locale\" content=\"es_ES\" \/>\n<meta property=\"og:type\" content=\"article\" \/>\n<meta property=\"og:title\" content=\"G-AENIAL A&#039;CHORD BLEACH KIT JERINGAS | Amedis | GC\" \/>\n<meta property=\"og:description\" content=\"G-\u00e6nial A&#039;CHORD ofrece fluorescencia natural creada por su tecnolog\u00eda de relleno \u00fanica que imita el reflejo de la luz natural\" \/>\n<meta property=\"og:url\" content=\"https:\/\/amedis.es\/tienda\/?product=g-aenial-achord-bleach-kit-jeringas\" \/>\n<meta property=\"og:site_name\" content=\"Amedis\" \/>\n<meta property=\"article:modified_time\" content=\"2024-07-30T09:57:54+00:00\" \/>\n<meta property=\"og:image\" content=\"https:\/\/amedis.es\/tienda\/wp-content\/uploads\/2021\/08\/G-AENIAL-ACHORD-BLEACH-KIT-JERINGAS.jpg\" \/>\n\t<meta property=\"og:image:width\" content=\"600\" \/>\n\t<meta property=\"og:image:height\" content=\"600\" \/>\n\t<meta property=\"og:image:type\" content=\"image\/jpeg\" \/>\n<meta name=\"twitter:card\" content=\"summary_large_image\" \/>\n<script type=\"application\/ld+json\" class=\"yoast-schema-graph\">{\"@context\":\"https:\\\/\\\/schema.org\",\"@graph\":[{\"@type\":\"WebPage\",\"@id\":\"https:\\\/\\\/amedis.es\\\/tienda\\\/?product=g-aenial-achord-bleach-kit-jeringas\",\"url\":\"https:\\\/\\\/amedis.es\\\/tienda\\\/?product=g-aenial-achord-bleach-kit-jeringas\",\"name\":\"G-AENIAL A'CHORD BLEACH KIT JERINGAS | Amedis | GC\",\"isPartOf\":{\"@id\":\"https:\\\/\\\/amedis.es\\\/tienda\\\/#website\"},\"primaryImageOfPage\":{\"@id\":\"https:\\\/\\\/amedis.es\\\/tienda\\\/?product=g-aenial-achord-bleach-kit-jeringas#primaryimage\"},\"image\":{\"@id\":\"https:\\\/\\\/amedis.es\\\/tienda\\\/?product=g-aenial-achord-bleach-kit-jeringas#primaryimage\"},\"thumbnailUrl\":\"https:\\\/\\\/amedis.es\\\/tienda\\\/wp-content\\\/uploads\\\/2021\\\/08\\\/G-AENIAL-ACHORD-BLEACH-KIT-JERINGAS.jpg\",\"datePublished\":\"2021-08-10T12:09:01+00:00\",\"dateModified\":\"2024-07-30T09:57:54+00:00\",\"description\":\"G-\u00e6nial A'CHORD ofrece fluorescencia natural creada por su tecnolog\u00eda de relleno \u00fanica que imita el reflejo de la luz natural\",\"breadcrumb\":{\"@id\":\"https:\\\/\\\/amedis.es\\\/tienda\\\/?product=g-aenial-achord-bleach-kit-jeringas#breadcrumb\"},\"inLanguage\":\"es\",\"potentialAction\":[{\"@type\":\"ReadAction\",\"target\":[\"https:\\\/\\\/amedis.es\\\/tienda\\\/?product=g-aenial-achord-bleach-kit-jeringas\"]}]},{\"@type\":\"ImageObject\",\"inLanguage\":\"es\",\"@id\":\"https:\\\/\\\/amedis.es\\\/tienda\\\/?product=g-aenial-achord-bleach-kit-jeringas#primaryimage\",\"url\":\"https:\\\/\\\/amedis.es\\\/tienda\\\/wp-content\\\/uploads\\\/2021\\\/08\\\/G-AENIAL-ACHORD-BLEACH-KIT-JERINGAS.jpg\",\"contentUrl\":\"https:\\\/\\\/amedis.es\\\/tienda\\\/wp-content\\\/uploads\\\/2021\\\/08\\\/G-AENIAL-ACHORD-BLEACH-KIT-JERINGAS.jpg\",\"width\":600,\"height\":600,\"caption\":\"Amedis G-AENIAL A'CHORD BLEACH KIT JERINGAS\"},{\"@type\":\"BreadcrumbList\",\"@id\":\"https:\\\/\\\/amedis.es\\\/tienda\\\/?product=g-aenial-achord-bleach-kit-jeringas#breadcrumb\",\"itemListElement\":[{\"@type\":\"ListItem\",\"position\":1,\"name\":\"Portada\",\"item\":\"https:\\\/\\\/amedis.es\\\/tienda\\\/\"},{\"@type\":\"ListItem\",\"position\":2,\"name\":\"Amedis | Suministros M\u00e9dicos y Dentales | Tienda\",\"item\":\"https:\\\/\\\/amedis.es\\\/tienda\\\/suministros-medicos-y-dentales\\\/\"},{\"@type\":\"ListItem\",\"position\":3,\"name\":\"G-AENIAL A&#8217;CHORD BLEACH KIT JERINGAS\"}]},{\"@type\":\"WebSite\",\"@id\":\"https:\\\/\\\/amedis.es\\\/tienda\\\/#website\",\"url\":\"https:\\\/\\\/amedis.es\\\/tienda\\\/\",\"name\":\"Amedis\",\"description\":\"Suministros M\u00e9dicos y Dentales\",\"publisher\":{\"@id\":\"https:\\\/\\\/amedis.es\\\/tienda\\\/#organization\"},\"potentialAction\":[{\"@type\":\"SearchAction\",\"target\":{\"@type\":\"EntryPoint\",\"urlTemplate\":\"https:\\\/\\\/amedis.es\\\/tienda\\\/?s={search_term_string}\"},\"query-input\":{\"@type\":\"PropertyValueSpecification\",\"valueRequired\":true,\"valueName\":\"search_term_string\"}}],\"inLanguage\":\"es\"},{\"@type\":\"Organization\",\"@id\":\"https:\\\/\\\/amedis.es\\\/tienda\\\/#organization\",\"name\":\"Amedis | Suministros M\u00e9dicos y Dentales\",\"url\":\"https:\\\/\\\/amedis.es\\\/tienda\\\/\",\"logo\":{\"@type\":\"ImageObject\",\"inLanguage\":\"es\",\"@id\":\"https:\\\/\\\/amedis.es\\\/tienda\\\/#\\\/schema\\\/logo\\\/image\\\/\",\"url\":\"https:\\\/\\\/amedis.es\\\/tienda\\\/wp-content\\\/uploads\\\/2020\\\/05\\\/logo-1.png\",\"contentUrl\":\"https:\\\/\\\/amedis.es\\\/tienda\\\/wp-content\\\/uploads\\\/2020\\\/05\\\/logo-1.png\",\"width\":191,\"height\":80,\"caption\":\"Amedis | Suministros M\u00e9dicos y Dentales\"},\"image\":{\"@id\":\"https:\\\/\\\/amedis.es\\\/tienda\\\/#\\\/schema\\\/logo\\\/image\\\/\"}}]}<\/script>\n<!-- \/ Yoast SEO plugin. -->","yoast_head_json":{"title":"G-AENIAL A'CHORD BLEACH KIT JERINGAS | Amedis | GC","description":"G-\u00e6nial A'CHORD ofrece fluorescencia natural creada por su tecnolog\u00eda de relleno \u00fanica que imita el reflejo de la luz natural","robots":{"index":"index","follow":"follow","max-snippet":"max-snippet:-1","max-image-preview":"max-image-preview:large","max-video-preview":"max-video-preview:-1"},"canonical":"https:\/\/amedis.es\/tienda\/?product=g-aenial-achord-bleach-kit-jeringas","og_locale":"es_ES","og_type":"article","og_title":"G-AENIAL A'CHORD BLEACH KIT JERINGAS | Amedis | GC","og_description":"G-\u00e6nial A'CHORD ofrece fluorescencia natural creada por su tecnolog\u00eda de relleno \u00fanica que imita el reflejo de la luz natural","og_url":"https:\/\/amedis.es\/tienda\/?product=g-aenial-achord-bleach-kit-jeringas","og_site_name":"Amedis","article_modified_time":"2024-07-30T09:57:54+00:00","og_image":[{"width":600,"height":600,"url":"https:\/\/amedis.es\/tienda\/wp-content\/uploads\/2021\/08\/G-AENIAL-ACHORD-BLEACH-KIT-JERINGAS.jpg","type":"image\/jpeg"}],"twitter_card":"summary_large_image","schema":{"@context":"https:\/\/schema.org","@graph":[{"@type":"WebPage","@id":"https:\/\/amedis.es\/tienda\/?product=g-aenial-achord-bleach-kit-jeringas","url":"https:\/\/amedis.es\/tienda\/?product=g-aenial-achord-bleach-kit-jeringas","name":"G-AENIAL A'CHORD BLEACH KIT JERINGAS | Amedis | GC","isPartOf":{"@id":"https:\/\/amedis.es\/tienda\/#website"},"primaryImageOfPage":{"@id":"https:\/\/amedis.es\/tienda\/?product=g-aenial-achord-bleach-kit-jeringas#primaryimage"},"image":{"@id":"https:\/\/amedis.es\/tienda\/?product=g-aenial-achord-bleach-kit-jeringas#primaryimage"},"thumbnailUrl":"https:\/\/amedis.es\/tienda\/wp-content\/uploads\/2021\/08\/G-AENIAL-ACHORD-BLEACH-KIT-JERINGAS.jpg","datePublished":"2021-08-10T12:09:01+00:00","dateModified":"2024-07-30T09:57:54+00:00","description":"G-\u00e6nial A'CHORD ofrece fluorescencia natural creada por su tecnolog\u00eda de relleno \u00fanica que imita el reflejo de la luz natural","breadcrumb":{"@id":"https:\/\/amedis.es\/tienda\/?product=g-aenial-achord-bleach-kit-jeringas#breadcrumb"},"inLanguage":"es","potentialAction":[{"@type":"ReadAction","target":["https:\/\/amedis.es\/tienda\/?product=g-aenial-achord-bleach-kit-jeringas"]}]},{"@type":"ImageObject","inLanguage":"es","@id":"https:\/\/amedis.es\/tienda\/?product=g-aenial-achord-bleach-kit-jeringas#primaryimage","url":"https:\/\/amedis.es\/tienda\/wp-content\/uploads\/2021\/08\/G-AENIAL-ACHORD-BLEACH-KIT-JERINGAS.jpg","contentUrl":"https:\/\/amedis.es\/tienda\/wp-content\/uploads\/2021\/08\/G-AENIAL-ACHORD-BLEACH-KIT-JERINGAS.jpg","width":600,"height":600,"caption":"Amedis G-AENIAL A'CHORD BLEACH KIT JERINGAS"},{"@type":"BreadcrumbList","@id":"https:\/\/amedis.es\/tienda\/?product=g-aenial-achord-bleach-kit-jeringas#breadcrumb","itemListElement":[{"@type":"ListItem","position":1,"name":"Portada","item":"https:\/\/amedis.es\/tienda\/"},{"@type":"ListItem","position":2,"name":"Amedis | Suministros M\u00e9dicos y Dentales | Tienda","item":"https:\/\/amedis.es\/tienda\/suministros-medicos-y-dentales\/"},{"@type":"ListItem","position":3,"name":"G-AENIAL A&#8217;CHORD BLEACH KIT JERINGAS"}]},{"@type":"WebSite","@id":"https:\/\/amedis.es\/tienda\/#website","url":"https:\/\/amedis.es\/tienda\/","name":"Amedis","description":"Suministros M\u00e9dicos y Dentales","publisher":{"@id":"https:\/\/amedis.es\/tienda\/#organization"},"potentialAction":[{"@type":"SearchAction","target":{"@type":"EntryPoint","urlTemplate":"https:\/\/amedis.es\/tienda\/?s={search_term_string}"},"query-input":{"@type":"PropertyValueSpecification","valueRequired":true,"valueName":"search_term_string"}}],"inLanguage":"es"},{"@type":"Organization","@id":"https:\/\/amedis.es\/tienda\/#organization","name":"Amedis | Suministros M\u00e9dicos y Dentales","url":"https:\/\/amedis.es\/tienda\/","logo":{"@type":"ImageObject","inLanguage":"es","@id":"https:\/\/amedis.es\/tienda\/#\/schema\/logo\/image\/","url":"https:\/\/amedis.es\/tienda\/wp-content\/uploads\/2020\/05\/logo-1.png","contentUrl":"https:\/\/amedis.es\/tienda\/wp-content\/uploads\/2020\/05\/logo-1.png","width":191,"height":80,"caption":"Amedis | Suministros M\u00e9dicos y Dentales"},"image":{"@id":"https:\/\/amedis.es\/tienda\/#\/schema\/logo\/image\/"}}]}},"brands":[{"id":2351,"name":"GC","slug":"gc"}],"_links":{"self":[{"href":"https:\/\/amedis.es\/tienda\/wp-json\/wp\/v2\/product\/11020","targetHints":{"allow":["GET"]}}],"collection":[{"href":"https:\/\/amedis.es\/tienda\/wp-json\/wp\/v2\/product"}],"about":[{"href":"https:\/\/amedis.es\/tienda\/wp-json\/wp\/v2\/types\/product"}],"wp:featuredmedia":[{"embeddable":true,"href":"https:\/\/amedis.es\/tienda\/wp-json\/wp\/v2\/media\/11021"}],"wp:attachment":[{"href":"https:\/\/amedis.es\/tienda\/wp-json\/wp\/v2\/media?parent=11020"}],"wp:term":[{"taxonomy":"pwb-brand","embeddable":true,"href":"https:\/\/amedis.es\/tienda\/wp-json\/wp\/v2\/pwb-brand?post=11020"},{"taxonomy":"product_brand","embeddable":true,"href":"https:\/\/amedis.es\/tienda\/wp-json\/wp\/v2\/product_brand?post=11020"},{"taxonomy":"product_cat","embeddable":true,"href":"https:\/\/amedis.es\/tienda\/wp-json\/wp\/v2\/product_cat?post=11020"},{"taxonomy":"product_tag","embeddable":true,"href":"https:\/\/amedis.es\/tienda\/wp-json\/wp\/v2\/product_tag?post=11020"}],"curies":[{"name":"wp","href":"https:\/\/api.w.org\/{rel}","templated":true}]}}