{"id":10663,"date":"2021-07-26T16:55:18","date_gmt":"2021-07-26T16:55:18","guid":{"rendered":"https:\/\/amedis.es\/tienda\/?post_type=product&#038;p=10663"},"modified":"2024-07-30T09:50:49","modified_gmt":"2024-07-30T09:50:49","slug":"venus-diamond-reposicion-20-und","status":"publish","type":"product","link":"https:\/\/amedis.es\/tienda\/producto\/venus-diamond-reposicion-20-und\/","title":{"rendered":"VENUS DIAMOND REPOSICION 20 und."},"content":{"rendered":"<p>Venus Diamond reposici\u00f3n. La nueva clase de restauraciones perfectas: Venus Diamond es un nuevo composite universal nano-h\u00edbrido que combina en un solo producto una baja contracci\u00f3n y una elevada dureza. Se obtienen excelentes resultados aplicando una \u00fanica capa de Venus Diamond en restauraciones de casos m\u00e1s complejos. Este material puede adaptarse de una manera \u00fanica al color de la estructura dental contigua dando un aspecto extraordinariamente natural.<\/p>\n<p>ENVASE: 20 unidades.<\/p>\n","protected":false},"excerpt":{"rendered":"<p>KULZER<\/p>\n","protected":false},"featured_media":10640,"template":"","meta":[],"pwb-brand":[2357],"product_brand":[],"product_cat":[27,272,262],"product_tag":[],"class_list":{"0":"post-10663","1":"product","2":"type-product","3":"status-publish","4":"has-post-thumbnail","6":"pwb-brand-kulzer","7":"product_cat-clinica","8":"product_cat-composites-universales","9":"product_cat-restauracion","11":"first","12":"instock","13":"sale","14":"taxable","15":"shipping-taxable","16":"purchasable","17":"product-type-variable"},"yoast_head":"<!-- This site is optimized with the Yoast SEO plugin v27.4 - https:\/\/yoast.com\/product\/yoast-seo-wordpress\/ -->\n<title>VENUS DIAMOND REPOSICION 20 und. | Amedis<\/title>\n<meta name=\"description\" content=\"Venus Diamond reposici\u00f3n. La nueva clase de restauraciones perfectas: Venus Diamond es un nuevo composite universal nano-h\u00edbrido\" \/>\n<meta name=\"robots\" content=\"index, follow, max-snippet:-1, max-image-preview:large, max-video-preview:-1\" \/>\n<link rel=\"canonical\" href=\"https:\/\/amedis.es\/tienda\/?product=venus-diamond-reposicion-20-und\" \/>\n<meta property=\"og:locale\" content=\"es_ES\" \/>\n<meta property=\"og:type\" content=\"article\" \/>\n<meta property=\"og:title\" content=\"VENUS DIAMOND REPOSICION 20 und. | Amedis\" \/>\n<meta property=\"og:description\" content=\"Venus Diamond reposici\u00f3n. La nueva clase de restauraciones perfectas: Venus Diamond es un nuevo composite universal nano-h\u00edbrido\" \/>\n<meta property=\"og:url\" content=\"https:\/\/amedis.es\/tienda\/?product=venus-diamond-reposicion-20-und\" \/>\n<meta property=\"og:site_name\" content=\"Amedis\" \/>\n<meta property=\"article:modified_time\" content=\"2024-07-30T09:50:49+00:00\" \/>\n<meta property=\"og:image\" content=\"https:\/\/amedis.es\/tienda\/wp-content\/uploads\/2021\/07\/VENUS-DIAMOND-REPOSICION-10-und..jpg\" \/>\n\t<meta property=\"og:image:width\" content=\"600\" \/>\n\t<meta property=\"og:image:height\" content=\"600\" \/>\n\t<meta property=\"og:image:type\" content=\"image\/jpeg\" \/>\n<meta name=\"twitter:card\" content=\"summary_large_image\" \/>\n<script type=\"application\/ld+json\" class=\"yoast-schema-graph\">{\"@context\":\"https:\\\/\\\/schema.org\",\"@graph\":[{\"@type\":\"WebPage\",\"@id\":\"https:\\\/\\\/amedis.es\\\/tienda\\\/?product=venus-diamond-reposicion-20-und\",\"url\":\"https:\\\/\\\/amedis.es\\\/tienda\\\/?product=venus-diamond-reposicion-20-und\",\"name\":\"VENUS DIAMOND REPOSICION 20 und. | Amedis\",\"isPartOf\":{\"@id\":\"https:\\\/\\\/amedis.es\\\/tienda\\\/#website\"},\"primaryImageOfPage\":{\"@id\":\"https:\\\/\\\/amedis.es\\\/tienda\\\/?product=venus-diamond-reposicion-20-und#primaryimage\"},\"image\":{\"@id\":\"https:\\\/\\\/amedis.es\\\/tienda\\\/?product=venus-diamond-reposicion-20-und#primaryimage\"},\"thumbnailUrl\":\"https:\\\/\\\/amedis.es\\\/tienda\\\/wp-content\\\/uploads\\\/2021\\\/07\\\/VENUS-DIAMOND-REPOSICION-10-und..jpg\",\"datePublished\":\"2021-07-26T16:55:18+00:00\",\"dateModified\":\"2024-07-30T09:50:49+00:00\",\"description\":\"Venus Diamond reposici\u00f3n. La nueva clase de restauraciones perfectas: Venus Diamond es un nuevo composite universal nano-h\u00edbrido\",\"breadcrumb\":{\"@id\":\"https:\\\/\\\/amedis.es\\\/tienda\\\/?product=venus-diamond-reposicion-20-und#breadcrumb\"},\"inLanguage\":\"es\",\"potentialAction\":[{\"@type\":\"ReadAction\",\"target\":[\"https:\\\/\\\/amedis.es\\\/tienda\\\/?product=venus-diamond-reposicion-20-und\"]}]},{\"@type\":\"ImageObject\",\"inLanguage\":\"es\",\"@id\":\"https:\\\/\\\/amedis.es\\\/tienda\\\/?product=venus-diamond-reposicion-20-und#primaryimage\",\"url\":\"https:\\\/\\\/amedis.es\\\/tienda\\\/wp-content\\\/uploads\\\/2021\\\/07\\\/VENUS-DIAMOND-REPOSICION-10-und..jpg\",\"contentUrl\":\"https:\\\/\\\/amedis.es\\\/tienda\\\/wp-content\\\/uploads\\\/2021\\\/07\\\/VENUS-DIAMOND-REPOSICION-10-und..jpg\",\"width\":600,\"height\":600,\"caption\":\"Amedis VENUS DIAMOND REPOSICION\"},{\"@type\":\"BreadcrumbList\",\"@id\":\"https:\\\/\\\/amedis.es\\\/tienda\\\/?product=venus-diamond-reposicion-20-und#breadcrumb\",\"itemListElement\":[{\"@type\":\"ListItem\",\"position\":1,\"name\":\"Portada\",\"item\":\"https:\\\/\\\/amedis.es\\\/tienda\\\/\"},{\"@type\":\"ListItem\",\"position\":2,\"name\":\"Amedis | Suministros M\u00e9dicos y Dentales | Tienda\",\"item\":\"https:\\\/\\\/amedis.es\\\/tienda\\\/suministros-medicos-y-dentales\\\/\"},{\"@type\":\"ListItem\",\"position\":3,\"name\":\"VENUS DIAMOND REPOSICION 20 und.\"}]},{\"@type\":\"WebSite\",\"@id\":\"https:\\\/\\\/amedis.es\\\/tienda\\\/#website\",\"url\":\"https:\\\/\\\/amedis.es\\\/tienda\\\/\",\"name\":\"Amedis\",\"description\":\"Suministros M\u00e9dicos y Dentales\",\"publisher\":{\"@id\":\"https:\\\/\\\/amedis.es\\\/tienda\\\/#organization\"},\"potentialAction\":[{\"@type\":\"SearchAction\",\"target\":{\"@type\":\"EntryPoint\",\"urlTemplate\":\"https:\\\/\\\/amedis.es\\\/tienda\\\/?s={search_term_string}\"},\"query-input\":{\"@type\":\"PropertyValueSpecification\",\"valueRequired\":true,\"valueName\":\"search_term_string\"}}],\"inLanguage\":\"es\"},{\"@type\":\"Organization\",\"@id\":\"https:\\\/\\\/amedis.es\\\/tienda\\\/#organization\",\"name\":\"Amedis | Suministros M\u00e9dicos y Dentales\",\"url\":\"https:\\\/\\\/amedis.es\\\/tienda\\\/\",\"logo\":{\"@type\":\"ImageObject\",\"inLanguage\":\"es\",\"@id\":\"https:\\\/\\\/amedis.es\\\/tienda\\\/#\\\/schema\\\/logo\\\/image\\\/\",\"url\":\"https:\\\/\\\/amedis.es\\\/tienda\\\/wp-content\\\/uploads\\\/2020\\\/05\\\/logo-1.png\",\"contentUrl\":\"https:\\\/\\\/amedis.es\\\/tienda\\\/wp-content\\\/uploads\\\/2020\\\/05\\\/logo-1.png\",\"width\":191,\"height\":80,\"caption\":\"Amedis | Suministros M\u00e9dicos y Dentales\"},\"image\":{\"@id\":\"https:\\\/\\\/amedis.es\\\/tienda\\\/#\\\/schema\\\/logo\\\/image\\\/\"}}]}<\/script>\n<!-- \/ Yoast SEO plugin. -->","yoast_head_json":{"title":"VENUS DIAMOND REPOSICION 20 und. | Amedis","description":"Venus Diamond reposici\u00f3n. La nueva clase de restauraciones perfectas: Venus Diamond es un nuevo composite universal nano-h\u00edbrido","robots":{"index":"index","follow":"follow","max-snippet":"max-snippet:-1","max-image-preview":"max-image-preview:large","max-video-preview":"max-video-preview:-1"},"canonical":"https:\/\/amedis.es\/tienda\/?product=venus-diamond-reposicion-20-und","og_locale":"es_ES","og_type":"article","og_title":"VENUS DIAMOND REPOSICION 20 und. | Amedis","og_description":"Venus Diamond reposici\u00f3n. La nueva clase de restauraciones perfectas: Venus Diamond es un nuevo composite universal nano-h\u00edbrido","og_url":"https:\/\/amedis.es\/tienda\/?product=venus-diamond-reposicion-20-und","og_site_name":"Amedis","article_modified_time":"2024-07-30T09:50:49+00:00","og_image":[{"width":600,"height":600,"url":"https:\/\/amedis.es\/tienda\/wp-content\/uploads\/2021\/07\/VENUS-DIAMOND-REPOSICION-10-und..jpg","type":"image\/jpeg"}],"twitter_card":"summary_large_image","schema":{"@context":"https:\/\/schema.org","@graph":[{"@type":"WebPage","@id":"https:\/\/amedis.es\/tienda\/?product=venus-diamond-reposicion-20-und","url":"https:\/\/amedis.es\/tienda\/?product=venus-diamond-reposicion-20-und","name":"VENUS DIAMOND REPOSICION 20 und. | Amedis","isPartOf":{"@id":"https:\/\/amedis.es\/tienda\/#website"},"primaryImageOfPage":{"@id":"https:\/\/amedis.es\/tienda\/?product=venus-diamond-reposicion-20-und#primaryimage"},"image":{"@id":"https:\/\/amedis.es\/tienda\/?product=venus-diamond-reposicion-20-und#primaryimage"},"thumbnailUrl":"https:\/\/amedis.es\/tienda\/wp-content\/uploads\/2021\/07\/VENUS-DIAMOND-REPOSICION-10-und..jpg","datePublished":"2021-07-26T16:55:18+00:00","dateModified":"2024-07-30T09:50:49+00:00","description":"Venus Diamond reposici\u00f3n. La nueva clase de restauraciones perfectas: Venus Diamond es un nuevo composite universal nano-h\u00edbrido","breadcrumb":{"@id":"https:\/\/amedis.es\/tienda\/?product=venus-diamond-reposicion-20-und#breadcrumb"},"inLanguage":"es","potentialAction":[{"@type":"ReadAction","target":["https:\/\/amedis.es\/tienda\/?product=venus-diamond-reposicion-20-und"]}]},{"@type":"ImageObject","inLanguage":"es","@id":"https:\/\/amedis.es\/tienda\/?product=venus-diamond-reposicion-20-und#primaryimage","url":"https:\/\/amedis.es\/tienda\/wp-content\/uploads\/2021\/07\/VENUS-DIAMOND-REPOSICION-10-und..jpg","contentUrl":"https:\/\/amedis.es\/tienda\/wp-content\/uploads\/2021\/07\/VENUS-DIAMOND-REPOSICION-10-und..jpg","width":600,"height":600,"caption":"Amedis VENUS DIAMOND REPOSICION"},{"@type":"BreadcrumbList","@id":"https:\/\/amedis.es\/tienda\/?product=venus-diamond-reposicion-20-und#breadcrumb","itemListElement":[{"@type":"ListItem","position":1,"name":"Portada","item":"https:\/\/amedis.es\/tienda\/"},{"@type":"ListItem","position":2,"name":"Amedis | Suministros M\u00e9dicos y Dentales | Tienda","item":"https:\/\/amedis.es\/tienda\/suministros-medicos-y-dentales\/"},{"@type":"ListItem","position":3,"name":"VENUS DIAMOND REPOSICION 20 und."}]},{"@type":"WebSite","@id":"https:\/\/amedis.es\/tienda\/#website","url":"https:\/\/amedis.es\/tienda\/","name":"Amedis","description":"Suministros M\u00e9dicos y Dentales","publisher":{"@id":"https:\/\/amedis.es\/tienda\/#organization"},"potentialAction":[{"@type":"SearchAction","target":{"@type":"EntryPoint","urlTemplate":"https:\/\/amedis.es\/tienda\/?s={search_term_string}"},"query-input":{"@type":"PropertyValueSpecification","valueRequired":true,"valueName":"search_term_string"}}],"inLanguage":"es"},{"@type":"Organization","@id":"https:\/\/amedis.es\/tienda\/#organization","name":"Amedis | Suministros M\u00e9dicos y Dentales","url":"https:\/\/amedis.es\/tienda\/","logo":{"@type":"ImageObject","inLanguage":"es","@id":"https:\/\/amedis.es\/tienda\/#\/schema\/logo\/image\/","url":"https:\/\/amedis.es\/tienda\/wp-content\/uploads\/2020\/05\/logo-1.png","contentUrl":"https:\/\/amedis.es\/tienda\/wp-content\/uploads\/2020\/05\/logo-1.png","width":191,"height":80,"caption":"Amedis | Suministros M\u00e9dicos y Dentales"},"image":{"@id":"https:\/\/amedis.es\/tienda\/#\/schema\/logo\/image\/"}}]}},"brands":[{"id":2357,"name":"KULZER","slug":"kulzer"}],"_links":{"self":[{"href":"https:\/\/amedis.es\/tienda\/wp-json\/wp\/v2\/product\/10663","targetHints":{"allow":["GET"]}}],"collection":[{"href":"https:\/\/amedis.es\/tienda\/wp-json\/wp\/v2\/product"}],"about":[{"href":"https:\/\/amedis.es\/tienda\/wp-json\/wp\/v2\/types\/product"}],"wp:featuredmedia":[{"embeddable":true,"href":"https:\/\/amedis.es\/tienda\/wp-json\/wp\/v2\/media\/10640"}],"wp:attachment":[{"href":"https:\/\/amedis.es\/tienda\/wp-json\/wp\/v2\/media?parent=10663"}],"wp:term":[{"taxonomy":"pwb-brand","embeddable":true,"href":"https:\/\/amedis.es\/tienda\/wp-json\/wp\/v2\/pwb-brand?post=10663"},{"taxonomy":"product_brand","embeddable":true,"href":"https:\/\/amedis.es\/tienda\/wp-json\/wp\/v2\/product_brand?post=10663"},{"taxonomy":"product_cat","embeddable":true,"href":"https:\/\/amedis.es\/tienda\/wp-json\/wp\/v2\/product_cat?post=10663"},{"taxonomy":"product_tag","embeddable":true,"href":"https:\/\/amedis.es\/tienda\/wp-json\/wp\/v2\/product_tag?post=10663"}],"curies":[{"name":"wp","href":"https:\/\/api.w.org\/{rel}","templated":true}]}}