{"id":10282,"date":"2021-07-19T18:14:54","date_gmt":"2021-07-19T18:14:54","guid":{"rendered":"https:\/\/amedis.es\/tienda\/?post_type=product&#038;p=10282"},"modified":"2025-08-27T12:07:46","modified_gmt":"2025-08-27T12:07:46","slug":"ionolux-capsulas-20-und","status":"publish","type":"product","link":"https:\/\/amedis.es\/tienda\/producto\/ionolux-capsulas-20-und\/","title":{"rendered":"IONOLUX &#8211; C\u00c1PSULAS 20 und."},"content":{"rendered":"<p>Ionolux es un material de restauraci\u00f3n de ion\u00f3mero de vidrio fotopolimerizable que une las ventajas de un material ion\u00f3mero de vidrio y un composite. Ionolux es de aplicaci\u00f3n r\u00e1pida y de muy buena manipulaci\u00f3n sin que se pegue al instrumento. Con Ionolux no es necesario un acondicionamiento de la sustancia dentaria antes de la aplicaci\u00f3n tampoco es necesario el aplicar por ultimo un barniz. Los tiempos de polimerizaci\u00f3n son con 20 segundos por cada capa de 2 mm cortos y pr\u00e1cticos. Ionolux es simple de pulir biocompatible y libera fluoruros.<\/p>\n","protected":false},"excerpt":{"rendered":"<p>CONTENIDO: 20 c\u00e1psulas.<\/p>\n","protected":false},"featured_media":10279,"template":"","meta":[],"pwb-brand":[2353],"product_brand":[],"product_cat":[266,262],"product_tag":[],"class_list":{"0":"post-10282","1":"product","2":"type-product","3":"status-publish","4":"has-post-thumbnail","6":"pwb-brand-voco","7":"product_cat-ionomeros-restauradores","8":"product_cat-restauracion","10":"first","11":"onbackorder","12":"sale","13":"taxable","14":"shipping-taxable","15":"purchasable","16":"product-type-variable"},"yoast_head":"<!-- This site is optimized with the Yoast SEO plugin v27.4 - https:\/\/yoast.com\/product\/yoast-seo-wordpress\/ -->\n<title>IONOLUX - C\u00c1PSULAS 20 und. | Amedis | VOCO<\/title>\n<meta name=\"description\" content=\"Ionolux es un material de restauraci\u00f3n de ion\u00f3mero de vidrio fotopolimerizable que une las ventajas de un material ion\u00f3mero de vidrio .\" \/>\n<meta name=\"robots\" content=\"index, follow, max-snippet:-1, max-image-preview:large, max-video-preview:-1\" \/>\n<link rel=\"canonical\" href=\"https:\/\/amedis.es\/tienda\/producto\/ionolux-capsulas-20-und\/\" \/>\n<meta property=\"og:locale\" content=\"es_ES\" \/>\n<meta property=\"og:type\" content=\"article\" \/>\n<meta property=\"og:title\" content=\"IONOLUX - C\u00c1PSULAS 20 und. | Amedis | VOCO\" \/>\n<meta property=\"og:description\" content=\"Ionolux es un material de restauraci\u00f3n de ion\u00f3mero de vidrio fotopolimerizable que une las ventajas de un material ion\u00f3mero de vidrio .\" \/>\n<meta property=\"og:url\" content=\"https:\/\/amedis.es\/tienda\/producto\/ionolux-capsulas-20-und\/\" \/>\n<meta property=\"og:site_name\" content=\"Amedis\" \/>\n<meta property=\"article:modified_time\" content=\"2025-08-27T12:07:46+00:00\" \/>\n<meta property=\"og:image\" content=\"https:\/\/amedis.es\/tienda\/wp-content\/uploads\/2021\/07\/IONOLUX.jpg\" \/>\n\t<meta property=\"og:image:width\" content=\"600\" \/>\n\t<meta property=\"og:image:height\" content=\"600\" \/>\n\t<meta property=\"og:image:type\" content=\"image\/jpeg\" \/>\n<meta name=\"twitter:card\" content=\"summary_large_image\" \/>\n<meta name=\"twitter:label1\" content=\"Tiempo de lectura\" \/>\n\t<meta name=\"twitter:data1\" content=\"1 minuto\" \/>\n<script type=\"application\/ld+json\" class=\"yoast-schema-graph\">{\"@context\":\"https:\\\/\\\/schema.org\",\"@graph\":[{\"@type\":\"WebPage\",\"@id\":\"https:\\\/\\\/amedis.es\\\/tienda\\\/producto\\\/ionolux-capsulas-20-und\\\/\",\"url\":\"https:\\\/\\\/amedis.es\\\/tienda\\\/producto\\\/ionolux-capsulas-20-und\\\/\",\"name\":\"IONOLUX - C\u00c1PSULAS 20 und. | Amedis | VOCO\",\"isPartOf\":{\"@id\":\"https:\\\/\\\/amedis.es\\\/tienda\\\/#website\"},\"primaryImageOfPage\":{\"@id\":\"https:\\\/\\\/amedis.es\\\/tienda\\\/producto\\\/ionolux-capsulas-20-und\\\/#primaryimage\"},\"image\":{\"@id\":\"https:\\\/\\\/amedis.es\\\/tienda\\\/producto\\\/ionolux-capsulas-20-und\\\/#primaryimage\"},\"thumbnailUrl\":\"https:\\\/\\\/amedis.es\\\/tienda\\\/wp-content\\\/uploads\\\/2021\\\/07\\\/IONOLUX.jpg\",\"datePublished\":\"2021-07-19T18:14:54+00:00\",\"dateModified\":\"2025-08-27T12:07:46+00:00\",\"description\":\"Ionolux es un material de restauraci\u00f3n de ion\u00f3mero de vidrio fotopolimerizable que une las ventajas de un material ion\u00f3mero de vidrio .\",\"breadcrumb\":{\"@id\":\"https:\\\/\\\/amedis.es\\\/tienda\\\/producto\\\/ionolux-capsulas-20-und\\\/#breadcrumb\"},\"inLanguage\":\"es\",\"potentialAction\":[{\"@type\":\"ReadAction\",\"target\":[\"https:\\\/\\\/amedis.es\\\/tienda\\\/producto\\\/ionolux-capsulas-20-und\\\/\"]}]},{\"@type\":\"ImageObject\",\"inLanguage\":\"es\",\"@id\":\"https:\\\/\\\/amedis.es\\\/tienda\\\/producto\\\/ionolux-capsulas-20-und\\\/#primaryimage\",\"url\":\"https:\\\/\\\/amedis.es\\\/tienda\\\/wp-content\\\/uploads\\\/2021\\\/07\\\/IONOLUX.jpg\",\"contentUrl\":\"https:\\\/\\\/amedis.es\\\/tienda\\\/wp-content\\\/uploads\\\/2021\\\/07\\\/IONOLUX.jpg\",\"width\":600,\"height\":600,\"caption\":\"Amedis IONOLUX\"},{\"@type\":\"BreadcrumbList\",\"@id\":\"https:\\\/\\\/amedis.es\\\/tienda\\\/producto\\\/ionolux-capsulas-20-und\\\/#breadcrumb\",\"itemListElement\":[{\"@type\":\"ListItem\",\"position\":1,\"name\":\"Portada\",\"item\":\"https:\\\/\\\/amedis.es\\\/tienda\\\/\"},{\"@type\":\"ListItem\",\"position\":2,\"name\":\"Amedis | Suministros M\u00e9dicos y Dentales | Tienda\",\"item\":\"https:\\\/\\\/amedis.es\\\/tienda\\\/suministros-medicos-y-dentales\\\/\"},{\"@type\":\"ListItem\",\"position\":3,\"name\":\"IONOLUX &#8211; C\u00c1PSULAS 20 und.\"}]},{\"@type\":\"WebSite\",\"@id\":\"https:\\\/\\\/amedis.es\\\/tienda\\\/#website\",\"url\":\"https:\\\/\\\/amedis.es\\\/tienda\\\/\",\"name\":\"Amedis\",\"description\":\"Suministros M\u00e9dicos y Dentales\",\"publisher\":{\"@id\":\"https:\\\/\\\/amedis.es\\\/tienda\\\/#organization\"},\"potentialAction\":[{\"@type\":\"SearchAction\",\"target\":{\"@type\":\"EntryPoint\",\"urlTemplate\":\"https:\\\/\\\/amedis.es\\\/tienda\\\/?s={search_term_string}\"},\"query-input\":{\"@type\":\"PropertyValueSpecification\",\"valueRequired\":true,\"valueName\":\"search_term_string\"}}],\"inLanguage\":\"es\"},{\"@type\":\"Organization\",\"@id\":\"https:\\\/\\\/amedis.es\\\/tienda\\\/#organization\",\"name\":\"Amedis | Suministros M\u00e9dicos y Dentales\",\"url\":\"https:\\\/\\\/amedis.es\\\/tienda\\\/\",\"logo\":{\"@type\":\"ImageObject\",\"inLanguage\":\"es\",\"@id\":\"https:\\\/\\\/amedis.es\\\/tienda\\\/#\\\/schema\\\/logo\\\/image\\\/\",\"url\":\"https:\\\/\\\/amedis.es\\\/tienda\\\/wp-content\\\/uploads\\\/2020\\\/05\\\/logo-1.png\",\"contentUrl\":\"https:\\\/\\\/amedis.es\\\/tienda\\\/wp-content\\\/uploads\\\/2020\\\/05\\\/logo-1.png\",\"width\":191,\"height\":80,\"caption\":\"Amedis | Suministros M\u00e9dicos y Dentales\"},\"image\":{\"@id\":\"https:\\\/\\\/amedis.es\\\/tienda\\\/#\\\/schema\\\/logo\\\/image\\\/\"}}]}<\/script>\n<!-- \/ Yoast SEO plugin. -->","yoast_head_json":{"title":"IONOLUX - C\u00c1PSULAS 20 und. | Amedis | VOCO","description":"Ionolux es un material de restauraci\u00f3n de ion\u00f3mero de vidrio fotopolimerizable que une las ventajas de un material ion\u00f3mero de vidrio .","robots":{"index":"index","follow":"follow","max-snippet":"max-snippet:-1","max-image-preview":"max-image-preview:large","max-video-preview":"max-video-preview:-1"},"canonical":"https:\/\/amedis.es\/tienda\/producto\/ionolux-capsulas-20-und\/","og_locale":"es_ES","og_type":"article","og_title":"IONOLUX - C\u00c1PSULAS 20 und. | Amedis | VOCO","og_description":"Ionolux es un material de restauraci\u00f3n de ion\u00f3mero de vidrio fotopolimerizable que une las ventajas de un material ion\u00f3mero de vidrio .","og_url":"https:\/\/amedis.es\/tienda\/producto\/ionolux-capsulas-20-und\/","og_site_name":"Amedis","article_modified_time":"2025-08-27T12:07:46+00:00","og_image":[{"width":600,"height":600,"url":"https:\/\/amedis.es\/tienda\/wp-content\/uploads\/2021\/07\/IONOLUX.jpg","type":"image\/jpeg"}],"twitter_card":"summary_large_image","twitter_misc":{"Tiempo de lectura":"1 minuto"},"schema":{"@context":"https:\/\/schema.org","@graph":[{"@type":"WebPage","@id":"https:\/\/amedis.es\/tienda\/producto\/ionolux-capsulas-20-und\/","url":"https:\/\/amedis.es\/tienda\/producto\/ionolux-capsulas-20-und\/","name":"IONOLUX - C\u00c1PSULAS 20 und. | Amedis | VOCO","isPartOf":{"@id":"https:\/\/amedis.es\/tienda\/#website"},"primaryImageOfPage":{"@id":"https:\/\/amedis.es\/tienda\/producto\/ionolux-capsulas-20-und\/#primaryimage"},"image":{"@id":"https:\/\/amedis.es\/tienda\/producto\/ionolux-capsulas-20-und\/#primaryimage"},"thumbnailUrl":"https:\/\/amedis.es\/tienda\/wp-content\/uploads\/2021\/07\/IONOLUX.jpg","datePublished":"2021-07-19T18:14:54+00:00","dateModified":"2025-08-27T12:07:46+00:00","description":"Ionolux es un material de restauraci\u00f3n de ion\u00f3mero de vidrio fotopolimerizable que une las ventajas de un material ion\u00f3mero de vidrio .","breadcrumb":{"@id":"https:\/\/amedis.es\/tienda\/producto\/ionolux-capsulas-20-und\/#breadcrumb"},"inLanguage":"es","potentialAction":[{"@type":"ReadAction","target":["https:\/\/amedis.es\/tienda\/producto\/ionolux-capsulas-20-und\/"]}]},{"@type":"ImageObject","inLanguage":"es","@id":"https:\/\/amedis.es\/tienda\/producto\/ionolux-capsulas-20-und\/#primaryimage","url":"https:\/\/amedis.es\/tienda\/wp-content\/uploads\/2021\/07\/IONOLUX.jpg","contentUrl":"https:\/\/amedis.es\/tienda\/wp-content\/uploads\/2021\/07\/IONOLUX.jpg","width":600,"height":600,"caption":"Amedis IONOLUX"},{"@type":"BreadcrumbList","@id":"https:\/\/amedis.es\/tienda\/producto\/ionolux-capsulas-20-und\/#breadcrumb","itemListElement":[{"@type":"ListItem","position":1,"name":"Portada","item":"https:\/\/amedis.es\/tienda\/"},{"@type":"ListItem","position":2,"name":"Amedis | Suministros M\u00e9dicos y Dentales | Tienda","item":"https:\/\/amedis.es\/tienda\/suministros-medicos-y-dentales\/"},{"@type":"ListItem","position":3,"name":"IONOLUX &#8211; C\u00c1PSULAS 20 und."}]},{"@type":"WebSite","@id":"https:\/\/amedis.es\/tienda\/#website","url":"https:\/\/amedis.es\/tienda\/","name":"Amedis","description":"Suministros M\u00e9dicos y Dentales","publisher":{"@id":"https:\/\/amedis.es\/tienda\/#organization"},"potentialAction":[{"@type":"SearchAction","target":{"@type":"EntryPoint","urlTemplate":"https:\/\/amedis.es\/tienda\/?s={search_term_string}"},"query-input":{"@type":"PropertyValueSpecification","valueRequired":true,"valueName":"search_term_string"}}],"inLanguage":"es"},{"@type":"Organization","@id":"https:\/\/amedis.es\/tienda\/#organization","name":"Amedis | Suministros M\u00e9dicos y Dentales","url":"https:\/\/amedis.es\/tienda\/","logo":{"@type":"ImageObject","inLanguage":"es","@id":"https:\/\/amedis.es\/tienda\/#\/schema\/logo\/image\/","url":"https:\/\/amedis.es\/tienda\/wp-content\/uploads\/2020\/05\/logo-1.png","contentUrl":"https:\/\/amedis.es\/tienda\/wp-content\/uploads\/2020\/05\/logo-1.png","width":191,"height":80,"caption":"Amedis | Suministros M\u00e9dicos y Dentales"},"image":{"@id":"https:\/\/amedis.es\/tienda\/#\/schema\/logo\/image\/"}}]}},"brands":[{"id":2353,"name":"VOCO","slug":"voco"}],"_links":{"self":[{"href":"https:\/\/amedis.es\/tienda\/wp-json\/wp\/v2\/product\/10282","targetHints":{"allow":["GET"]}}],"collection":[{"href":"https:\/\/amedis.es\/tienda\/wp-json\/wp\/v2\/product"}],"about":[{"href":"https:\/\/amedis.es\/tienda\/wp-json\/wp\/v2\/types\/product"}],"wp:featuredmedia":[{"embeddable":true,"href":"https:\/\/amedis.es\/tienda\/wp-json\/wp\/v2\/media\/10279"}],"wp:attachment":[{"href":"https:\/\/amedis.es\/tienda\/wp-json\/wp\/v2\/media?parent=10282"}],"wp:term":[{"taxonomy":"pwb-brand","embeddable":true,"href":"https:\/\/amedis.es\/tienda\/wp-json\/wp\/v2\/pwb-brand?post=10282"},{"taxonomy":"product_brand","embeddable":true,"href":"https:\/\/amedis.es\/tienda\/wp-json\/wp\/v2\/product_brand?post=10282"},{"taxonomy":"product_cat","embeddable":true,"href":"https:\/\/amedis.es\/tienda\/wp-json\/wp\/v2\/product_cat?post=10282"},{"taxonomy":"product_tag","embeddable":true,"href":"https:\/\/amedis.es\/tienda\/wp-json\/wp\/v2\/product_tag?post=10282"}],"curies":[{"name":"wp","href":"https:\/\/api.w.org\/{rel}","templated":true}]}}