{"id":10147,"date":"2021-07-05T19:02:08","date_gmt":"2021-07-05T19:02:08","guid":{"rendered":"https:\/\/amedis.es\/tienda\/?post_type=product&#038;p=10147"},"modified":"2024-10-02T19:09:26","modified_gmt":"2024-10-02T19:09:26","slug":"servilletas-steri-quick-70x100-cm","status":"publish","type":"product","link":"https:\/\/amedis.es\/tienda\/producto\/servilletas-steri-quick-70x100-cm\/","title":{"rendered":"SERVILLETAS STERI-QUICK 70&#215;100 cm. ROEKO"},"content":{"rendered":"<p>Servilletas Steri-Quick. Las servilletas protectoras est\u00e9riles Steri-Quick est\u00e1n fabricadas de una l\u00e1mina de PE con un revestimiento de vell\u00f3n de celulosa absorbente. Son ideales para tapar bandejas y para proteger los instrumentos antes del tratamiento. Envasadas de una forma individual.<\/p>\n<p>TAMA\u00d1O: 70&#215;100 cm.<\/p>\n<p>ENVASE: 25 unidades.<\/p>\n<p>PRODUCTO BAJO PEDIDO. NO ADMITE DEVOLUCION.<\/p>\n<p>REFERENCIA 116015<\/p>\n","protected":false},"excerpt":{"rendered":"<p>ROEKO<\/p>\n","protected":false},"featured_media":10148,"template":"","meta":[],"pwb-brand":[2383],"product_brand":[],"product_cat":[89,91],"product_tag":[],"class_list":{"0":"post-10147","1":"product","2":"type-product","3":"status-publish","4":"has-post-thumbnail","6":"pwb-brand-roeko","7":"product_cat-desechables","8":"product_cat-tallas-esteriles","10":"first","11":"instock","12":"sale","13":"taxable","14":"shipping-taxable","15":"purchasable","16":"product-type-simple"},"yoast_head":"<!-- This site is optimized with the Yoast SEO plugin v27.3 - https:\/\/yoast.com\/product\/yoast-seo-wordpress\/ -->\n<title>SERVILLETAS STERI-QUICK 70x100 cm. ROEKO | Amedis<\/title>\n<meta name=\"description\" content=\"Servilletas Steri-Quick. Las servilletas protectoras est\u00e9riles Steri-Quick est\u00e1n fabricadas de una l\u00e1mina de PE\" \/>\n<meta name=\"robots\" content=\"index, follow, max-snippet:-1, max-image-preview:large, max-video-preview:-1\" \/>\n<link rel=\"canonical\" href=\"https:\/\/amedis.es\/tienda\/?product=servilletas-steri-quick-70x100-cm\" \/>\n<meta property=\"og:locale\" content=\"es_ES\" \/>\n<meta property=\"og:type\" content=\"article\" \/>\n<meta property=\"og:title\" content=\"SERVILLETAS STERI-QUICK 70x100 cm. ROEKO | Amedis\" \/>\n<meta property=\"og:description\" content=\"Servilletas Steri-Quick. Las servilletas protectoras est\u00e9riles Steri-Quick est\u00e1n fabricadas de una l\u00e1mina de PE\" \/>\n<meta property=\"og:url\" content=\"https:\/\/amedis.es\/tienda\/?product=servilletas-steri-quick-70x100-cm\" \/>\n<meta property=\"og:site_name\" content=\"Amedis\" \/>\n<meta property=\"article:modified_time\" content=\"2024-10-02T19:09:26+00:00\" \/>\n<meta property=\"og:image\" content=\"https:\/\/amedis.es\/tienda\/wp-content\/uploads\/2021\/07\/SERVILLETAS-STERI-QUICK-70x100-cm..jpg\" \/>\n\t<meta property=\"og:image:width\" content=\"600\" \/>\n\t<meta property=\"og:image:height\" content=\"600\" \/>\n\t<meta property=\"og:image:type\" content=\"image\/jpeg\" \/>\n<meta name=\"twitter:card\" content=\"summary_large_image\" \/>\n<script type=\"application\/ld+json\" class=\"yoast-schema-graph\">{\"@context\":\"https:\\\/\\\/schema.org\",\"@graph\":[{\"@type\":\"WebPage\",\"@id\":\"https:\\\/\\\/amedis.es\\\/tienda\\\/?product=servilletas-steri-quick-70x100-cm\",\"url\":\"https:\\\/\\\/amedis.es\\\/tienda\\\/?product=servilletas-steri-quick-70x100-cm\",\"name\":\"SERVILLETAS STERI-QUICK 70x100 cm. ROEKO | Amedis\",\"isPartOf\":{\"@id\":\"https:\\\/\\\/amedis.es\\\/tienda\\\/#website\"},\"primaryImageOfPage\":{\"@id\":\"https:\\\/\\\/amedis.es\\\/tienda\\\/?product=servilletas-steri-quick-70x100-cm#primaryimage\"},\"image\":{\"@id\":\"https:\\\/\\\/amedis.es\\\/tienda\\\/?product=servilletas-steri-quick-70x100-cm#primaryimage\"},\"thumbnailUrl\":\"https:\\\/\\\/amedis.es\\\/tienda\\\/wp-content\\\/uploads\\\/2021\\\/07\\\/SERVILLETAS-STERI-QUICK-70x100-cm..jpg\",\"datePublished\":\"2021-07-05T19:02:08+00:00\",\"dateModified\":\"2024-10-02T19:09:26+00:00\",\"description\":\"Servilletas Steri-Quick. Las servilletas protectoras est\u00e9riles Steri-Quick est\u00e1n fabricadas de una l\u00e1mina de PE\",\"breadcrumb\":{\"@id\":\"https:\\\/\\\/amedis.es\\\/tienda\\\/?product=servilletas-steri-quick-70x100-cm#breadcrumb\"},\"inLanguage\":\"es\",\"potentialAction\":[{\"@type\":\"ReadAction\",\"target\":[\"https:\\\/\\\/amedis.es\\\/tienda\\\/?product=servilletas-steri-quick-70x100-cm\"]}]},{\"@type\":\"ImageObject\",\"inLanguage\":\"es\",\"@id\":\"https:\\\/\\\/amedis.es\\\/tienda\\\/?product=servilletas-steri-quick-70x100-cm#primaryimage\",\"url\":\"https:\\\/\\\/amedis.es\\\/tienda\\\/wp-content\\\/uploads\\\/2021\\\/07\\\/SERVILLETAS-STERI-QUICK-70x100-cm..jpg\",\"contentUrl\":\"https:\\\/\\\/amedis.es\\\/tienda\\\/wp-content\\\/uploads\\\/2021\\\/07\\\/SERVILLETAS-STERI-QUICK-70x100-cm..jpg\",\"width\":600,\"height\":600,\"caption\":\"Amedis SERVILLETAS STERI-QUICK 70x100 cm.\"},{\"@type\":\"BreadcrumbList\",\"@id\":\"https:\\\/\\\/amedis.es\\\/tienda\\\/?product=servilletas-steri-quick-70x100-cm#breadcrumb\",\"itemListElement\":[{\"@type\":\"ListItem\",\"position\":1,\"name\":\"Portada\",\"item\":\"https:\\\/\\\/amedis.es\\\/tienda\\\/\"},{\"@type\":\"ListItem\",\"position\":2,\"name\":\"Amedis | Suministros M\u00e9dicos y Dentales | Tienda\",\"item\":\"https:\\\/\\\/amedis.es\\\/tienda\\\/suministros-medicos-y-dentales\\\/\"},{\"@type\":\"ListItem\",\"position\":3,\"name\":\"SERVILLETAS STERI-QUICK 70&#215;100 cm. ROEKO\"}]},{\"@type\":\"WebSite\",\"@id\":\"https:\\\/\\\/amedis.es\\\/tienda\\\/#website\",\"url\":\"https:\\\/\\\/amedis.es\\\/tienda\\\/\",\"name\":\"Amedis\",\"description\":\"Suministros M\u00e9dicos y Dentales\",\"publisher\":{\"@id\":\"https:\\\/\\\/amedis.es\\\/tienda\\\/#organization\"},\"potentialAction\":[{\"@type\":\"SearchAction\",\"target\":{\"@type\":\"EntryPoint\",\"urlTemplate\":\"https:\\\/\\\/amedis.es\\\/tienda\\\/?s={search_term_string}\"},\"query-input\":{\"@type\":\"PropertyValueSpecification\",\"valueRequired\":true,\"valueName\":\"search_term_string\"}}],\"inLanguage\":\"es\"},{\"@type\":\"Organization\",\"@id\":\"https:\\\/\\\/amedis.es\\\/tienda\\\/#organization\",\"name\":\"Amedis | Suministros M\u00e9dicos y Dentales\",\"url\":\"https:\\\/\\\/amedis.es\\\/tienda\\\/\",\"logo\":{\"@type\":\"ImageObject\",\"inLanguage\":\"es\",\"@id\":\"https:\\\/\\\/amedis.es\\\/tienda\\\/#\\\/schema\\\/logo\\\/image\\\/\",\"url\":\"https:\\\/\\\/amedis.es\\\/tienda\\\/wp-content\\\/uploads\\\/2020\\\/05\\\/logo-1.png\",\"contentUrl\":\"https:\\\/\\\/amedis.es\\\/tienda\\\/wp-content\\\/uploads\\\/2020\\\/05\\\/logo-1.png\",\"width\":191,\"height\":80,\"caption\":\"Amedis | Suministros M\u00e9dicos y Dentales\"},\"image\":{\"@id\":\"https:\\\/\\\/amedis.es\\\/tienda\\\/#\\\/schema\\\/logo\\\/image\\\/\"}}]}<\/script>\n<!-- \/ Yoast SEO plugin. -->","yoast_head_json":{"title":"SERVILLETAS STERI-QUICK 70x100 cm. ROEKO | Amedis","description":"Servilletas Steri-Quick. Las servilletas protectoras est\u00e9riles Steri-Quick est\u00e1n fabricadas de una l\u00e1mina de PE","robots":{"index":"index","follow":"follow","max-snippet":"max-snippet:-1","max-image-preview":"max-image-preview:large","max-video-preview":"max-video-preview:-1"},"canonical":"https:\/\/amedis.es\/tienda\/?product=servilletas-steri-quick-70x100-cm","og_locale":"es_ES","og_type":"article","og_title":"SERVILLETAS STERI-QUICK 70x100 cm. ROEKO | Amedis","og_description":"Servilletas Steri-Quick. Las servilletas protectoras est\u00e9riles Steri-Quick est\u00e1n fabricadas de una l\u00e1mina de PE","og_url":"https:\/\/amedis.es\/tienda\/?product=servilletas-steri-quick-70x100-cm","og_site_name":"Amedis","article_modified_time":"2024-10-02T19:09:26+00:00","og_image":[{"width":600,"height":600,"url":"https:\/\/amedis.es\/tienda\/wp-content\/uploads\/2021\/07\/SERVILLETAS-STERI-QUICK-70x100-cm..jpg","type":"image\/jpeg"}],"twitter_card":"summary_large_image","schema":{"@context":"https:\/\/schema.org","@graph":[{"@type":"WebPage","@id":"https:\/\/amedis.es\/tienda\/?product=servilletas-steri-quick-70x100-cm","url":"https:\/\/amedis.es\/tienda\/?product=servilletas-steri-quick-70x100-cm","name":"SERVILLETAS STERI-QUICK 70x100 cm. ROEKO | Amedis","isPartOf":{"@id":"https:\/\/amedis.es\/tienda\/#website"},"primaryImageOfPage":{"@id":"https:\/\/amedis.es\/tienda\/?product=servilletas-steri-quick-70x100-cm#primaryimage"},"image":{"@id":"https:\/\/amedis.es\/tienda\/?product=servilletas-steri-quick-70x100-cm#primaryimage"},"thumbnailUrl":"https:\/\/amedis.es\/tienda\/wp-content\/uploads\/2021\/07\/SERVILLETAS-STERI-QUICK-70x100-cm..jpg","datePublished":"2021-07-05T19:02:08+00:00","dateModified":"2024-10-02T19:09:26+00:00","description":"Servilletas Steri-Quick. Las servilletas protectoras est\u00e9riles Steri-Quick est\u00e1n fabricadas de una l\u00e1mina de PE","breadcrumb":{"@id":"https:\/\/amedis.es\/tienda\/?product=servilletas-steri-quick-70x100-cm#breadcrumb"},"inLanguage":"es","potentialAction":[{"@type":"ReadAction","target":["https:\/\/amedis.es\/tienda\/?product=servilletas-steri-quick-70x100-cm"]}]},{"@type":"ImageObject","inLanguage":"es","@id":"https:\/\/amedis.es\/tienda\/?product=servilletas-steri-quick-70x100-cm#primaryimage","url":"https:\/\/amedis.es\/tienda\/wp-content\/uploads\/2021\/07\/SERVILLETAS-STERI-QUICK-70x100-cm..jpg","contentUrl":"https:\/\/amedis.es\/tienda\/wp-content\/uploads\/2021\/07\/SERVILLETAS-STERI-QUICK-70x100-cm..jpg","width":600,"height":600,"caption":"Amedis SERVILLETAS STERI-QUICK 70x100 cm."},{"@type":"BreadcrumbList","@id":"https:\/\/amedis.es\/tienda\/?product=servilletas-steri-quick-70x100-cm#breadcrumb","itemListElement":[{"@type":"ListItem","position":1,"name":"Portada","item":"https:\/\/amedis.es\/tienda\/"},{"@type":"ListItem","position":2,"name":"Amedis | Suministros M\u00e9dicos y Dentales | Tienda","item":"https:\/\/amedis.es\/tienda\/suministros-medicos-y-dentales\/"},{"@type":"ListItem","position":3,"name":"SERVILLETAS STERI-QUICK 70&#215;100 cm. ROEKO"}]},{"@type":"WebSite","@id":"https:\/\/amedis.es\/tienda\/#website","url":"https:\/\/amedis.es\/tienda\/","name":"Amedis","description":"Suministros M\u00e9dicos y Dentales","publisher":{"@id":"https:\/\/amedis.es\/tienda\/#organization"},"potentialAction":[{"@type":"SearchAction","target":{"@type":"EntryPoint","urlTemplate":"https:\/\/amedis.es\/tienda\/?s={search_term_string}"},"query-input":{"@type":"PropertyValueSpecification","valueRequired":true,"valueName":"search_term_string"}}],"inLanguage":"es"},{"@type":"Organization","@id":"https:\/\/amedis.es\/tienda\/#organization","name":"Amedis | Suministros M\u00e9dicos y Dentales","url":"https:\/\/amedis.es\/tienda\/","logo":{"@type":"ImageObject","inLanguage":"es","@id":"https:\/\/amedis.es\/tienda\/#\/schema\/logo\/image\/","url":"https:\/\/amedis.es\/tienda\/wp-content\/uploads\/2020\/05\/logo-1.png","contentUrl":"https:\/\/amedis.es\/tienda\/wp-content\/uploads\/2020\/05\/logo-1.png","width":191,"height":80,"caption":"Amedis | Suministros M\u00e9dicos y Dentales"},"image":{"@id":"https:\/\/amedis.es\/tienda\/#\/schema\/logo\/image\/"}}]}},"brands":[{"id":2383,"name":"ROEKO","slug":"roeko"}],"_links":{"self":[{"href":"https:\/\/amedis.es\/tienda\/wp-json\/wp\/v2\/product\/10147","targetHints":{"allow":["GET"]}}],"collection":[{"href":"https:\/\/amedis.es\/tienda\/wp-json\/wp\/v2\/product"}],"about":[{"href":"https:\/\/amedis.es\/tienda\/wp-json\/wp\/v2\/types\/product"}],"wp:featuredmedia":[{"embeddable":true,"href":"https:\/\/amedis.es\/tienda\/wp-json\/wp\/v2\/media\/10148"}],"wp:attachment":[{"href":"https:\/\/amedis.es\/tienda\/wp-json\/wp\/v2\/media?parent=10147"}],"wp:term":[{"taxonomy":"pwb-brand","embeddable":true,"href":"https:\/\/amedis.es\/tienda\/wp-json\/wp\/v2\/pwb-brand?post=10147"},{"taxonomy":"product_brand","embeddable":true,"href":"https:\/\/amedis.es\/tienda\/wp-json\/wp\/v2\/product_brand?post=10147"},{"taxonomy":"product_cat","embeddable":true,"href":"https:\/\/amedis.es\/tienda\/wp-json\/wp\/v2\/product_cat?post=10147"},{"taxonomy":"product_tag","embeddable":true,"href":"https:\/\/amedis.es\/tienda\/wp-json\/wp\/v2\/product_tag?post=10147"}],"curies":[{"name":"wp","href":"https:\/\/api.w.org\/{rel}","templated":true}]}}