{"id":36,"date":"2020-05-04T15:19:14","date_gmt":"2020-05-04T15:19:14","guid":{"rendered":"https:\/\/amedis.es\/tienda\/index.php\/carrito\/"},"modified":"2020-05-14T11:09:54","modified_gmt":"2020-05-14T11:09:54","slug":"carrito-amedis-suministros-medicos-y-dentales","status":"publish","type":"page","link":"https:\/\/amedis.es\/tienda\/carrito-amedis-suministros-medicos-y-dentales\/","title":{"rendered":"Carrito | Amedis | Suministros M\u00e9dicos y Dentales"},"content":{"rendered":"\n","protected":false},"excerpt":{"rendered":"","protected":false},"author":1,"featured_media":0,"parent":0,"menu_order":0,"comment_status":"closed","ping_status":"closed","template":"","meta":{"footnotes":""},"class_list":["post-36","page","type-page","status-publish","hentry"],"yoast_head":"<!-- This site is optimized with the Yoast SEO plugin v27.3 - https:\/\/yoast.com\/product\/yoast-seo-wordpress\/ -->\n<title>Carrito | Amedis | Suministros M\u00e9dicos y Dentales | Tienda<\/title>\n<meta name=\"description\" content=\"Comercializaci\u00f3n y distribuci\u00f3n de productos dentales y sanitarios. Tu dep\u00f3sito dental de confianza. Carrito | Amedis Suministros M\u00e9dicos y Dentales\" \/>\n<meta name=\"robots\" content=\"index, follow, max-snippet:-1, max-image-preview:large, max-video-preview:-1\" \/>\n<link rel=\"canonical\" href=\"https:\/\/amedis.es\/tienda\/carrito-amedis-suministros-medicos-y-dentales\/\" \/>\n<meta property=\"og:locale\" content=\"es_ES\" \/>\n<meta property=\"og:type\" content=\"article\" \/>\n<meta property=\"og:title\" content=\"Carrito | Amedis | Suministros M\u00e9dicos y Dentales | Tienda\" \/>\n<meta property=\"og:description\" content=\"Comercializaci\u00f3n y distribuci\u00f3n de productos dentales y sanitarios. Tu dep\u00f3sito dental de confianza. Carrito | Amedis Suministros M\u00e9dicos y Dentales\" \/>\n<meta property=\"og:url\" content=\"https:\/\/amedis.es\/tienda\/carrito-amedis-suministros-medicos-y-dentales\/\" \/>\n<meta property=\"og:site_name\" content=\"Amedis\" \/>\n<meta property=\"article:modified_time\" content=\"2020-05-14T11:09:54+00:00\" \/>\n<meta name=\"twitter:card\" content=\"summary_large_image\" \/>\n<script type=\"application\/ld+json\" class=\"yoast-schema-graph\">{\"@context\":\"https:\\\/\\\/schema.org\",\"@graph\":[{\"@type\":\"WebPage\",\"@id\":\"https:\\\/\\\/amedis.es\\\/tienda\\\/carrito-amedis-suministros-medicos-y-dentales\\\/\",\"url\":\"https:\\\/\\\/amedis.es\\\/tienda\\\/carrito-amedis-suministros-medicos-y-dentales\\\/\",\"name\":\"Carrito | Amedis | Suministros M\u00e9dicos y Dentales | Tienda\",\"isPartOf\":{\"@id\":\"https:\\\/\\\/amedis.es\\\/tienda\\\/#website\"},\"datePublished\":\"2020-05-04T15:19:14+00:00\",\"dateModified\":\"2020-05-14T11:09:54+00:00\",\"description\":\"Comercializaci\u00f3n y distribuci\u00f3n de productos dentales y sanitarios. Tu dep\u00f3sito dental de confianza. Carrito | Amedis Suministros M\u00e9dicos y Dentales\",\"breadcrumb\":{\"@id\":\"https:\\\/\\\/amedis.es\\\/tienda\\\/carrito-amedis-suministros-medicos-y-dentales\\\/#breadcrumb\"},\"inLanguage\":\"es\",\"potentialAction\":[{\"@type\":\"ReadAction\",\"target\":[\"https:\\\/\\\/amedis.es\\\/tienda\\\/carrito-amedis-suministros-medicos-y-dentales\\\/\"]}]},{\"@type\":\"BreadcrumbList\",\"@id\":\"https:\\\/\\\/amedis.es\\\/tienda\\\/carrito-amedis-suministros-medicos-y-dentales\\\/#breadcrumb\",\"itemListElement\":[{\"@type\":\"ListItem\",\"position\":1,\"name\":\"Portada\",\"item\":\"https:\\\/\\\/amedis.es\\\/tienda\\\/\"},{\"@type\":\"ListItem\",\"position\":2,\"name\":\"Carrito | Amedis | Suministros M\u00e9dicos y Dentales\"}]},{\"@type\":\"WebSite\",\"@id\":\"https:\\\/\\\/amedis.es\\\/tienda\\\/#website\",\"url\":\"https:\\\/\\\/amedis.es\\\/tienda\\\/\",\"name\":\"Amedis\",\"description\":\"Suministros M\u00e9dicos y Dentales\",\"publisher\":{\"@id\":\"https:\\\/\\\/amedis.es\\\/tienda\\\/#organization\"},\"potentialAction\":[{\"@type\":\"SearchAction\",\"target\":{\"@type\":\"EntryPoint\",\"urlTemplate\":\"https:\\\/\\\/amedis.es\\\/tienda\\\/?s={search_term_string}\"},\"query-input\":{\"@type\":\"PropertyValueSpecification\",\"valueRequired\":true,\"valueName\":\"search_term_string\"}}],\"inLanguage\":\"es\"},{\"@type\":\"Organization\",\"@id\":\"https:\\\/\\\/amedis.es\\\/tienda\\\/#organization\",\"name\":\"Amedis | Suministros M\u00e9dicos y Dentales\",\"url\":\"https:\\\/\\\/amedis.es\\\/tienda\\\/\",\"logo\":{\"@type\":\"ImageObject\",\"inLanguage\":\"es\",\"@id\":\"https:\\\/\\\/amedis.es\\\/tienda\\\/#\\\/schema\\\/logo\\\/image\\\/\",\"url\":\"https:\\\/\\\/amedis.es\\\/tienda\\\/wp-content\\\/uploads\\\/2020\\\/05\\\/logo-1.png\",\"contentUrl\":\"https:\\\/\\\/amedis.es\\\/tienda\\\/wp-content\\\/uploads\\\/2020\\\/05\\\/logo-1.png\",\"width\":191,\"height\":80,\"caption\":\"Amedis | Suministros M\u00e9dicos y Dentales\"},\"image\":{\"@id\":\"https:\\\/\\\/amedis.es\\\/tienda\\\/#\\\/schema\\\/logo\\\/image\\\/\"}}]}<\/script>\n<!-- \/ Yoast SEO plugin. -->","yoast_head_json":{"title":"Carrito | Amedis | Suministros M\u00e9dicos y Dentales | Tienda","description":"Comercializaci\u00f3n y distribuci\u00f3n de productos dentales y sanitarios. Tu dep\u00f3sito dental de confianza. Carrito | Amedis Suministros M\u00e9dicos y Dentales","robots":{"index":"index","follow":"follow","max-snippet":"max-snippet:-1","max-image-preview":"max-image-preview:large","max-video-preview":"max-video-preview:-1"},"canonical":"https:\/\/amedis.es\/tienda\/carrito-amedis-suministros-medicos-y-dentales\/","og_locale":"es_ES","og_type":"article","og_title":"Carrito | Amedis | Suministros M\u00e9dicos y Dentales | Tienda","og_description":"Comercializaci\u00f3n y distribuci\u00f3n de productos dentales y sanitarios. Tu dep\u00f3sito dental de confianza. Carrito | Amedis Suministros M\u00e9dicos y Dentales","og_url":"https:\/\/amedis.es\/tienda\/carrito-amedis-suministros-medicos-y-dentales\/","og_site_name":"Amedis","article_modified_time":"2020-05-14T11:09:54+00:00","twitter_card":"summary_large_image","schema":{"@context":"https:\/\/schema.org","@graph":[{"@type":"WebPage","@id":"https:\/\/amedis.es\/tienda\/carrito-amedis-suministros-medicos-y-dentales\/","url":"https:\/\/amedis.es\/tienda\/carrito-amedis-suministros-medicos-y-dentales\/","name":"Carrito | Amedis | Suministros M\u00e9dicos y Dentales | Tienda","isPartOf":{"@id":"https:\/\/amedis.es\/tienda\/#website"},"datePublished":"2020-05-04T15:19:14+00:00","dateModified":"2020-05-14T11:09:54+00:00","description":"Comercializaci\u00f3n y distribuci\u00f3n de productos dentales y sanitarios. Tu dep\u00f3sito dental de confianza. Carrito | Amedis Suministros M\u00e9dicos y Dentales","breadcrumb":{"@id":"https:\/\/amedis.es\/tienda\/carrito-amedis-suministros-medicos-y-dentales\/#breadcrumb"},"inLanguage":"es","potentialAction":[{"@type":"ReadAction","target":["https:\/\/amedis.es\/tienda\/carrito-amedis-suministros-medicos-y-dentales\/"]}]},{"@type":"BreadcrumbList","@id":"https:\/\/amedis.es\/tienda\/carrito-amedis-suministros-medicos-y-dentales\/#breadcrumb","itemListElement":[{"@type":"ListItem","position":1,"name":"Portada","item":"https:\/\/amedis.es\/tienda\/"},{"@type":"ListItem","position":2,"name":"Carrito | Amedis | Suministros M\u00e9dicos y Dentales"}]},{"@type":"WebSite","@id":"https:\/\/amedis.es\/tienda\/#website","url":"https:\/\/amedis.es\/tienda\/","name":"Amedis","description":"Suministros M\u00e9dicos y Dentales","publisher":{"@id":"https:\/\/amedis.es\/tienda\/#organization"},"potentialAction":[{"@type":"SearchAction","target":{"@type":"EntryPoint","urlTemplate":"https:\/\/amedis.es\/tienda\/?s={search_term_string}"},"query-input":{"@type":"PropertyValueSpecification","valueRequired":true,"valueName":"search_term_string"}}],"inLanguage":"es"},{"@type":"Organization","@id":"https:\/\/amedis.es\/tienda\/#organization","name":"Amedis | Suministros M\u00e9dicos y Dentales","url":"https:\/\/amedis.es\/tienda\/","logo":{"@type":"ImageObject","inLanguage":"es","@id":"https:\/\/amedis.es\/tienda\/#\/schema\/logo\/image\/","url":"https:\/\/amedis.es\/tienda\/wp-content\/uploads\/2020\/05\/logo-1.png","contentUrl":"https:\/\/amedis.es\/tienda\/wp-content\/uploads\/2020\/05\/logo-1.png","width":191,"height":80,"caption":"Amedis | Suministros M\u00e9dicos y Dentales"},"image":{"@id":"https:\/\/amedis.es\/tienda\/#\/schema\/logo\/image\/"}}]}},"_links":{"self":[{"href":"https:\/\/amedis.es\/tienda\/wp-json\/wp\/v2\/pages\/36","targetHints":{"allow":["GET"]}}],"collection":[{"href":"https:\/\/amedis.es\/tienda\/wp-json\/wp\/v2\/pages"}],"about":[{"href":"https:\/\/amedis.es\/tienda\/wp-json\/wp\/v2\/types\/page"}],"author":[{"embeddable":true,"href":"https:\/\/amedis.es\/tienda\/wp-json\/wp\/v2\/users\/1"}],"replies":[{"embeddable":true,"href":"https:\/\/amedis.es\/tienda\/wp-json\/wp\/v2\/comments?post=36"}],"version-history":[{"count":2,"href":"https:\/\/amedis.es\/tienda\/wp-json\/wp\/v2\/pages\/36\/revisions"}],"predecessor-version":[{"id":6771,"href":"https:\/\/amedis.es\/tienda\/wp-json\/wp\/v2\/pages\/36\/revisions\/6771"}],"wp:attachment":[{"href":"https:\/\/amedis.es\/tienda\/wp-json\/wp\/v2\/media?parent=36"}],"curies":[{"name":"wp","href":"https:\/\/api.w.org\/{rel}","templated":true}]}}